{"id":122895,"date":"2026-05-06T11:06:43","date_gmt":"2026-05-06T14:06:43","guid":{"rendered":"https:\/\/www.hediyepazar.com\/?product=3d-lazer-islemeli-geyik-kristal-kure-sicak-isikli-gece-aydinlatmasi"},"modified":"2026-05-06T11:06:43","modified_gmt":"2026-05-06T14:06:43","slug":"3d-lazer-islemeli-geyik-kristal-kure-sicak-isikli-gece-aydinlatmasi","status":"publish","type":"product","link":"https:\/\/www.hediyepazar.com\/?product=3d-lazer-islemeli-geyik-kristal-kure-sicak-isikli-gece-aydinlatmasi","title":{"rendered":"3D Lazer \u0130\u015flemeli Geyik Kristal K\u00fcre S\u0131cak I\u015f\u0131kl\u0131 Gece Ayd\u0131nlatmas\u0131"},"content":{"rendered":"<p>8 cm kristal k\u00fcre ve \u015f\u0131k ah\u015fap taban tasar\u0131m\u0131 modern, minimalist ve do\u011fal dekorasyon temalar\u0131yla kusursuz uyum sa\u011flar. Salon, yatak odas\u0131, \u00e7al\u0131\u015fma odas\u0131 veya ofiste dekoratif bir odak noktas\u0131 olu\u015fturur. Geyik fig\u00fcr\u00fcn\u00fcn do\u011fasal sembolizmi sayesinde mek\u00e2na huzur, sakinlik ve estetik bir de\u011fer katar.<\/p>\n","protected":false},"excerpt":{"rendered":"<p>8 cm kristal k\u00fcre ve \u015f\u0131k ah\u015fap taban tasar\u0131m\u0131 modern, minimalist ve do\u011fal dekorasyon temalar\u0131yla kusursuz uyum sa\u011flar. Salon, yatak odas\u0131, \u00e7al\u0131\u015fma odas\u0131 veya ofiste dekoratif bir odak noktas\u0131 olu\u015fturur. Geyik fig\u00fcr\u00fcn\u00fcn do\u011fasal sembolizmi sayesinde mek\u00e2na huzur, sakinlik ve estetik bir de\u011fer katar.<\/p>\n","protected":false},"featured_media":122894,"comment_status":"open","ping_status":"closed","template":"","meta":{"_kad_post_transparent":"","_kad_post_title":"","_kad_post_layout":"","_kad_post_sidebar_id":"","_kad_post_content_style":"","_kad_post_vertical_padding":"","_kad_post_feature":"","_kad_post_feature_position":"","_kad_post_header":false,"_kad_post_footer":false,"_kad_post_classname":""},"product_brand":[],"product_cat":[14940],"product_tag":[],"class_list":{"0":"post-122895","1":"product","2":"type-product","3":"status-publish","4":"has-post-thumbnail","6":"product_cat-dekoratif-obje-biblo-dekoratif-obje-biblo","8":"first","9":"instock","10":"purchasable","11":"product-type-simple","12":"entry","13":"content-bg","14":"loop-entry"},"_links":{"self":[{"href":"https:\/\/www.hediyepazar.com\/index.php?rest_route=\/wp\/v2\/product\/122895","targetHints":{"allow":["GET"]}}],"collection":[{"href":"https:\/\/www.hediyepazar.com\/index.php?rest_route=\/wp\/v2\/product"}],"about":[{"href":"https:\/\/www.hediyepazar.com\/index.php?rest_route=\/wp\/v2\/types\/product"}],"replies":[{"embeddable":true,"href":"https:\/\/www.hediyepazar.com\/index.php?rest_route=%2Fwp%2Fv2%2Fcomments&post=122895"}],"wp:featuredmedia":[{"embeddable":true,"href":"https:\/\/www.hediyepazar.com\/index.php?rest_route=\/wp\/v2\/media\/122894"}],"wp:attachment":[{"href":"https:\/\/www.hediyepazar.com\/index.php?rest_route=%2Fwp%2Fv2%2Fmedia&parent=122895"}],"wp:term":[{"taxonomy":"product_brand","embeddable":true,"href":"https:\/\/www.hediyepazar.com\/index.php?rest_route=%2Fwp%2Fv2%2Fproduct_brand&post=122895"},{"taxonomy":"product_cat","embeddable":true,"href":"https:\/\/www.hediyepazar.com\/index.php?rest_route=%2Fwp%2Fv2%2Fproduct_cat&post=122895"},{"taxonomy":"product_tag","embeddable":true,"href":"https:\/\/www.hediyepazar.com\/index.php?rest_route=%2Fwp%2Fv2%2Fproduct_tag&post=122895"}],"curies":[{"name":"wp","href":"https:\/\/api.w.org\/{rel}","templated":true}]}}