{"id":122897,"date":"2026-05-06T11:06:50","date_gmt":"2026-05-06T14:06:50","guid":{"rendered":"https:\/\/www.hediyepazar.com\/?product=led-isikli-geyikli-kristal-kure-ahsap-standli-modern-dekor-lamba"},"modified":"2026-05-06T11:06:50","modified_gmt":"2026-05-06T14:06:50","slug":"led-isikli-geyikli-kristal-kure-ahsap-standli-modern-dekor-lamba","status":"publish","type":"product","link":"https:\/\/www.hediyepazar.com\/?product=led-isikli-geyikli-kristal-kure-ahsap-standli-modern-dekor-lamba","title":{"rendered":"LED I\u015f\u0131kl\u0131 Geyikli Kristal K\u00fcre Ah\u015fap Standl\u0131 Modern Dekor Lamba"},"content":{"rendered":"<p>Geyikli kristal k\u00fcre, s\u0131cak LED \u0131\u015f\u0131\u011f\u0131 sayesinde ak\u015fam saatlerinde yumu\u015fak ve huzurlu bir ambiyans olu\u015fturur. Lo\u015f, rahats\u0131z etmeyen ve g\u00f6z yormayan \u0131\u015f\u0131k sayesinde yatak odas\u0131 ve dinlenme alanlar\u0131nda ideal bir ayd\u0131nlatma sa\u011flar. Geyik fig\u00fcr\u00fc \u0131\u015f\u0131kla birle\u015fti\u011finde ortama masals\u0131 bir atmosfer katar.<\/p>\n","protected":false},"excerpt":{"rendered":"<p>Geyikli kristal k\u00fcre, s\u0131cak LED \u0131\u015f\u0131\u011f\u0131 sayesinde ak\u015fam saatlerinde yumu\u015fak ve huzurlu bir ambiyans olu\u015fturur. Lo\u015f, rahats\u0131z etmeyen ve g\u00f6z yormayan \u0131\u015f\u0131k sayesinde yatak odas\u0131 ve dinlenme alanlar\u0131nda ideal bir ayd\u0131nlatma sa\u011flar. Geyik fig\u00fcr\u00fc \u0131\u015f\u0131kla birle\u015fti\u011finde ortama masals\u0131 bir atmosfer katar.<\/p>\n","protected":false},"featured_media":122896,"comment_status":"open","ping_status":"closed","template":"","meta":{"_kad_post_transparent":"","_kad_post_title":"","_kad_post_layout":"","_kad_post_sidebar_id":"","_kad_post_content_style":"","_kad_post_vertical_padding":"","_kad_post_feature":"","_kad_post_feature_position":"","_kad_post_header":false,"_kad_post_footer":false,"_kad_post_classname":""},"product_brand":[],"product_cat":[14940],"product_tag":[],"class_list":{"0":"post-122897","1":"product","2":"type-product","3":"status-publish","4":"has-post-thumbnail","6":"product_cat-dekoratif-obje-biblo-dekoratif-obje-biblo","8":"first","9":"instock","10":"purchasable","11":"product-type-simple","12":"entry","13":"content-bg","14":"loop-entry"},"_links":{"self":[{"href":"https:\/\/www.hediyepazar.com\/index.php?rest_route=\/wp\/v2\/product\/122897","targetHints":{"allow":["GET"]}}],"collection":[{"href":"https:\/\/www.hediyepazar.com\/index.php?rest_route=\/wp\/v2\/product"}],"about":[{"href":"https:\/\/www.hediyepazar.com\/index.php?rest_route=\/wp\/v2\/types\/product"}],"replies":[{"embeddable":true,"href":"https:\/\/www.hediyepazar.com\/index.php?rest_route=%2Fwp%2Fv2%2Fcomments&post=122897"}],"wp:featuredmedia":[{"embeddable":true,"href":"https:\/\/www.hediyepazar.com\/index.php?rest_route=\/wp\/v2\/media\/122896"}],"wp:attachment":[{"href":"https:\/\/www.hediyepazar.com\/index.php?rest_route=%2Fwp%2Fv2%2Fmedia&parent=122897"}],"wp:term":[{"taxonomy":"product_brand","embeddable":true,"href":"https:\/\/www.hediyepazar.com\/index.php?rest_route=%2Fwp%2Fv2%2Fproduct_brand&post=122897"},{"taxonomy":"product_cat","embeddable":true,"href":"https:\/\/www.hediyepazar.com\/index.php?rest_route=%2Fwp%2Fv2%2Fproduct_cat&post=122897"},{"taxonomy":"product_tag","embeddable":true,"href":"https:\/\/www.hediyepazar.com\/index.php?rest_route=%2Fwp%2Fv2%2Fproduct_tag&post=122897"}],"curies":[{"name":"wp","href":"https:\/\/api.w.org\/{rel}","templated":true}]}}