{"id":122911,"date":"2026-05-06T11:08:18","date_gmt":"2026-05-06T14:08:18","guid":{"rendered":"https:\/\/www.hediyepazar.com\/?product=lazer-islemeli-yunus-kristal-kure-sicak-isikli-ahsap-standli"},"modified":"2026-05-06T11:08:18","modified_gmt":"2026-05-06T14:08:18","slug":"lazer-islemeli-yunus-kristal-kure-sicak-isikli-ahsap-standli","status":"publish","type":"product","link":"https:\/\/www.hediyepazar.com\/?product=lazer-islemeli-yunus-kristal-kure-sicak-isikli-ahsap-standli","title":{"rendered":"Lazer \u0130\u015flemeli Yunus Kristal K\u00fcre S\u0131cak I\u015f\u0131kl\u0131 Ah\u015fap Standl\u0131"},"content":{"rendered":"<p>Kristal k\u00fcre ve ah\u015fap taban\u0131n uyumu, k\u00fc\u00e7\u00fck boyutuna ra\u011fmen g\u00fc\u00e7l\u00fc bir dekoratif etki yarat\u0131r. USB \u00fczerinden \u00e7al\u0131\u015fan tasar\u0131m\u0131, pratik kullan\u0131m sa\u011flar. Salon, yatak odas\u0131, \u00e7al\u0131\u015fma odas\u0131 ve ofis gibi her ortamda etkileyici bir dekoratif par\u00e7a olarak \u00f6ne \u00e7\u0131kar. \u015e\u0131k hediye alternatifleri aras\u0131nda da olduk\u00e7a pop\u00fclerdir.<\/p>\n","protected":false},"excerpt":{"rendered":"<p>Kristal k\u00fcre ve ah\u015fap taban\u0131n uyumu, k\u00fc\u00e7\u00fck boyutuna ra\u011fmen g\u00fc\u00e7l\u00fc bir dekoratif etki yarat\u0131r. USB \u00fczerinden \u00e7al\u0131\u015fan tasar\u0131m\u0131, pratik kullan\u0131m sa\u011flar. Salon, yatak odas\u0131, \u00e7al\u0131\u015fma odas\u0131 ve ofis gibi her ortamda etkileyici bir dekoratif par\u00e7a olarak \u00f6ne \u00e7\u0131kar. \u015e\u0131k hediye alternatifleri aras\u0131nda da olduk\u00e7a pop\u00fclerdir.<\/p>\n","protected":false},"featured_media":122910,"comment_status":"open","ping_status":"closed","template":"","meta":{"_kad_post_transparent":"","_kad_post_title":"","_kad_post_layout":"","_kad_post_sidebar_id":"","_kad_post_content_style":"","_kad_post_vertical_padding":"","_kad_post_feature":"","_kad_post_feature_position":"","_kad_post_header":false,"_kad_post_footer":false,"_kad_post_classname":""},"product_brand":[],"product_cat":[14940],"product_tag":[],"class_list":{"0":"post-122911","1":"product","2":"type-product","3":"status-publish","4":"has-post-thumbnail","6":"product_cat-dekoratif-obje-biblo-dekoratif-obje-biblo","8":"first","9":"instock","10":"purchasable","11":"product-type-simple","12":"entry","13":"content-bg","14":"loop-entry"},"_links":{"self":[{"href":"https:\/\/www.hediyepazar.com\/index.php?rest_route=\/wp\/v2\/product\/122911","targetHints":{"allow":["GET"]}}],"collection":[{"href":"https:\/\/www.hediyepazar.com\/index.php?rest_route=\/wp\/v2\/product"}],"about":[{"href":"https:\/\/www.hediyepazar.com\/index.php?rest_route=\/wp\/v2\/types\/product"}],"replies":[{"embeddable":true,"href":"https:\/\/www.hediyepazar.com\/index.php?rest_route=%2Fwp%2Fv2%2Fcomments&post=122911"}],"wp:featuredmedia":[{"embeddable":true,"href":"https:\/\/www.hediyepazar.com\/index.php?rest_route=\/wp\/v2\/media\/122910"}],"wp:attachment":[{"href":"https:\/\/www.hediyepazar.com\/index.php?rest_route=%2Fwp%2Fv2%2Fmedia&parent=122911"}],"wp:term":[{"taxonomy":"product_brand","embeddable":true,"href":"https:\/\/www.hediyepazar.com\/index.php?rest_route=%2Fwp%2Fv2%2Fproduct_brand&post=122911"},{"taxonomy":"product_cat","embeddable":true,"href":"https:\/\/www.hediyepazar.com\/index.php?rest_route=%2Fwp%2Fv2%2Fproduct_cat&post=122911"},{"taxonomy":"product_tag","embeddable":true,"href":"https:\/\/www.hediyepazar.com\/index.php?rest_route=%2Fwp%2Fv2%2Fproduct_tag&post=122911"}],"curies":[{"name":"wp","href":"https:\/\/api.w.org\/{rel}","templated":true}]}}