{"id":122913,"date":"2026-05-06T11:08:23","date_gmt":"2026-05-06T14:08:23","guid":{"rendered":"https:\/\/www.hediyepazar.com\/?product=yunus-temali-kristal-kure-usb-isikli-ahsap-altlikli-gece-lambasi"},"modified":"2026-05-06T11:08:23","modified_gmt":"2026-05-06T14:08:23","slug":"yunus-temali-kristal-kure-usb-isikli-ahsap-altlikli-gece-lambasi","status":"publish","type":"product","link":"https:\/\/www.hediyepazar.com\/?product=yunus-temali-kristal-kure-usb-isikli-ahsap-altlikli-gece-lambasi","title":{"rendered":"Yunus Temal\u0131 Kristal K\u00fcre USB I\u015f\u0131kl\u0131 Ah\u015fap Altl\u0131kl\u0131 Gece Lambas\u0131"},"content":{"rendered":"<p>Yumu\u015fak LED \u0131\u015f\u0131\u011f\u0131yla odan\u0131za sakinlik ve huzur getiren bu kristal k\u00fcre, meditasyon, yoga, kitap okuma gibi anlarda ho\u015f bir atmosfer sunar. Yunus fig\u00fcr\u00fc, pozitif enerji ve huzur temas\u0131yla dekorasyona anlam katar. Kompakt boyutu sayesinde her alanda rahat\u00e7a konumland\u0131r\u0131labilir.<\/p>\n","protected":false},"excerpt":{"rendered":"<p>Yumu\u015fak LED \u0131\u015f\u0131\u011f\u0131yla odan\u0131za sakinlik ve huzur getiren bu kristal k\u00fcre, meditasyon, yoga, kitap okuma gibi anlarda ho\u015f bir atmosfer sunar. Yunus fig\u00fcr\u00fc, pozitif enerji ve huzur temas\u0131yla dekorasyona anlam katar. Kompakt boyutu sayesinde her alanda rahat\u00e7a konumland\u0131r\u0131labilir.<\/p>\n","protected":false},"featured_media":122912,"comment_status":"open","ping_status":"closed","template":"","meta":{"_kad_post_transparent":"","_kad_post_title":"","_kad_post_layout":"","_kad_post_sidebar_id":"","_kad_post_content_style":"","_kad_post_vertical_padding":"","_kad_post_feature":"","_kad_post_feature_position":"","_kad_post_header":false,"_kad_post_footer":false,"_kad_post_classname":""},"product_brand":[],"product_cat":[14940],"product_tag":[],"class_list":{"0":"post-122913","1":"product","2":"type-product","3":"status-publish","4":"has-post-thumbnail","6":"product_cat-dekoratif-obje-biblo-dekoratif-obje-biblo","8":"first","9":"instock","10":"purchasable","11":"product-type-simple","12":"entry","13":"content-bg","14":"loop-entry"},"_links":{"self":[{"href":"https:\/\/www.hediyepazar.com\/index.php?rest_route=\/wp\/v2\/product\/122913","targetHints":{"allow":["GET"]}}],"collection":[{"href":"https:\/\/www.hediyepazar.com\/index.php?rest_route=\/wp\/v2\/product"}],"about":[{"href":"https:\/\/www.hediyepazar.com\/index.php?rest_route=\/wp\/v2\/types\/product"}],"replies":[{"embeddable":true,"href":"https:\/\/www.hediyepazar.com\/index.php?rest_route=%2Fwp%2Fv2%2Fcomments&post=122913"}],"wp:featuredmedia":[{"embeddable":true,"href":"https:\/\/www.hediyepazar.com\/index.php?rest_route=\/wp\/v2\/media\/122912"}],"wp:attachment":[{"href":"https:\/\/www.hediyepazar.com\/index.php?rest_route=%2Fwp%2Fv2%2Fmedia&parent=122913"}],"wp:term":[{"taxonomy":"product_brand","embeddable":true,"href":"https:\/\/www.hediyepazar.com\/index.php?rest_route=%2Fwp%2Fv2%2Fproduct_brand&post=122913"},{"taxonomy":"product_cat","embeddable":true,"href":"https:\/\/www.hediyepazar.com\/index.php?rest_route=%2Fwp%2Fv2%2Fproduct_cat&post=122913"},{"taxonomy":"product_tag","embeddable":true,"href":"https:\/\/www.hediyepazar.com\/index.php?rest_route=%2Fwp%2Fv2%2Fproduct_tag&post=122913"}],"curies":[{"name":"wp","href":"https:\/\/api.w.org\/{rel}","templated":true}]}}