{"id":122917,"date":"2026-05-06T11:10:25","date_gmt":"2026-05-06T14:10:25","guid":{"rendered":"https:\/\/www.hediyepazar.com\/?product=3d-yunus-desenli-kristal-kure-ahsap-tabanli-isikli-dekor-objesi"},"modified":"2026-05-06T11:10:25","modified_gmt":"2026-05-06T14:10:25","slug":"3d-yunus-desenli-kristal-kure-ahsap-tabanli-isikli-dekor-objesi","status":"publish","type":"product","link":"https:\/\/www.hediyepazar.com\/?product=3d-yunus-desenli-kristal-kure-ahsap-tabanli-isikli-dekor-objesi","title":{"rendered":"3D Yunus Desenli Kristal K\u00fcre Ah\u015fap Tabanl\u0131 I\u015f\u0131kl\u0131 Dekor Objesi"},"content":{"rendered":"<p>Kristal k\u00fcre i\u00e7erisinde yer alan 3 boyutlu yunus deseni, y\u00fcksek \u00e7\u00f6z\u00fcn\u00fcrl\u00fckl\u00fc lazer i\u015f\u00e7ili\u011fi ile \u00fcretilmi\u015f olup \u0131\u015f\u0131k yand\u0131\u011f\u0131nda derinlik hissi olu\u015fturur. Ah\u015fap taban, kristal k\u00fcreyle m\u00fckemmel uyum sa\u011flayarak modern ve do\u011fal bir g\u00f6r\u00fcn\u00fcm sunar. Hem dekoratif obje hem de gece lambas\u0131 olarak kullan\u0131labilir.<\/p>\n","protected":false},"excerpt":{"rendered":"<p>Kristal k\u00fcre i\u00e7erisinde yer alan 3 boyutlu yunus deseni, y\u00fcksek \u00e7\u00f6z\u00fcn\u00fcrl\u00fckl\u00fc lazer i\u015f\u00e7ili\u011fi ile \u00fcretilmi\u015f olup \u0131\u015f\u0131k yand\u0131\u011f\u0131nda derinlik hissi olu\u015fturur. Ah\u015fap taban, kristal k\u00fcreyle m\u00fckemmel uyum sa\u011flayarak modern ve do\u011fal bir g\u00f6r\u00fcn\u00fcm sunar. Hem dekoratif obje hem de gece lambas\u0131 olarak kullan\u0131labilir.<\/p>\n","protected":false},"featured_media":122916,"comment_status":"open","ping_status":"closed","template":"","meta":{"_kad_post_transparent":"","_kad_post_title":"","_kad_post_layout":"","_kad_post_sidebar_id":"","_kad_post_content_style":"","_kad_post_vertical_padding":"","_kad_post_feature":"","_kad_post_feature_position":"","_kad_post_header":false,"_kad_post_footer":false,"_kad_post_classname":""},"product_brand":[],"product_cat":[14940],"product_tag":[],"class_list":{"0":"post-122917","1":"product","2":"type-product","3":"status-publish","4":"has-post-thumbnail","6":"product_cat-dekoratif-obje-biblo-dekoratif-obje-biblo","8":"first","9":"instock","10":"purchasable","11":"product-type-simple","12":"entry","13":"content-bg","14":"loop-entry"},"_links":{"self":[{"href":"https:\/\/www.hediyepazar.com\/index.php?rest_route=\/wp\/v2\/product\/122917","targetHints":{"allow":["GET"]}}],"collection":[{"href":"https:\/\/www.hediyepazar.com\/index.php?rest_route=\/wp\/v2\/product"}],"about":[{"href":"https:\/\/www.hediyepazar.com\/index.php?rest_route=\/wp\/v2\/types\/product"}],"replies":[{"embeddable":true,"href":"https:\/\/www.hediyepazar.com\/index.php?rest_route=%2Fwp%2Fv2%2Fcomments&post=122917"}],"wp:featuredmedia":[{"embeddable":true,"href":"https:\/\/www.hediyepazar.com\/index.php?rest_route=\/wp\/v2\/media\/122916"}],"wp:attachment":[{"href":"https:\/\/www.hediyepazar.com\/index.php?rest_route=%2Fwp%2Fv2%2Fmedia&parent=122917"}],"wp:term":[{"taxonomy":"product_brand","embeddable":true,"href":"https:\/\/www.hediyepazar.com\/index.php?rest_route=%2Fwp%2Fv2%2Fproduct_brand&post=122917"},{"taxonomy":"product_cat","embeddable":true,"href":"https:\/\/www.hediyepazar.com\/index.php?rest_route=%2Fwp%2Fv2%2Fproduct_cat&post=122917"},{"taxonomy":"product_tag","embeddable":true,"href":"https:\/\/www.hediyepazar.com\/index.php?rest_route=%2Fwp%2Fv2%2Fproduct_tag&post=122917"}],"curies":[{"name":"wp","href":"https:\/\/api.w.org\/{rel}","templated":true}]}}