{"id":122919,"date":"2026-05-06T11:12:04","date_gmt":"2026-05-06T14:12:04","guid":{"rendered":"https:\/\/www.hediyepazar.com\/?product=yunus-figurlu-led-kristal-kure-ahsap-standli-dekoratif-gece-lambasi"},"modified":"2026-05-06T11:12:04","modified_gmt":"2026-05-06T14:12:04","slug":"yunus-figurlu-led-kristal-kure-ahsap-standli-dekoratif-gece-lambasi","status":"publish","type":"product","link":"https:\/\/www.hediyepazar.com\/?product=yunus-figurlu-led-kristal-kure-ahsap-standli-dekoratif-gece-lambasi","title":{"rendered":"Yunus Fig\u00fcrl\u00fc LED Kristal K\u00fcre Ah\u015fap Standl\u0131 Dekoratif Gece Lambas\u0131"},"content":{"rendered":"<p>Yunus temal\u0131 LED kristal k\u00fcre, i\u00e7indeki lazer i\u015fleme sayesinde \u0131\u015f\u0131k vurdu\u011funda son derece canl\u0131 ve etkileyici bir g\u00f6r\u00fcn\u00fcm sunar. Kristalin berrak yap\u0131s\u0131 \u0131\u015f\u0131\u011f\u0131 m\u00fckemmel \u015fekilde yans\u0131t\u0131rken ah\u015fap taban s\u0131cak bir atmosfer olu\u015fturur. USB ile \u00e7al\u0131\u015fan yap\u0131s\u0131 sayesinde i\u015flevsel ve pratiktir. Yatak odas\u0131, \u00e7al\u0131\u015fma masas\u0131 veya salon dekorasyonuna zarif bir dokunu\u015f katar.<\/p>\n","protected":false},"excerpt":{"rendered":"<p>Yunus temal\u0131 LED kristal k\u00fcre, i\u00e7indeki lazer i\u015fleme sayesinde \u0131\u015f\u0131k vurdu\u011funda son derece canl\u0131 ve etkileyici bir g\u00f6r\u00fcn\u00fcm sunar. Kristalin berrak yap\u0131s\u0131 \u0131\u015f\u0131\u011f\u0131 m\u00fckemmel \u015fekilde yans\u0131t\u0131rken ah\u015fap taban s\u0131cak bir atmosfer olu\u015fturur. USB ile \u00e7al\u0131\u015fan yap\u0131s\u0131 sayesinde i\u015flevsel ve pratiktir. Yatak odas\u0131, \u00e7al\u0131\u015fma masas\u0131 veya salon dekorasyonuna zarif bir dokunu\u015f katar.<\/p>\n","protected":false},"featured_media":122918,"comment_status":"open","ping_status":"closed","template":"","meta":{"_kad_post_transparent":"","_kad_post_title":"","_kad_post_layout":"","_kad_post_sidebar_id":"","_kad_post_content_style":"","_kad_post_vertical_padding":"","_kad_post_feature":"","_kad_post_feature_position":"","_kad_post_header":false,"_kad_post_footer":false,"_kad_post_classname":""},"product_brand":[],"product_cat":[14940],"product_tag":[],"class_list":{"0":"post-122919","1":"product","2":"type-product","3":"status-publish","4":"has-post-thumbnail","6":"product_cat-dekoratif-obje-biblo-dekoratif-obje-biblo","8":"first","9":"instock","10":"purchasable","11":"product-type-simple","12":"entry","13":"content-bg","14":"loop-entry"},"_links":{"self":[{"href":"https:\/\/www.hediyepazar.com\/index.php?rest_route=\/wp\/v2\/product\/122919","targetHints":{"allow":["GET"]}}],"collection":[{"href":"https:\/\/www.hediyepazar.com\/index.php?rest_route=\/wp\/v2\/product"}],"about":[{"href":"https:\/\/www.hediyepazar.com\/index.php?rest_route=\/wp\/v2\/types\/product"}],"replies":[{"embeddable":true,"href":"https:\/\/www.hediyepazar.com\/index.php?rest_route=%2Fwp%2Fv2%2Fcomments&post=122919"}],"wp:featuredmedia":[{"embeddable":true,"href":"https:\/\/www.hediyepazar.com\/index.php?rest_route=\/wp\/v2\/media\/122918"}],"wp:attachment":[{"href":"https:\/\/www.hediyepazar.com\/index.php?rest_route=%2Fwp%2Fv2%2Fmedia&parent=122919"}],"wp:term":[{"taxonomy":"product_brand","embeddable":true,"href":"https:\/\/www.hediyepazar.com\/index.php?rest_route=%2Fwp%2Fv2%2Fproduct_brand&post=122919"},{"taxonomy":"product_cat","embeddable":true,"href":"https:\/\/www.hediyepazar.com\/index.php?rest_route=%2Fwp%2Fv2%2Fproduct_cat&post=122919"},{"taxonomy":"product_tag","embeddable":true,"href":"https:\/\/www.hediyepazar.com\/index.php?rest_route=%2Fwp%2Fv2%2Fproduct_tag&post=122919"}],"curies":[{"name":"wp","href":"https:\/\/api.w.org\/{rel}","templated":true}]}}