{"id":122923,"date":"2026-05-06T11:12:28","date_gmt":"2026-05-06T14:12:28","guid":{"rendered":"https:\/\/www.hediyepazar.com\/?product=ahsap-standli-led-kristal-kure-lazer-islemeli-dekoratif-obje"},"modified":"2026-05-06T11:12:28","modified_gmt":"2026-05-06T14:12:28","slug":"ahsap-standli-led-kristal-kure-lazer-islemeli-dekoratif-obje","status":"publish","type":"product","link":"https:\/\/www.hediyepazar.com\/?product=ahsap-standli-led-kristal-kure-lazer-islemeli-dekoratif-obje","title":{"rendered":"Ah\u015fap Standl\u0131 LED Kristal K\u00fcre Lazer \u0130\u015flemeli Dekoratif Obje"},"content":{"rendered":"<p>Bu yarat\u0131c\u0131 Kristal Gezegen K\u00fcresi, hem dekoratif obje hem de gece lambas\u0131 olarak kullan\u0131labilen etkileyici bir tasar\u0131md\u0131r. Ah\u015fap taban\u0131 do\u011fal bir g\u00f6r\u00fcn\u00fcm sa\u011flarken kristal k\u00fcre i\u00e7indeki motif \u0131\u015f\u0131kla birle\u015fti\u011finde b\u00fcy\u00fcleyici bir parlakl\u0131k yayar. Yumu\u015fak LED \u0131\u015f\u0131\u011f\u0131 g\u00f6z yormaz ve odan\u0131za s\u0131cak bir ambiyans kazand\u0131r\u0131r. USB giri\u015fli tasar\u0131m\u0131 sayesinde powerbank, bilgisayar veya telefon adapt\u00f6r\u00fc ile kolayl\u0131kla \u00e7al\u0131\u015f\u0131r.<\/p>\n","protected":false},"excerpt":{"rendered":"<p>Bu yarat\u0131c\u0131 Kristal Gezegen K\u00fcresi, hem dekoratif obje hem de gece lambas\u0131 olarak kullan\u0131labilen etkileyici bir tasar\u0131md\u0131r. Ah\u015fap taban\u0131 do\u011fal bir g\u00f6r\u00fcn\u00fcm sa\u011flarken kristal k\u00fcre i\u00e7indeki motif \u0131\u015f\u0131kla birle\u015fti\u011finde b\u00fcy\u00fcleyici bir parlakl\u0131k yayar. Yumu\u015fak LED \u0131\u015f\u0131\u011f\u0131 g\u00f6z yormaz ve odan\u0131za s\u0131cak bir ambiyans kazand\u0131r\u0131r. USB giri\u015fli tasar\u0131m\u0131 sayesinde powerbank, bilgisayar veya telefon adapt\u00f6r\u00fc ile kolayl\u0131kla&#8230;<\/p>\n","protected":false},"featured_media":122922,"comment_status":"open","ping_status":"closed","template":"","meta":{"_kad_post_transparent":"","_kad_post_title":"","_kad_post_layout":"","_kad_post_sidebar_id":"","_kad_post_content_style":"","_kad_post_vertical_padding":"","_kad_post_feature":"","_kad_post_feature_position":"","_kad_post_header":false,"_kad_post_footer":false,"_kad_post_classname":""},"product_brand":[],"product_cat":[14940],"product_tag":[],"class_list":{"0":"post-122923","1":"product","2":"type-product","3":"status-publish","4":"has-post-thumbnail","6":"product_cat-dekoratif-obje-biblo-dekoratif-obje-biblo","8":"first","9":"instock","10":"purchasable","11":"product-type-simple","12":"entry","13":"content-bg","14":"loop-entry"},"_links":{"self":[{"href":"https:\/\/www.hediyepazar.com\/index.php?rest_route=\/wp\/v2\/product\/122923","targetHints":{"allow":["GET"]}}],"collection":[{"href":"https:\/\/www.hediyepazar.com\/index.php?rest_route=\/wp\/v2\/product"}],"about":[{"href":"https:\/\/www.hediyepazar.com\/index.php?rest_route=\/wp\/v2\/types\/product"}],"replies":[{"embeddable":true,"href":"https:\/\/www.hediyepazar.com\/index.php?rest_route=%2Fwp%2Fv2%2Fcomments&post=122923"}],"wp:featuredmedia":[{"embeddable":true,"href":"https:\/\/www.hediyepazar.com\/index.php?rest_route=\/wp\/v2\/media\/122922"}],"wp:attachment":[{"href":"https:\/\/www.hediyepazar.com\/index.php?rest_route=%2Fwp%2Fv2%2Fmedia&parent=122923"}],"wp:term":[{"taxonomy":"product_brand","embeddable":true,"href":"https:\/\/www.hediyepazar.com\/index.php?rest_route=%2Fwp%2Fv2%2Fproduct_brand&post=122923"},{"taxonomy":"product_cat","embeddable":true,"href":"https:\/\/www.hediyepazar.com\/index.php?rest_route=%2Fwp%2Fv2%2Fproduct_cat&post=122923"},{"taxonomy":"product_tag","embeddable":true,"href":"https:\/\/www.hediyepazar.com\/index.php?rest_route=%2Fwp%2Fv2%2Fproduct_tag&post=122923"}],"curies":[{"name":"wp","href":"https:\/\/api.w.org\/{rel}","templated":true}]}}