{"id":122927,"date":"2026-05-06T11:12:42","date_gmt":"2026-05-06T14:12:42","guid":{"rendered":"https:\/\/www.hediyepazar.com\/?product=kristal-gezegen-kure-ahsap-tabanli-usb-isikli-gece-lambasi"},"modified":"2026-05-06T11:12:42","modified_gmt":"2026-05-06T14:12:42","slug":"kristal-gezegen-kure-ahsap-tabanli-usb-isikli-gece-lambasi","status":"publish","type":"product","link":"https:\/\/www.hediyepazar.com\/?product=kristal-gezegen-kure-ahsap-tabanli-usb-isikli-gece-lambasi","title":{"rendered":"Kristal Gezegen K\u00fcre Ah\u015fap Tabanl\u0131 USB I\u015f\u0131kl\u0131 Gece Lambas\u0131"},"content":{"rendered":"<p>Modern ve minimalist tasar\u0131m\u0131yla dikkat \u00e7eken Kristal Gezegen K\u00fcresi, LED \u0131\u015f\u0131k teknolojisi sayesinde her ortama \u015f\u0131k bir atmosfer kazand\u0131r\u0131r. Cam k\u00fcrenin i\u00e7indeki desen \u0131\u015f\u0131kla birle\u015fti\u011finde canl\u0131 bir galaksi g\u00f6r\u00fcn\u00fcm\u00fc ortaya \u00e7\u0131kar. USB ile \u00e7al\u0131\u015fan ah\u015fap stand pratik kullan\u0131m sunar ve farkl\u0131 g\u00fc\u00e7 kaynaklar\u0131na ba\u011flanabilir. Hem ev hem ofis dekorasyonunda kullan\u0131labilecek \u00f6zel bir obje olup, hediye alternatifi olarak da olduk\u00e7a pop\u00fclerdir.<\/p>\n","protected":false},"excerpt":{"rendered":"<p>Modern ve minimalist tasar\u0131m\u0131yla dikkat \u00e7eken Kristal Gezegen K\u00fcresi, LED \u0131\u015f\u0131k teknolojisi sayesinde her ortama \u015f\u0131k bir atmosfer kazand\u0131r\u0131r. Cam k\u00fcrenin i\u00e7indeki desen \u0131\u015f\u0131kla birle\u015fti\u011finde canl\u0131 bir galaksi g\u00f6r\u00fcn\u00fcm\u00fc ortaya \u00e7\u0131kar. USB ile \u00e7al\u0131\u015fan ah\u015fap stand pratik kullan\u0131m sunar ve farkl\u0131 g\u00fc\u00e7 kaynaklar\u0131na ba\u011flanabilir. Hem ev hem ofis dekorasyonunda kullan\u0131labilecek \u00f6zel bir obje olup, hediye&#8230;<\/p>\n","protected":false},"featured_media":122926,"comment_status":"open","ping_status":"closed","template":"","meta":{"_kad_post_transparent":"","_kad_post_title":"","_kad_post_layout":"","_kad_post_sidebar_id":"","_kad_post_content_style":"","_kad_post_vertical_padding":"","_kad_post_feature":"","_kad_post_feature_position":"","_kad_post_header":false,"_kad_post_footer":false,"_kad_post_classname":""},"product_brand":[],"product_cat":[14940],"product_tag":[],"class_list":{"0":"post-122927","1":"product","2":"type-product","3":"status-publish","4":"has-post-thumbnail","6":"product_cat-dekoratif-obje-biblo-dekoratif-obje-biblo","8":"first","9":"instock","10":"purchasable","11":"product-type-simple","12":"entry","13":"content-bg","14":"loop-entry"},"_links":{"self":[{"href":"https:\/\/www.hediyepazar.com\/index.php?rest_route=\/wp\/v2\/product\/122927","targetHints":{"allow":["GET"]}}],"collection":[{"href":"https:\/\/www.hediyepazar.com\/index.php?rest_route=\/wp\/v2\/product"}],"about":[{"href":"https:\/\/www.hediyepazar.com\/index.php?rest_route=\/wp\/v2\/types\/product"}],"replies":[{"embeddable":true,"href":"https:\/\/www.hediyepazar.com\/index.php?rest_route=%2Fwp%2Fv2%2Fcomments&post=122927"}],"wp:featuredmedia":[{"embeddable":true,"href":"https:\/\/www.hediyepazar.com\/index.php?rest_route=\/wp\/v2\/media\/122926"}],"wp:attachment":[{"href":"https:\/\/www.hediyepazar.com\/index.php?rest_route=%2Fwp%2Fv2%2Fmedia&parent=122927"}],"wp:term":[{"taxonomy":"product_brand","embeddable":true,"href":"https:\/\/www.hediyepazar.com\/index.php?rest_route=%2Fwp%2Fv2%2Fproduct_brand&post=122927"},{"taxonomy":"product_cat","embeddable":true,"href":"https:\/\/www.hediyepazar.com\/index.php?rest_route=%2Fwp%2Fv2%2Fproduct_cat&post=122927"},{"taxonomy":"product_tag","embeddable":true,"href":"https:\/\/www.hediyepazar.com\/index.php?rest_route=%2Fwp%2Fv2%2Fproduct_tag&post=122927"}],"curies":[{"name":"wp","href":"https:\/\/api.w.org\/{rel}","templated":true}]}}