{"id":122960,"date":"2026-05-06T11:23:03","date_gmt":"2026-05-06T14:23:03","guid":{"rendered":"https:\/\/www.hediyepazar.com\/?product=kucuk-prens-isikli-kure-lamba-ahsap-taban-buyuk-boy-hediyelik"},"modified":"2026-05-06T11:23:03","modified_gmt":"2026-05-06T14:23:03","slug":"kucuk-prens-isikli-kure-lamba-ahsap-taban-buyuk-boy-hediyelik","status":"publish","type":"product","link":"https:\/\/www.hediyepazar.com\/?product=kucuk-prens-isikli-kure-lamba-ahsap-taban-buyuk-boy-hediyelik","title":{"rendered":"K\u00fc\u00e7\u00fck Prens I\u015f\u0131kl\u0131 K\u00fcre Lamba Ah\u015fap Taban B\u00fcy\u00fck Boy Hediyelik"},"content":{"rendered":"<p>8 cm b\u00fcy\u00fck boy cam k\u00fcre, dekoratif boyutuyla bulundug\u0306u ortamda g\u00fc\u00e7l\u00fc bir g\u00f6rsel etki yarat\u0131r. \u00dcst k\u0131sm\u0131 tamamen camdan \u00fcretilmi\u015f olup \u0131\u015f\u0131\u011f\u0131 yumu\u015fak \u015fekilde da\u011f\u0131t\u0131r. Alt k\u0131sm\u0131 ah\u015fap malzemeden \u00fcretildi\u011fi i\u00e7in do\u011fal bir g\u00f6r\u00fcn\u00fcm sunar. K\u00fc\u00e7\u00fck Prens temal\u0131 tasar\u0131m\u0131, \u00f6zellikle modern, minimal ve nostaljik dekorasyon tarzlar\u0131yla \u00e7ok iyi uyum sa\u011flar. Gece lambas\u0131 olarak da kullan\u0131labilir.<\/p>\n","protected":false},"excerpt":{"rendered":"<p>8 cm b\u00fcy\u00fck boy cam k\u00fcre, dekoratif boyutuyla bulundug\u0306u ortamda g\u00fc\u00e7l\u00fc bir g\u00f6rsel etki yarat\u0131r. \u00dcst k\u0131sm\u0131 tamamen camdan \u00fcretilmi\u015f olup \u0131\u015f\u0131\u011f\u0131 yumu\u015fak \u015fekilde da\u011f\u0131t\u0131r. Alt k\u0131sm\u0131 ah\u015fap malzemeden \u00fcretildi\u011fi i\u00e7in do\u011fal bir g\u00f6r\u00fcn\u00fcm sunar. K\u00fc\u00e7\u00fck Prens temal\u0131 tasar\u0131m\u0131, \u00f6zellikle modern, minimal ve nostaljik dekorasyon tarzlar\u0131yla \u00e7ok iyi uyum sa\u011flar. Gece lambas\u0131 olarak da kullan\u0131labilir.<\/p>\n","protected":false},"featured_media":122959,"comment_status":"open","ping_status":"closed","template":"","meta":{"_kad_post_transparent":"","_kad_post_title":"","_kad_post_layout":"","_kad_post_sidebar_id":"","_kad_post_content_style":"","_kad_post_vertical_padding":"","_kad_post_feature":"","_kad_post_feature_position":"","_kad_post_header":false,"_kad_post_footer":false,"_kad_post_classname":""},"product_brand":[],"product_cat":[14940],"product_tag":[],"class_list":{"0":"post-122960","1":"product","2":"type-product","3":"status-publish","4":"has-post-thumbnail","6":"product_cat-dekoratif-obje-biblo-dekoratif-obje-biblo","8":"first","9":"instock","10":"purchasable","11":"product-type-simple","12":"entry","13":"content-bg","14":"loop-entry"},"_links":{"self":[{"href":"https:\/\/www.hediyepazar.com\/index.php?rest_route=\/wp\/v2\/product\/122960","targetHints":{"allow":["GET"]}}],"collection":[{"href":"https:\/\/www.hediyepazar.com\/index.php?rest_route=\/wp\/v2\/product"}],"about":[{"href":"https:\/\/www.hediyepazar.com\/index.php?rest_route=\/wp\/v2\/types\/product"}],"replies":[{"embeddable":true,"href":"https:\/\/www.hediyepazar.com\/index.php?rest_route=%2Fwp%2Fv2%2Fcomments&post=122960"}],"wp:featuredmedia":[{"embeddable":true,"href":"https:\/\/www.hediyepazar.com\/index.php?rest_route=\/wp\/v2\/media\/122959"}],"wp:attachment":[{"href":"https:\/\/www.hediyepazar.com\/index.php?rest_route=%2Fwp%2Fv2%2Fmedia&parent=122960"}],"wp:term":[{"taxonomy":"product_brand","embeddable":true,"href":"https:\/\/www.hediyepazar.com\/index.php?rest_route=%2Fwp%2Fv2%2Fproduct_brand&post=122960"},{"taxonomy":"product_cat","embeddable":true,"href":"https:\/\/www.hediyepazar.com\/index.php?rest_route=%2Fwp%2Fv2%2Fproduct_cat&post=122960"},{"taxonomy":"product_tag","embeddable":true,"href":"https:\/\/www.hediyepazar.com\/index.php?rest_route=%2Fwp%2Fv2%2Fproduct_tag&post=122960"}],"curies":[{"name":"wp","href":"https:\/\/api.w.org\/{rel}","templated":true}]}}