{"id":122964,"date":"2026-05-06T11:23:21","date_gmt":"2026-05-06T14:23:21","guid":{"rendered":"https:\/\/www.hediyepazar.com\/?product=kucuk-prens-temali-buyuk-boy-isikli-cam-kure-ahsap-stand"},"modified":"2026-05-06T11:23:21","modified_gmt":"2026-05-06T14:23:21","slug":"kucuk-prens-temali-buyuk-boy-isikli-cam-kure-ahsap-stand","status":"publish","type":"product","link":"https:\/\/www.hediyepazar.com\/?product=kucuk-prens-temali-buyuk-boy-isikli-cam-kure-ahsap-stand","title":{"rendered":"K\u00fc\u00e7\u00fck Prens Temal\u0131 B\u00fcy\u00fck Boy I\u015f\u0131kl\u0131 Cam K\u00fcre Ah\u015fap Stand"},"content":{"rendered":"<p>K\u00fc\u00e7\u00fck Prens cam k\u00fcre lambas\u0131, USB ba\u011flant\u0131 \u00f6zelli\u011fi sayesinde her ortamda kolayca kullan\u0131labilir. Bilgisayar, powerbank veya adapt\u00f6r \u00fczerinden h\u0131zl\u0131ca \u00e7al\u0131\u015ft\u0131r\u0131l\u0131r. Ah\u015fap altl\u0131k, k\u00fcreyi sabit tutar ve kaymay\u0131 engeller. B\u00fcy\u00fck boy 8 cm cam k\u00fcre yap\u0131s\u0131, \u0131\u015f\u0131k a\u00e7\u0131kken etkileyici bir par\u0131lt\u0131 olu\u015fturur. Hem gece lambas\u0131 olarak hem dekoratif obje olarak kullan\u0131m i\u00e7in idealdir. Odalara s\u0131cak, romantik ve sakinle\u015ftirici bir \u0131\u015f\u0131k yayar.<\/p>\n","protected":false},"excerpt":{"rendered":"<p>K\u00fc\u00e7\u00fck Prens cam k\u00fcre lambas\u0131, USB ba\u011flant\u0131 \u00f6zelli\u011fi sayesinde her ortamda kolayca kullan\u0131labilir. Bilgisayar, powerbank veya adapt\u00f6r \u00fczerinden h\u0131zl\u0131ca \u00e7al\u0131\u015ft\u0131r\u0131l\u0131r. Ah\u015fap altl\u0131k, k\u00fcreyi sabit tutar ve kaymay\u0131 engeller. B\u00fcy\u00fck boy 8 cm cam k\u00fcre yap\u0131s\u0131, \u0131\u015f\u0131k a\u00e7\u0131kken etkileyici bir par\u0131lt\u0131 olu\u015fturur. Hem gece lambas\u0131 olarak hem dekoratif obje olarak kullan\u0131m i\u00e7in idealdir. Odalara s\u0131cak, romantik&#8230;<\/p>\n","protected":false},"featured_media":122963,"comment_status":"open","ping_status":"closed","template":"","meta":{"_kad_post_transparent":"","_kad_post_title":"","_kad_post_layout":"","_kad_post_sidebar_id":"","_kad_post_content_style":"","_kad_post_vertical_padding":"","_kad_post_feature":"","_kad_post_feature_position":"","_kad_post_header":false,"_kad_post_footer":false,"_kad_post_classname":""},"product_brand":[],"product_cat":[14940],"product_tag":[],"class_list":{"0":"post-122964","1":"product","2":"type-product","3":"status-publish","4":"has-post-thumbnail","6":"product_cat-dekoratif-obje-biblo-dekoratif-obje-biblo","8":"first","9":"instock","10":"purchasable","11":"product-type-simple","12":"entry","13":"content-bg","14":"loop-entry"},"_links":{"self":[{"href":"https:\/\/www.hediyepazar.com\/index.php?rest_route=\/wp\/v2\/product\/122964","targetHints":{"allow":["GET"]}}],"collection":[{"href":"https:\/\/www.hediyepazar.com\/index.php?rest_route=\/wp\/v2\/product"}],"about":[{"href":"https:\/\/www.hediyepazar.com\/index.php?rest_route=\/wp\/v2\/types\/product"}],"replies":[{"embeddable":true,"href":"https:\/\/www.hediyepazar.com\/index.php?rest_route=%2Fwp%2Fv2%2Fcomments&post=122964"}],"wp:featuredmedia":[{"embeddable":true,"href":"https:\/\/www.hediyepazar.com\/index.php?rest_route=\/wp\/v2\/media\/122963"}],"wp:attachment":[{"href":"https:\/\/www.hediyepazar.com\/index.php?rest_route=%2Fwp%2Fv2%2Fmedia&parent=122964"}],"wp:term":[{"taxonomy":"product_brand","embeddable":true,"href":"https:\/\/www.hediyepazar.com\/index.php?rest_route=%2Fwp%2Fv2%2Fproduct_brand&post=122964"},{"taxonomy":"product_cat","embeddable":true,"href":"https:\/\/www.hediyepazar.com\/index.php?rest_route=%2Fwp%2Fv2%2Fproduct_cat&post=122964"},{"taxonomy":"product_tag","embeddable":true,"href":"https:\/\/www.hediyepazar.com\/index.php?rest_route=%2Fwp%2Fv2%2Fproduct_tag&post=122964"}],"curies":[{"name":"wp","href":"https:\/\/api.w.org\/{rel}","templated":true}]}}