{"id":122968,"date":"2026-05-06T11:25:16","date_gmt":"2026-05-06T14:25:16","guid":{"rendered":"https:\/\/www.hediyepazar.com\/?product=kucuk-prens-cam-kure-usb-isikli-ahsap-standli-buyuk-boy"},"modified":"2026-05-06T11:25:16","modified_gmt":"2026-05-06T14:25:16","slug":"kucuk-prens-cam-kure-usb-isikli-ahsap-standli-buyuk-boy","status":"publish","type":"product","link":"https:\/\/www.hediyepazar.com\/?product=kucuk-prens-cam-kure-usb-isikli-ahsap-standli-buyuk-boy","title":{"rendered":"K\u00fc\u00e7\u00fck Prens Cam K\u00fcre USB I\u015f\u0131kl\u0131 Ah\u015fap Standl\u0131 B\u00fcy\u00fck Boy"},"content":{"rendered":"<p>K\u00fc\u00e7\u00fck Prens temal\u0131 bu b\u00fcy\u00fck boy cam k\u00fcre, hem modern hem masals\u0131 dekorasyon sevenler i\u00e7in \u00f6zel olarak tasarlanm\u0131\u015ft\u0131r. \u00dcst k\u0131sm\u0131 tamamen cam malzemeden \u00fcretilmi\u015f olup y\u00fcksek berrakl\u0131\u011f\u0131 sayesinde \u0131\u015f\u0131\u011f\u0131 kusursuz \u015fekilde yans\u0131t\u0131r. K\u00fcrenin i\u00e7indeki K\u00fc\u00e7\u00fck Prens fig\u00fcr\u00fc \u0131\u015f\u0131kla birle\u015fti\u011finde daha b\u00fcy\u00fcleyici bir g\u00f6r\u00fcn\u00fcm olu\u015fturur. Alt k\u0131sm\u0131ndaki 8 cm geni\u015fli\u011findeki ah\u015fap stand do\u011fal dokusu ve g\u00fc\u00e7l\u00fc duru\u015fuyla \u00fcr\u00fcn\u00fc tamamlar. USB ile \u00e7al\u0131\u015fan sistemi sayesinde pratik bir \u015fekilde adapt\u00f6r, bilgisayar veya powerbank \u00fczerinden kullan\u0131labilir. Sevdiklerinize anlaml\u0131 ve estetik bir hediye ar\u0131yorsan\u0131z bu \u00f6zel tasar\u0131m cam k\u00fcre en ideal se\u00e7eneklerden biridir.<\/p>\n","protected":false},"excerpt":{"rendered":"<p>K\u00fc\u00e7\u00fck Prens temal\u0131 bu b\u00fcy\u00fck boy cam k\u00fcre, hem modern hem masals\u0131 dekorasyon sevenler i\u00e7in \u00f6zel olarak tasarlanm\u0131\u015ft\u0131r. \u00dcst k\u0131sm\u0131 tamamen cam malzemeden \u00fcretilmi\u015f olup y\u00fcksek berrakl\u0131\u011f\u0131 sayesinde \u0131\u015f\u0131\u011f\u0131 kusursuz \u015fekilde yans\u0131t\u0131r. K\u00fcrenin i\u00e7indeki K\u00fc\u00e7\u00fck Prens fig\u00fcr\u00fc \u0131\u015f\u0131kla birle\u015fti\u011finde daha b\u00fcy\u00fcleyici bir g\u00f6r\u00fcn\u00fcm olu\u015fturur. Alt k\u0131sm\u0131ndaki 8 cm geni\u015fli\u011findeki ah\u015fap stand do\u011fal dokusu ve g\u00fc\u00e7l\u00fc&#8230;<\/p>\n","protected":false},"featured_media":122967,"comment_status":"open","ping_status":"closed","template":"","meta":{"_kad_post_transparent":"","_kad_post_title":"","_kad_post_layout":"","_kad_post_sidebar_id":"","_kad_post_content_style":"","_kad_post_vertical_padding":"","_kad_post_feature":"","_kad_post_feature_position":"","_kad_post_header":false,"_kad_post_footer":false,"_kad_post_classname":""},"product_brand":[],"product_cat":[14940],"product_tag":[],"class_list":{"0":"post-122968","1":"product","2":"type-product","3":"status-publish","4":"has-post-thumbnail","6":"product_cat-dekoratif-obje-biblo-dekoratif-obje-biblo","8":"first","9":"instock","10":"purchasable","11":"product-type-simple","12":"entry","13":"content-bg","14":"loop-entry"},"_links":{"self":[{"href":"https:\/\/www.hediyepazar.com\/index.php?rest_route=\/wp\/v2\/product\/122968","targetHints":{"allow":["GET"]}}],"collection":[{"href":"https:\/\/www.hediyepazar.com\/index.php?rest_route=\/wp\/v2\/product"}],"about":[{"href":"https:\/\/www.hediyepazar.com\/index.php?rest_route=\/wp\/v2\/types\/product"}],"replies":[{"embeddable":true,"href":"https:\/\/www.hediyepazar.com\/index.php?rest_route=%2Fwp%2Fv2%2Fcomments&post=122968"}],"wp:featuredmedia":[{"embeddable":true,"href":"https:\/\/www.hediyepazar.com\/index.php?rest_route=\/wp\/v2\/media\/122967"}],"wp:attachment":[{"href":"https:\/\/www.hediyepazar.com\/index.php?rest_route=%2Fwp%2Fv2%2Fmedia&parent=122968"}],"wp:term":[{"taxonomy":"product_brand","embeddable":true,"href":"https:\/\/www.hediyepazar.com\/index.php?rest_route=%2Fwp%2Fv2%2Fproduct_brand&post=122968"},{"taxonomy":"product_cat","embeddable":true,"href":"https:\/\/www.hediyepazar.com\/index.php?rest_route=%2Fwp%2Fv2%2Fproduct_cat&post=122968"},{"taxonomy":"product_tag","embeddable":true,"href":"https:\/\/www.hediyepazar.com\/index.php?rest_route=%2Fwp%2Fv2%2Fproduct_tag&post=122968"}],"curies":[{"name":"wp","href":"https:\/\/api.w.org\/{rel}","templated":true}]}}