{"id":122970,"date":"2026-05-06T11:26:00","date_gmt":"2026-05-06T14:26:00","guid":{"rendered":"https:\/\/www.hediyepazar.com\/?product=ahsap-standli-sari-isikli-dekoratif-kure-kiz-figuru-tasarim"},"modified":"2026-05-06T11:26:00","modified_gmt":"2026-05-06T14:26:00","slug":"ahsap-standli-sari-isikli-dekoratif-kure-kiz-figuru-tasarim","status":"publish","type":"product","link":"https:\/\/www.hediyepazar.com\/?product=ahsap-standli-sari-isikli-dekoratif-kure-kiz-figuru-tasarim","title":{"rendered":"Ah\u015fap Standl\u0131 Sar\u0131 I\u015f\u0131kl\u0131 Dekoratif K\u00fcre K\u0131z Fig\u00fcr\u00fc Tasar\u0131m"},"content":{"rendered":"<p>Bu \u0131\u015f\u0131kl\u0131 dekoratif cam k\u00fcre, sar\u0131 \u0131\u015f\u0131\u011f\u0131n s\u0131cak tonlar\u0131yla evinize huzurlu bir atmosfer katarken k\u0131z fig\u00fcr\u00fc tasar\u0131m\u0131yla da dekorasyona e\u011flenceli bir dokunu\u015f getirir. B\u00fcy\u00fck boy yap\u0131s\u0131 sayesinde tek ba\u015f\u0131na bile g\u00fc\u00e7l\u00fc bir dekoratif etki olu\u015fturur. Ah\u015fap stand\u0131 ile sabit ve sa\u011flam durur, istenilen yere kolayca ta\u015f\u0131nabilir. Yatak odas\u0131, salon, ofis ve \u00e7al\u0131\u015fma alanlar\u0131nda kullan\u0131lmaya uygun estetik ve modern bir dekoratif \u00fcr\u00fcnd\u00fcr.<\/p>\n","protected":false},"excerpt":{"rendered":"<p>Bu \u0131\u015f\u0131kl\u0131 dekoratif cam k\u00fcre, sar\u0131 \u0131\u015f\u0131\u011f\u0131n s\u0131cak tonlar\u0131yla evinize huzurlu bir atmosfer katarken k\u0131z fig\u00fcr\u00fc tasar\u0131m\u0131yla da dekorasyona e\u011flenceli bir dokunu\u015f getirir. B\u00fcy\u00fck boy yap\u0131s\u0131 sayesinde tek ba\u015f\u0131na bile g\u00fc\u00e7l\u00fc bir dekoratif etki olu\u015fturur. Ah\u015fap stand\u0131 ile sabit ve sa\u011flam durur, istenilen yere kolayca ta\u015f\u0131nabilir. Yatak odas\u0131, salon, ofis ve \u00e7al\u0131\u015fma alanlar\u0131nda kullan\u0131lmaya uygun&#8230;<\/p>\n","protected":false},"featured_media":122969,"comment_status":"open","ping_status":"closed","template":"","meta":{"_kad_post_transparent":"","_kad_post_title":"","_kad_post_layout":"","_kad_post_sidebar_id":"","_kad_post_content_style":"","_kad_post_vertical_padding":"","_kad_post_feature":"","_kad_post_feature_position":"","_kad_post_header":false,"_kad_post_footer":false,"_kad_post_classname":""},"product_brand":[],"product_cat":[14940],"product_tag":[],"class_list":{"0":"post-122970","1":"product","2":"type-product","3":"status-publish","4":"has-post-thumbnail","6":"product_cat-dekoratif-obje-biblo-dekoratif-obje-biblo","8":"first","9":"instock","10":"purchasable","11":"product-type-simple","12":"entry","13":"content-bg","14":"loop-entry"},"_links":{"self":[{"href":"https:\/\/www.hediyepazar.com\/index.php?rest_route=\/wp\/v2\/product\/122970","targetHints":{"allow":["GET"]}}],"collection":[{"href":"https:\/\/www.hediyepazar.com\/index.php?rest_route=\/wp\/v2\/product"}],"about":[{"href":"https:\/\/www.hediyepazar.com\/index.php?rest_route=\/wp\/v2\/types\/product"}],"replies":[{"embeddable":true,"href":"https:\/\/www.hediyepazar.com\/index.php?rest_route=%2Fwp%2Fv2%2Fcomments&post=122970"}],"wp:featuredmedia":[{"embeddable":true,"href":"https:\/\/www.hediyepazar.com\/index.php?rest_route=\/wp\/v2\/media\/122969"}],"wp:attachment":[{"href":"https:\/\/www.hediyepazar.com\/index.php?rest_route=%2Fwp%2Fv2%2Fmedia&parent=122970"}],"wp:term":[{"taxonomy":"product_brand","embeddable":true,"href":"https:\/\/www.hediyepazar.com\/index.php?rest_route=%2Fwp%2Fv2%2Fproduct_brand&post=122970"},{"taxonomy":"product_cat","embeddable":true,"href":"https:\/\/www.hediyepazar.com\/index.php?rest_route=%2Fwp%2Fv2%2Fproduct_cat&post=122970"},{"taxonomy":"product_tag","embeddable":true,"href":"https:\/\/www.hediyepazar.com\/index.php?rest_route=%2Fwp%2Fv2%2Fproduct_tag&post=122970"}],"curies":[{"name":"wp","href":"https:\/\/api.w.org\/{rel}","templated":true}]}}