{"id":122980,"date":"2026-05-06T11:26:41","date_gmt":"2026-05-06T14:26:41","guid":{"rendered":"https:\/\/www.hediyepazar.com\/?product=astronot-kure"},"modified":"2026-05-06T11:26:41","modified_gmt":"2026-05-06T14:26:41","slug":"astronot-kure","status":"publish","type":"product","link":"https:\/\/www.hediyepazar.com\/?product=astronot-kure","title":{"rendered":"ASTRONOT K\u00dcRE"},"content":{"rendered":"<p>Bu etkileyici 3D Astronot Kristal K\u00fcre, lazer oyma teknolojisiyle kristalin i\u00e7ine kusursuz \u015fekilde i\u015flenmi\u015f detayl\u0131 bir astronot fig\u00fcr\u00fc i\u00e7erir. 5 cm kristal y\u00fczey, \u0131\u015f\u0131\u011f\u0131 k\u0131rarak tasar\u0131m\u0131n derinli\u011fini ve parlakl\u0131\u011f\u0131n\u0131 art\u0131r\u0131r. Ah\u015fap tabanl\u0131 LED \u0131\u015f\u0131k sistemi, hem modern hem do\u011fal bir g\u00f6r\u00fcn\u00fcm sa\u011flar. USB g\u00fcc\u00fcyle \u00e7al\u0131\u015fan bu gece lambas\u0131, enerji tasarruflu LED teknolojisi sayesinde uzun \u00f6m\u00fcrl\u00fc ve g\u00fcvenli kullan\u0131m sunar. Yatak odalar\u0131, oturma odalar\u0131, \u00e7ocuk odalar\u0131 veya \u00e7al\u0131\u015fma masalar\u0131nda dekoratif bir obje olarak kullan\u0131labilir. Kozmik temas\u0131n\u0131n verdi\u011fi estetik hava, \u00f6zellikle astronomi tutkunlar\u0131n\u0131 cezbetmektedir. Sevdiklerinize hediye edebilece\u011finiz bu \u00f6zel tasar\u0131m; do\u011fum g\u00fcnleri, bayramlar, y\u0131lba\u015f\u0131, mezuniyet veya yeni i\u015f hediyesi gibi bir\u00e7ok \u00f6zel g\u00fcn i\u00e7in harika bir alternatiftir. \u015e\u0131k ve sade tasar\u0131m\u0131 farkl\u0131 dekorasyon tarzlar\u0131yla uyumludur. Kutusunda kristal k\u00fcre ve ah\u015fap stand yer al\u0131r. Hem i\u015flevsel hem dekoratif olan bu \u00fcr\u00fcn, mek\u00e2nlar\u0131 daha s\u0131cak ve b\u00fcy\u00fcleyici h\u00e2le getirir.<\/p>\n","protected":false},"excerpt":{"rendered":"<p>Bu etkileyici 3D Astronot Kristal K\u00fcre, lazer oyma teknolojisiyle kristalin i\u00e7ine kusursuz \u015fekilde i\u015flenmi\u015f detayl\u0131 bir astronot fig\u00fcr\u00fc i\u00e7erir. 5 cm kristal y\u00fczey, \u0131\u015f\u0131\u011f\u0131 k\u0131rarak tasar\u0131m\u0131n derinli\u011fini ve parlakl\u0131\u011f\u0131n\u0131 art\u0131r\u0131r. Ah\u015fap tabanl\u0131 LED \u0131\u015f\u0131k sistemi, hem modern hem do\u011fal bir g\u00f6r\u00fcn\u00fcm sa\u011flar. USB g\u00fcc\u00fcyle \u00e7al\u0131\u015fan bu gece lambas\u0131, enerji tasarruflu LED teknolojisi sayesinde uzun \u00f6m\u00fcrl\u00fc&#8230;<\/p>\n","protected":false},"featured_media":122979,"comment_status":"open","ping_status":"closed","template":"","meta":{"_kad_post_transparent":"","_kad_post_title":"","_kad_post_layout":"","_kad_post_sidebar_id":"","_kad_post_content_style":"","_kad_post_vertical_padding":"","_kad_post_feature":"","_kad_post_feature_position":"","_kad_post_header":false,"_kad_post_footer":false,"_kad_post_classname":""},"product_brand":[],"product_cat":[14940],"product_tag":[],"class_list":{"0":"post-122980","1":"product","2":"type-product","3":"status-publish","4":"has-post-thumbnail","6":"product_cat-dekoratif-obje-biblo-dekoratif-obje-biblo","8":"first","9":"instock","10":"purchasable","11":"product-type-simple","12":"entry","13":"content-bg","14":"loop-entry"},"_links":{"self":[{"href":"https:\/\/www.hediyepazar.com\/index.php?rest_route=\/wp\/v2\/product\/122980","targetHints":{"allow":["GET"]}}],"collection":[{"href":"https:\/\/www.hediyepazar.com\/index.php?rest_route=\/wp\/v2\/product"}],"about":[{"href":"https:\/\/www.hediyepazar.com\/index.php?rest_route=\/wp\/v2\/types\/product"}],"replies":[{"embeddable":true,"href":"https:\/\/www.hediyepazar.com\/index.php?rest_route=%2Fwp%2Fv2%2Fcomments&post=122980"}],"wp:featuredmedia":[{"embeddable":true,"href":"https:\/\/www.hediyepazar.com\/index.php?rest_route=\/wp\/v2\/media\/122979"}],"wp:attachment":[{"href":"https:\/\/www.hediyepazar.com\/index.php?rest_route=%2Fwp%2Fv2%2Fmedia&parent=122980"}],"wp:term":[{"taxonomy":"product_brand","embeddable":true,"href":"https:\/\/www.hediyepazar.com\/index.php?rest_route=%2Fwp%2Fv2%2Fproduct_brand&post=122980"},{"taxonomy":"product_cat","embeddable":true,"href":"https:\/\/www.hediyepazar.com\/index.php?rest_route=%2Fwp%2Fv2%2Fproduct_cat&post=122980"},{"taxonomy":"product_tag","embeddable":true,"href":"https:\/\/www.hediyepazar.com\/index.php?rest_route=%2Fwp%2Fv2%2Fproduct_tag&post=122980"}],"curies":[{"name":"wp","href":"https:\/\/api.w.org\/{rel}","templated":true}]}}