{"id":122992,"date":"2026-05-06T11:27:22","date_gmt":"2026-05-06T14:27:22","guid":{"rendered":"https:\/\/www.hediyepazar.com\/?product=saturn-kure"},"modified":"2026-05-06T11:27:22","modified_gmt":"2026-05-06T14:27:22","slug":"saturn-kure","status":"publish","type":"product","link":"https:\/\/www.hediyepazar.com\/?product=saturn-kure","title":{"rendered":"SAT\u00dcRN K\u00dcRE"},"content":{"rendered":"<p>Astronomi merakl\u0131lar\u0131, dekorasyon tutkunlar\u0131 veya \u00f6zel bir hediye arayan herkes i\u00e7in harika bir tercihtir. Y\u0131l d\u00f6n\u00fcm\u00fc, do\u011fum g\u00fcn\u00fc, sevgililer g\u00fcn\u00fc, yeni i\u015f hediyesi veya ev dekorasyonu i\u00e7in son derece anlaml\u0131 bir alternatiftir. \u015e\u0131k kutusunda g\u00f6nderildi\u011fi i\u00e7in hediye vermeye haz\u0131r \u015fekilde teslim edilir. Sat\u00fcrn temal\u0131 kristal k\u00fcre, hem \u015f\u0131kl\u0131\u011f\u0131 hem de kozmik enerjisiyle her ortamda dikkat \u00e7eker.<\/p>\n","protected":false},"excerpt":{"rendered":"<p>Astronomi merakl\u0131lar\u0131, dekorasyon tutkunlar\u0131 veya \u00f6zel bir hediye arayan herkes i\u00e7in harika bir tercihtir. Y\u0131l d\u00f6n\u00fcm\u00fc, do\u011fum g\u00fcn\u00fc, sevgililer g\u00fcn\u00fc, yeni i\u015f hediyesi veya ev dekorasyonu i\u00e7in son derece anlaml\u0131 bir alternatiftir. \u015e\u0131k kutusunda g\u00f6nderildi\u011fi i\u00e7in hediye vermeye haz\u0131r \u015fekilde teslim edilir. Sat\u00fcrn temal\u0131 kristal k\u00fcre, hem \u015f\u0131kl\u0131\u011f\u0131 hem de kozmik enerjisiyle her ortamda dikkat&#8230;<\/p>\n","protected":false},"featured_media":122991,"comment_status":"open","ping_status":"closed","template":"","meta":{"_kad_post_transparent":"","_kad_post_title":"","_kad_post_layout":"","_kad_post_sidebar_id":"","_kad_post_content_style":"","_kad_post_vertical_padding":"","_kad_post_feature":"","_kad_post_feature_position":"","_kad_post_header":false,"_kad_post_footer":false,"_kad_post_classname":""},"product_brand":[],"product_cat":[14940],"product_tag":[],"class_list":{"0":"post-122992","1":"product","2":"type-product","3":"status-publish","4":"has-post-thumbnail","6":"product_cat-dekoratif-obje-biblo-dekoratif-obje-biblo","8":"first","9":"instock","10":"purchasable","11":"product-type-simple","12":"entry","13":"content-bg","14":"loop-entry"},"_links":{"self":[{"href":"https:\/\/www.hediyepazar.com\/index.php?rest_route=\/wp\/v2\/product\/122992","targetHints":{"allow":["GET"]}}],"collection":[{"href":"https:\/\/www.hediyepazar.com\/index.php?rest_route=\/wp\/v2\/product"}],"about":[{"href":"https:\/\/www.hediyepazar.com\/index.php?rest_route=\/wp\/v2\/types\/product"}],"replies":[{"embeddable":true,"href":"https:\/\/www.hediyepazar.com\/index.php?rest_route=%2Fwp%2Fv2%2Fcomments&post=122992"}],"wp:featuredmedia":[{"embeddable":true,"href":"https:\/\/www.hediyepazar.com\/index.php?rest_route=\/wp\/v2\/media\/122991"}],"wp:attachment":[{"href":"https:\/\/www.hediyepazar.com\/index.php?rest_route=%2Fwp%2Fv2%2Fmedia&parent=122992"}],"wp:term":[{"taxonomy":"product_brand","embeddable":true,"href":"https:\/\/www.hediyepazar.com\/index.php?rest_route=%2Fwp%2Fv2%2Fproduct_brand&post=122992"},{"taxonomy":"product_cat","embeddable":true,"href":"https:\/\/www.hediyepazar.com\/index.php?rest_route=%2Fwp%2Fv2%2Fproduct_cat&post=122992"},{"taxonomy":"product_tag","embeddable":true,"href":"https:\/\/www.hediyepazar.com\/index.php?rest_route=%2Fwp%2Fv2%2Fproduct_tag&post=122992"}],"curies":[{"name":"wp","href":"https:\/\/api.w.org\/{rel}","templated":true}]}}