{"id":123002,"date":"2026-05-06T11:30:04","date_gmt":"2026-05-06T14:30:04","guid":{"rendered":"https:\/\/www.hediyepazar.com\/?product=saturn-desenli-kristal-kure-led-gece-lambasi-ahsap-standli"},"modified":"2026-05-06T11:30:04","modified_gmt":"2026-05-06T14:30:04","slug":"saturn-desenli-kristal-kure-led-gece-lambasi-ahsap-standli","status":"publish","type":"product","link":"https:\/\/www.hediyepazar.com\/?product=saturn-desenli-kristal-kure-led-gece-lambasi-ahsap-standli","title":{"rendered":"Sat\u00fcrn Desenli Kristal K\u00fcre LED Gece Lambas\u0131 Ah\u015fap Standl\u0131"},"content":{"rendered":"<p>Sat\u00fcrn desenli kristal k\u00fcre gece lambas\u0131, hem atmosfer hem de dekorasyon a\u00e7\u0131s\u0131ndan benzersiz bir \u00fcr\u00fcn arayanlar i\u00e7in tasarlanm\u0131\u015ft\u0131r. K\u00fcrenin i\u00e7ine lazer teknolojisiyle i\u015flenen Sat\u00fcrn motifi, \u0131\u015f\u0131k yand\u0131\u011f\u0131nda kristalin i\u00e7inde adeta ger\u00e7ek bir gezegen gibi par\u0131ldar. Hem modern hem de astroloji temal\u0131 dekorasyonlara m\u00fckemmel uyum sa\u011flar.<\/p>\n","protected":false},"excerpt":{"rendered":"<p>Sat\u00fcrn desenli kristal k\u00fcre gece lambas\u0131, hem atmosfer hem de dekorasyon a\u00e7\u0131s\u0131ndan benzersiz bir \u00fcr\u00fcn arayanlar i\u00e7in tasarlanm\u0131\u015ft\u0131r. K\u00fcrenin i\u00e7ine lazer teknolojisiyle i\u015flenen Sat\u00fcrn motifi, \u0131\u015f\u0131k yand\u0131\u011f\u0131nda kristalin i\u00e7inde adeta ger\u00e7ek bir gezegen gibi par\u0131ldar. Hem modern hem de astroloji temal\u0131 dekorasyonlara m\u00fckemmel uyum sa\u011flar.<\/p>\n","protected":false},"featured_media":123001,"comment_status":"open","ping_status":"closed","template":"","meta":{"_kad_post_transparent":"","_kad_post_title":"","_kad_post_layout":"","_kad_post_sidebar_id":"","_kad_post_content_style":"","_kad_post_vertical_padding":"","_kad_post_feature":"","_kad_post_feature_position":"","_kad_post_header":false,"_kad_post_footer":false,"_kad_post_classname":""},"product_brand":[],"product_cat":[14940],"product_tag":[],"class_list":{"0":"post-123002","1":"product","2":"type-product","3":"status-publish","4":"has-post-thumbnail","6":"product_cat-dekoratif-obje-biblo-dekoratif-obje-biblo","8":"first","9":"instock","10":"purchasable","11":"product-type-simple","12":"entry","13":"content-bg","14":"loop-entry"},"_links":{"self":[{"href":"https:\/\/www.hediyepazar.com\/index.php?rest_route=\/wp\/v2\/product\/123002","targetHints":{"allow":["GET"]}}],"collection":[{"href":"https:\/\/www.hediyepazar.com\/index.php?rest_route=\/wp\/v2\/product"}],"about":[{"href":"https:\/\/www.hediyepazar.com\/index.php?rest_route=\/wp\/v2\/types\/product"}],"replies":[{"embeddable":true,"href":"https:\/\/www.hediyepazar.com\/index.php?rest_route=%2Fwp%2Fv2%2Fcomments&post=123002"}],"wp:featuredmedia":[{"embeddable":true,"href":"https:\/\/www.hediyepazar.com\/index.php?rest_route=\/wp\/v2\/media\/123001"}],"wp:attachment":[{"href":"https:\/\/www.hediyepazar.com\/index.php?rest_route=%2Fwp%2Fv2%2Fmedia&parent=123002"}],"wp:term":[{"taxonomy":"product_brand","embeddable":true,"href":"https:\/\/www.hediyepazar.com\/index.php?rest_route=%2Fwp%2Fv2%2Fproduct_brand&post=123002"},{"taxonomy":"product_cat","embeddable":true,"href":"https:\/\/www.hediyepazar.com\/index.php?rest_route=%2Fwp%2Fv2%2Fproduct_cat&post=123002"},{"taxonomy":"product_tag","embeddable":true,"href":"https:\/\/www.hediyepazar.com\/index.php?rest_route=%2Fwp%2Fv2%2Fproduct_tag&post=123002"}],"curies":[{"name":"wp","href":"https:\/\/api.w.org\/{rel}","templated":true}]}}