{"id":123008,"date":"2026-05-06T11:30:22","date_gmt":"2026-05-06T14:30:22","guid":{"rendered":"https:\/\/www.hediyepazar.com\/?product=romantik-kalpli-kristal-cam-kure-usbli-isikli-dekoratif-obje"},"modified":"2026-05-06T11:30:22","modified_gmt":"2026-05-06T14:30:22","slug":"romantik-kalpli-kristal-cam-kure-usbli-isikli-dekoratif-obje","status":"publish","type":"product","link":"https:\/\/www.hediyepazar.com\/?product=romantik-kalpli-kristal-cam-kure-usbli-isikli-dekoratif-obje","title":{"rendered":"Romantik Kalpli Kristal Cam K\u00fcre USB\u2019li I\u015f\u0131kl\u0131 Dekoratif Obje"},"content":{"rendered":"<p>Kalpli I\u015f\u0131kl\u0131 Cam K\u00fcre, kurumsal hediye setlerinden ki\u015fiye \u00f6zel hediye kutular\u0131na kadar t\u00fcm kombinasyonlara \u015f\u0131k bir dokunu\u015f ekler. Anneler G\u00fcn\u00fc, \u00d6\u011fretmenler G\u00fcn\u00fc, Sevgililer G\u00fcn\u00fc, Y\u0131lba\u015f\u0131, yeni i\u015f hediyesi veya \u201ci\u00e7imden geldi\u201d diyerek verebilece\u011finiz ince d\u00fc\u015f\u00fcn\u00fclm\u00fc\u015f bir hediye se\u00e7ene\u011fidir. Kristal cam y\u00fczey, \u0131\u015f\u0131\u011f\u0131 yumu\u015fak bir \u015fekilde k\u0131rarak romantik bir par\u0131lt\u0131 yayar. Ah\u015fap alt taban\u0131 sayesinde do\u011fal ve s\u0131cak bir g\u00f6r\u00fcn\u00fcm sunar. B\u00fcy\u00fck boy yap\u0131s\u0131 odan\u0131za g\u00f6steri\u015fli bir hava katar. Hem kad\u0131n hem erkek i\u00e7in tercih edilebilir, her ya\u015fa hitap eden dekoratif bir \u00fcr\u00fcnd\u00fcr.<\/p>\n","protected":false},"excerpt":{"rendered":"<p>Kalpli I\u015f\u0131kl\u0131 Cam K\u00fcre, kurumsal hediye setlerinden ki\u015fiye \u00f6zel hediye kutular\u0131na kadar t\u00fcm kombinasyonlara \u015f\u0131k bir dokunu\u015f ekler. Anneler G\u00fcn\u00fc, \u00d6\u011fretmenler G\u00fcn\u00fc, Sevgililer G\u00fcn\u00fc, Y\u0131lba\u015f\u0131, yeni i\u015f hediyesi veya \u201ci\u00e7imden geldi\u201d diyerek verebilece\u011finiz ince d\u00fc\u015f\u00fcn\u00fclm\u00fc\u015f bir hediye se\u00e7ene\u011fidir. Kristal cam y\u00fczey, \u0131\u015f\u0131\u011f\u0131 yumu\u015fak bir \u015fekilde k\u0131rarak romantik bir par\u0131lt\u0131 yayar. Ah\u015fap alt taban\u0131 sayesinde do\u011fal&#8230;<\/p>\n","protected":false},"featured_media":123007,"comment_status":"open","ping_status":"closed","template":"","meta":{"_kad_post_transparent":"","_kad_post_title":"","_kad_post_layout":"","_kad_post_sidebar_id":"","_kad_post_content_style":"","_kad_post_vertical_padding":"","_kad_post_feature":"","_kad_post_feature_position":"","_kad_post_header":false,"_kad_post_footer":false,"_kad_post_classname":""},"product_brand":[],"product_cat":[14940],"product_tag":[],"class_list":{"0":"post-123008","1":"product","2":"type-product","3":"status-publish","4":"has-post-thumbnail","6":"product_cat-dekoratif-obje-biblo-dekoratif-obje-biblo","8":"first","9":"instock","10":"purchasable","11":"product-type-simple","12":"entry","13":"content-bg","14":"loop-entry"},"_links":{"self":[{"href":"https:\/\/www.hediyepazar.com\/index.php?rest_route=\/wp\/v2\/product\/123008","targetHints":{"allow":["GET"]}}],"collection":[{"href":"https:\/\/www.hediyepazar.com\/index.php?rest_route=\/wp\/v2\/product"}],"about":[{"href":"https:\/\/www.hediyepazar.com\/index.php?rest_route=\/wp\/v2\/types\/product"}],"replies":[{"embeddable":true,"href":"https:\/\/www.hediyepazar.com\/index.php?rest_route=%2Fwp%2Fv2%2Fcomments&post=123008"}],"wp:featuredmedia":[{"embeddable":true,"href":"https:\/\/www.hediyepazar.com\/index.php?rest_route=\/wp\/v2\/media\/123007"}],"wp:attachment":[{"href":"https:\/\/www.hediyepazar.com\/index.php?rest_route=%2Fwp%2Fv2%2Fmedia&parent=123008"}],"wp:term":[{"taxonomy":"product_brand","embeddable":true,"href":"https:\/\/www.hediyepazar.com\/index.php?rest_route=%2Fwp%2Fv2%2Fproduct_brand&post=123008"},{"taxonomy":"product_cat","embeddable":true,"href":"https:\/\/www.hediyepazar.com\/index.php?rest_route=%2Fwp%2Fv2%2Fproduct_cat&post=123008"},{"taxonomy":"product_tag","embeddable":true,"href":"https:\/\/www.hediyepazar.com\/index.php?rest_route=%2Fwp%2Fv2%2Fproduct_tag&post=123008"}],"curies":[{"name":"wp","href":"https:\/\/api.w.org\/{rel}","templated":true}]}}