{"id":123020,"date":"2026-05-06T11:33:18","date_gmt":"2026-05-06T14:33:18","guid":{"rendered":"https:\/\/www.hediyepazar.com\/?product=kurukafa-gamepad-tutucu-ergonomik-dayanikli-tasarim"},"modified":"2026-05-06T11:33:18","modified_gmt":"2026-05-06T14:33:18","slug":"kurukafa-gamepad-tutucu-ergonomik-dayanikli-tasarim","status":"publish","type":"product","link":"https:\/\/www.hediyepazar.com\/?product=kurukafa-gamepad-tutucu-ergonomik-dayanikli-tasarim","title":{"rendered":"Kurukafa Gamepad Tutucu ergonomik dayan\u0131kl\u0131 tasar\u0131m"},"content":{"rendered":"<p>Kurukafa Gamepad Tutucu, \u015f\u0131k ve karizmatik tasar\u0131m\u0131yla oyun alan\u0131n\u0131za hem d\u00fczen hem de karakter kazand\u0131r\u0131r. 7&#215;11 cm \u00f6l\u00e7\u00fclerindeki kompakt yap\u0131s\u0131 sayesinde masan\u0131zda fazla yer kaplamazken, gamepad\u2019i g\u00fcvenli bir \u015fekilde sabit tutar. PS4, PS5 ve di\u011fer bir\u00e7ok gamepad modeliyle uyumludur. Oyuncular i\u00e7in hem dekoratif hem fonksiyonel bir \u00e7\u00f6z\u00fcm sunan bu tutucu, dayan\u0131kl\u0131 malzemesiyle uzun \u00f6m\u00fcrl\u00fc kullan\u0131m sa\u011flar. Konsol masas\u0131, PC masas\u0131 ya da TV \u00fcnitesi gibi bir\u00e7ok ortamda estetik bir g\u00f6r\u00fcnt\u00fc olu\u015fturur. Oyun kolunun d\u00fc\u015fmesini engelleyerek stabil kullan\u0131m sa\u011flar. Oyun odan\u0131z\u0131 ki\u015fisel tarz\u0131n\u0131za g\u00f6re tamamlayan bu aksesuar, hediye olarak da ideal bir se\u00e7enektir. Hem oyuncular\u0131n tarz\u0131n\u0131 yans\u0131tan hem de d\u00fczen sa\u011flayan bir tutucu ar\u0131yorsan\u0131z, kurukafa tasar\u0131m\u0131 tam size g\u00f6re.<\/p>\n","protected":false},"excerpt":{"rendered":"<p>Kurukafa Gamepad Tutucu, \u015f\u0131k ve karizmatik tasar\u0131m\u0131yla oyun alan\u0131n\u0131za hem d\u00fczen hem de karakter kazand\u0131r\u0131r. 7&#215;11 cm \u00f6l\u00e7\u00fclerindeki kompakt yap\u0131s\u0131 sayesinde masan\u0131zda fazla yer kaplamazken, gamepad\u2019i g\u00fcvenli bir \u015fekilde sabit tutar. PS4, PS5 ve di\u011fer bir\u00e7ok gamepad modeliyle uyumludur. Oyuncular i\u00e7in hem dekoratif hem fonksiyonel bir \u00e7\u00f6z\u00fcm sunan bu tutucu, dayan\u0131kl\u0131 malzemesiyle uzun \u00f6m\u00fcrl\u00fc kullan\u0131m&#8230;<\/p>\n","protected":false},"featured_media":123019,"comment_status":"open","ping_status":"closed","template":"","meta":{"_kad_post_transparent":"","_kad_post_title":"","_kad_post_layout":"","_kad_post_sidebar_id":"","_kad_post_content_style":"","_kad_post_vertical_padding":"","_kad_post_feature":"","_kad_post_feature_position":"","_kad_post_header":false,"_kad_post_footer":false,"_kad_post_classname":""},"product_brand":[],"product_cat":[14940],"product_tag":[],"class_list":{"0":"post-123020","1":"product","2":"type-product","3":"status-publish","4":"has-post-thumbnail","6":"product_cat-dekoratif-obje-biblo-dekoratif-obje-biblo","8":"first","9":"instock","10":"purchasable","11":"product-type-simple","12":"entry","13":"content-bg","14":"loop-entry"},"_links":{"self":[{"href":"https:\/\/www.hediyepazar.com\/index.php?rest_route=\/wp\/v2\/product\/123020","targetHints":{"allow":["GET"]}}],"collection":[{"href":"https:\/\/www.hediyepazar.com\/index.php?rest_route=\/wp\/v2\/product"}],"about":[{"href":"https:\/\/www.hediyepazar.com\/index.php?rest_route=\/wp\/v2\/types\/product"}],"replies":[{"embeddable":true,"href":"https:\/\/www.hediyepazar.com\/index.php?rest_route=%2Fwp%2Fv2%2Fcomments&post=123020"}],"wp:featuredmedia":[{"embeddable":true,"href":"https:\/\/www.hediyepazar.com\/index.php?rest_route=\/wp\/v2\/media\/123019"}],"wp:attachment":[{"href":"https:\/\/www.hediyepazar.com\/index.php?rest_route=%2Fwp%2Fv2%2Fmedia&parent=123020"}],"wp:term":[{"taxonomy":"product_brand","embeddable":true,"href":"https:\/\/www.hediyepazar.com\/index.php?rest_route=%2Fwp%2Fv2%2Fproduct_brand&post=123020"},{"taxonomy":"product_cat","embeddable":true,"href":"https:\/\/www.hediyepazar.com\/index.php?rest_route=%2Fwp%2Fv2%2Fproduct_cat&post=123020"},{"taxonomy":"product_tag","embeddable":true,"href":"https:\/\/www.hediyepazar.com\/index.php?rest_route=%2Fwp%2Fv2%2Fproduct_tag&post=123020"}],"curies":[{"name":"wp","href":"https:\/\/api.w.org\/{rel}","templated":true}]}}