{"id":123030,"date":"2026-05-06T11:37:02","date_gmt":"2026-05-06T14:37:02","guid":{"rendered":"https:\/\/www.hediyepazar.com\/?product=23cm-turuncu-basketbol-kupa-biblo-modern-odul-dekor-urunu"},"modified":"2026-05-06T11:37:02","modified_gmt":"2026-05-06T14:37:02","slug":"23cm-turuncu-basketbol-kupa-biblo-modern-odul-dekor-urunu","status":"publish","type":"product","link":"https:\/\/www.hediyepazar.com\/?product=23cm-turuncu-basketbol-kupa-biblo-modern-odul-dekor-urunu","title":{"rendered":"23cm Turuncu Basketbol Kupa Biblo Modern \u00d6d\u00fcl Dekor \u00dcr\u00fcn\u00fc"},"content":{"rendered":"<p>Basketbol konseptiyle tasarlanm\u0131\u015f Turuncu Kupa 23 cm, masa\u00fcst\u00fc dekorasyonunda enerjik ve modern bir hava olu\u015fturmak isteyenler i\u00e7in ideal bir par\u00e7ad\u0131r. \u00dczerinde yer alan b\u00fcy\u00fck top detay\u0131, kupan\u0131n g\u00fc\u00e7l\u00fc ve iddial\u0131 g\u00f6r\u00fcn\u00fcm\u00fcn\u00fc \u00f6ne \u00e7\u0131kar\u0131r. \u015e\u0131k ve sade \u00e7izgileri sayesinde her dekor stiline uyum sa\u011flar. Dayan\u0131kl\u0131 yap\u0131s\u0131, uzun s\u00fcreli kullan\u0131m i\u00e7in tasarlanm\u0131\u015ft\u0131r. \u00c7al\u0131\u015fma masas\u0131nda motivasyon objesi olarak, gen\u00e7 odas\u0131nda spor k\u00f6\u015fesinde ya da vitrinlerde sergilemek i\u00e7in kullanabilirsiniz. Ayn\u0131 zamanda amat\u00f6r turnuvalar, okul etkinlikleri veya spor kul\u00fcpleri i\u00e7in sembolik \u00f6d\u00fcl olarak da tercih edilebilir. Hem dekoratif hem anlaml\u0131 bir \u00fcr\u00fcnd\u00fcr.<\/p>\n","protected":false},"excerpt":{"rendered":"<p>Basketbol konseptiyle tasarlanm\u0131\u015f Turuncu Kupa 23 cm, masa\u00fcst\u00fc dekorasyonunda enerjik ve modern bir hava olu\u015fturmak isteyenler i\u00e7in ideal bir par\u00e7ad\u0131r. \u00dczerinde yer alan b\u00fcy\u00fck top detay\u0131, kupan\u0131n g\u00fc\u00e7l\u00fc ve iddial\u0131 g\u00f6r\u00fcn\u00fcm\u00fcn\u00fc \u00f6ne \u00e7\u0131kar\u0131r. \u015e\u0131k ve sade \u00e7izgileri sayesinde her dekor stiline uyum sa\u011flar. Dayan\u0131kl\u0131 yap\u0131s\u0131, uzun s\u00fcreli kullan\u0131m i\u00e7in tasarlanm\u0131\u015ft\u0131r. \u00c7al\u0131\u015fma masas\u0131nda motivasyon objesi olarak,&#8230;<\/p>\n","protected":false},"featured_media":123029,"comment_status":"open","ping_status":"closed","template":"","meta":{"_kad_post_transparent":"","_kad_post_title":"","_kad_post_layout":"","_kad_post_sidebar_id":"","_kad_post_content_style":"","_kad_post_vertical_padding":"","_kad_post_feature":"","_kad_post_feature_position":"","_kad_post_header":false,"_kad_post_footer":false,"_kad_post_classname":""},"product_brand":[],"product_cat":[14940],"product_tag":[],"class_list":{"0":"post-123030","1":"product","2":"type-product","3":"status-publish","4":"has-post-thumbnail","6":"product_cat-dekoratif-obje-biblo-dekoratif-obje-biblo","8":"first","9":"instock","10":"purchasable","11":"product-type-simple","12":"entry","13":"content-bg","14":"loop-entry"},"_links":{"self":[{"href":"https:\/\/www.hediyepazar.com\/index.php?rest_route=\/wp\/v2\/product\/123030","targetHints":{"allow":["GET"]}}],"collection":[{"href":"https:\/\/www.hediyepazar.com\/index.php?rest_route=\/wp\/v2\/product"}],"about":[{"href":"https:\/\/www.hediyepazar.com\/index.php?rest_route=\/wp\/v2\/types\/product"}],"replies":[{"embeddable":true,"href":"https:\/\/www.hediyepazar.com\/index.php?rest_route=%2Fwp%2Fv2%2Fcomments&post=123030"}],"wp:featuredmedia":[{"embeddable":true,"href":"https:\/\/www.hediyepazar.com\/index.php?rest_route=\/wp\/v2\/media\/123029"}],"wp:attachment":[{"href":"https:\/\/www.hediyepazar.com\/index.php?rest_route=%2Fwp%2Fv2%2Fmedia&parent=123030"}],"wp:term":[{"taxonomy":"product_brand","embeddable":true,"href":"https:\/\/www.hediyepazar.com\/index.php?rest_route=%2Fwp%2Fv2%2Fproduct_brand&post=123030"},{"taxonomy":"product_cat","embeddable":true,"href":"https:\/\/www.hediyepazar.com\/index.php?rest_route=%2Fwp%2Fv2%2Fproduct_cat&post=123030"},{"taxonomy":"product_tag","embeddable":true,"href":"https:\/\/www.hediyepazar.com\/index.php?rest_route=%2Fwp%2Fv2%2Fproduct_tag&post=123030"}],"curies":[{"name":"wp","href":"https:\/\/api.w.org\/{rel}","templated":true}]}}