{"id":123070,"date":"2026-05-06T11:46:05","date_gmt":"2026-05-06T14:46:05","guid":{"rendered":"https:\/\/www.hediyepazar.com\/?product=3d-dalga-desenli-kalp-formlu-dekoratif-vazo-pembe-15-cm"},"modified":"2026-05-06T11:46:05","modified_gmt":"2026-05-06T14:46:05","slug":"3d-dalga-desenli-kalp-formlu-dekoratif-vazo-pembe-15-cm","status":"publish","type":"product","link":"https:\/\/www.hediyepazar.com\/?product=3d-dalga-desenli-kalp-formlu-dekoratif-vazo-pembe-15-cm","title":{"rendered":"3D Dalga Desenli Kalp Formlu Dekoratif Vazo Pembe 15 cm"},"content":{"rendered":"<p>3D dalga \u00e7izgileriyle \u00f6ne \u00e7\u0131kan bu kalp fig\u00fcrl\u00fc dekoratif vazo, yenilik\u00e7i tasar\u0131m\u0131 ile bulundu\u011fu alanda fark yarat\u0131r. Vazo; zarif pembe rengiyle romantik bir atmosfer olu\u015ftururken, k\u0131vr\u0131ml\u0131 yap\u0131s\u0131 sayesinde modern bir g\u00f6r\u00fcn\u00fcm sunar. Tek ba\u015f\u0131na dekoratif obje olarak kullan\u0131labilece\u011fi gibi yapay \u00e7i\u00e7ekler veya k\u00fc\u00e7\u00fck aksesuarlarla da tamamlanabilir. 15 cm\u2019lik ideal boyutu sayesinde fazla yer kaplamadan dekorunuza estetik bir dokunu\u015f ekler. Minimalist tasar\u0131m\u0131, ev ve ofis dekorasyonunda kolayca uyum sa\u011flar.<\/p>\n","protected":false},"excerpt":{"rendered":"<p>3D dalga \u00e7izgileriyle \u00f6ne \u00e7\u0131kan bu kalp fig\u00fcrl\u00fc dekoratif vazo, yenilik\u00e7i tasar\u0131m\u0131 ile bulundu\u011fu alanda fark yarat\u0131r. Vazo; zarif pembe rengiyle romantik bir atmosfer olu\u015ftururken, k\u0131vr\u0131ml\u0131 yap\u0131s\u0131 sayesinde modern bir g\u00f6r\u00fcn\u00fcm sunar. Tek ba\u015f\u0131na dekoratif obje olarak kullan\u0131labilece\u011fi gibi yapay \u00e7i\u00e7ekler veya k\u00fc\u00e7\u00fck aksesuarlarla da tamamlanabilir. 15 cm\u2019lik ideal boyutu sayesinde fazla yer kaplamadan dekorunuza&#8230;<\/p>\n","protected":false},"featured_media":123069,"comment_status":"open","ping_status":"closed","template":"","meta":{"_kad_post_transparent":"","_kad_post_title":"","_kad_post_layout":"","_kad_post_sidebar_id":"","_kad_post_content_style":"","_kad_post_vertical_padding":"","_kad_post_feature":"","_kad_post_feature_position":"","_kad_post_header":false,"_kad_post_footer":false,"_kad_post_classname":""},"product_brand":[],"product_cat":[14940],"product_tag":[],"class_list":{"0":"post-123070","1":"product","2":"type-product","3":"status-publish","4":"has-post-thumbnail","6":"product_cat-dekoratif-obje-biblo-dekoratif-obje-biblo","8":"first","9":"instock","10":"purchasable","11":"product-type-simple","12":"entry","13":"content-bg","14":"loop-entry"},"_links":{"self":[{"href":"https:\/\/www.hediyepazar.com\/index.php?rest_route=\/wp\/v2\/product\/123070","targetHints":{"allow":["GET"]}}],"collection":[{"href":"https:\/\/www.hediyepazar.com\/index.php?rest_route=\/wp\/v2\/product"}],"about":[{"href":"https:\/\/www.hediyepazar.com\/index.php?rest_route=\/wp\/v2\/types\/product"}],"replies":[{"embeddable":true,"href":"https:\/\/www.hediyepazar.com\/index.php?rest_route=%2Fwp%2Fv2%2Fcomments&post=123070"}],"wp:featuredmedia":[{"embeddable":true,"href":"https:\/\/www.hediyepazar.com\/index.php?rest_route=\/wp\/v2\/media\/123069"}],"wp:attachment":[{"href":"https:\/\/www.hediyepazar.com\/index.php?rest_route=%2Fwp%2Fv2%2Fmedia&parent=123070"}],"wp:term":[{"taxonomy":"product_brand","embeddable":true,"href":"https:\/\/www.hediyepazar.com\/index.php?rest_route=%2Fwp%2Fv2%2Fproduct_brand&post=123070"},{"taxonomy":"product_cat","embeddable":true,"href":"https:\/\/www.hediyepazar.com\/index.php?rest_route=%2Fwp%2Fv2%2Fproduct_cat&post=123070"},{"taxonomy":"product_tag","embeddable":true,"href":"https:\/\/www.hediyepazar.com\/index.php?rest_route=%2Fwp%2Fv2%2Fproduct_tag&post=123070"}],"curies":[{"name":"wp","href":"https:\/\/api.w.org\/{rel}","templated":true}]}}