{"id":123082,"date":"2026-05-06T11:48:06","date_gmt":"2026-05-06T14:48:06","guid":{"rendered":"https:\/\/www.hediyepazar.com\/?product=55w-guclu-arac-sarj-cihazi-power-delivery-destekli"},"modified":"2026-05-06T11:48:06","modified_gmt":"2026-05-06T14:48:06","slug":"55w-guclu-arac-sarj-cihazi-power-delivery-destekli","status":"publish","type":"product","link":"https:\/\/www.hediyepazar.com\/?product=55w-guclu-arac-sarj-cihazi-power-delivery-destekli","title":{"rendered":"55W G\u00fc\u00e7l\u00fc Ara\u00e7 \u015earj Cihaz\u0131 Power Delivery Destekli"},"content":{"rendered":"<p>55W g\u00fc\u00e7l\u00fc \u00e7\u0131k\u0131\u015fa sahip Polygold ara\u00e7 \u015farj cihaz\u0131, y\u00fcksek performansl\u0131 \u015farj \u00e7\u00f6z\u00fcmleri sunar. Power Delivery ve Quick Charge 3.0 teknolojileriyle donat\u0131lm\u0131\u015ft\u0131r.Birden fazla cihaz\u0131 ayn\u0131 anda h\u0131zl\u0131 ve g\u00fcvenli \u015fekilde \u015farj edebilirsiniz. Ak\u0131ll\u0131 koruma sistemleri, cihazlar\u0131n\u0131z\u0131 olas\u0131 risklere kar\u015f\u0131 korur. Kompakt ve modern tasar\u0131m\u0131 ara\u00e7 i\u00e7i kullan\u0131m i\u00e7in uygundur.Uzun yolculuklarda ve g\u00fcnl\u00fck kullan\u0131mda g\u00fcvenilir bir yard\u0131mc\u0131d\u0131r.<\/p>\n","protected":false},"excerpt":{"rendered":"<p>55W g\u00fc\u00e7l\u00fc \u00e7\u0131k\u0131\u015fa sahip Polygold ara\u00e7 \u015farj cihaz\u0131, y\u00fcksek performansl\u0131 \u015farj \u00e7\u00f6z\u00fcmleri sunar. Power Delivery ve Quick Charge 3.0 teknolojileriyle donat\u0131lm\u0131\u015ft\u0131r.Birden fazla cihaz\u0131 ayn\u0131 anda h\u0131zl\u0131 ve g\u00fcvenli \u015fekilde \u015farj edebilirsiniz. Ak\u0131ll\u0131 koruma sistemleri, cihazlar\u0131n\u0131z\u0131 olas\u0131 risklere kar\u015f\u0131 korur. Kompakt ve modern tasar\u0131m\u0131 ara\u00e7 i\u00e7i kullan\u0131m i\u00e7in uygundur.Uzun yolculuklarda ve g\u00fcnl\u00fck kullan\u0131mda g\u00fcvenilir bir yard\u0131mc\u0131d\u0131r.<\/p>\n","protected":false},"featured_media":123081,"comment_status":"open","ping_status":"closed","template":"","meta":{"_kad_post_transparent":"","_kad_post_title":"","_kad_post_layout":"","_kad_post_sidebar_id":"","_kad_post_content_style":"","_kad_post_vertical_padding":"","_kad_post_feature":"","_kad_post_feature_position":"","_kad_post_header":false,"_kad_post_footer":false,"_kad_post_classname":""},"product_brand":[],"product_cat":[15142],"product_tag":[],"class_list":{"0":"post-123082","1":"product","2":"type-product","3":"status-publish","4":"has-post-thumbnail","6":"product_cat-arac-ici-aksesuar-arac-ici-aksesuar-2","8":"first","9":"instock","10":"purchasable","11":"product-type-simple","12":"entry","13":"content-bg","14":"loop-entry"},"_links":{"self":[{"href":"https:\/\/www.hediyepazar.com\/index.php?rest_route=\/wp\/v2\/product\/123082","targetHints":{"allow":["GET"]}}],"collection":[{"href":"https:\/\/www.hediyepazar.com\/index.php?rest_route=\/wp\/v2\/product"}],"about":[{"href":"https:\/\/www.hediyepazar.com\/index.php?rest_route=\/wp\/v2\/types\/product"}],"replies":[{"embeddable":true,"href":"https:\/\/www.hediyepazar.com\/index.php?rest_route=%2Fwp%2Fv2%2Fcomments&post=123082"}],"wp:featuredmedia":[{"embeddable":true,"href":"https:\/\/www.hediyepazar.com\/index.php?rest_route=\/wp\/v2\/media\/123081"}],"wp:attachment":[{"href":"https:\/\/www.hediyepazar.com\/index.php?rest_route=%2Fwp%2Fv2%2Fmedia&parent=123082"}],"wp:term":[{"taxonomy":"product_brand","embeddable":true,"href":"https:\/\/www.hediyepazar.com\/index.php?rest_route=%2Fwp%2Fv2%2Fproduct_brand&post=123082"},{"taxonomy":"product_cat","embeddable":true,"href":"https:\/\/www.hediyepazar.com\/index.php?rest_route=%2Fwp%2Fv2%2Fproduct_cat&post=123082"},{"taxonomy":"product_tag","embeddable":true,"href":"https:\/\/www.hediyepazar.com\/index.php?rest_route=%2Fwp%2Fv2%2Fproduct_tag&post=123082"}],"curies":[{"name":"wp","href":"https:\/\/api.w.org\/{rel}","templated":true}]}}