{"id":123084,"date":"2026-05-06T11:48:11","date_gmt":"2026-05-06T14:48:11","guid":{"rendered":"https:\/\/www.hediyepazar.com\/?product=55w-hizli-sarj-arac-cakmaklik-adaptoru-qc-3-0-pd"},"modified":"2026-05-06T11:48:11","modified_gmt":"2026-05-06T14:48:11","slug":"55w-hizli-sarj-arac-cakmaklik-adaptoru-qc-3-0-pd","status":"publish","type":"product","link":"https:\/\/www.hediyepazar.com\/?product=55w-hizli-sarj-arac-cakmaklik-adaptoru-qc-3-0-pd","title":{"rendered":"55W H\u0131zl\u0131 \u015earj Ara\u00e7 \u00c7akmakl\u0131k Adapt\u00f6r\u00fc QC 3.0 PD"},"content":{"rendered":"<p>Polygold 55W h\u0131zl\u0131 \u015farj ara\u00e7 \u00e7akmakl\u0131k adapt\u00f6r\u00fc, y\u00fcksek performansl\u0131 \u015farj ihtiya\u00e7lar\u0131n\u0131 kar\u015f\u0131lamak \u00fczere \u00fcretilmi\u015ftir. Quick Charge 3.0 ve PD teknolojileri sayesinde cihazlar\u0131n\u0131z\u0131 k\u0131sa s\u00fcrede \u015farj ederken g\u00fcvenli\u011fi \u00f6n planda tutar.USB-C PD portu, yeni nesil cihazlara uygun h\u0131zl\u0131 \u015farj sunarken USB-A portu geni\u015f uyumluluk sa\u011flar. Ak\u0131ll\u0131 IC \u00e7ipi sayesinde her cihaz i\u00e7in optimum g\u00fc\u00e7 ayarlan\u0131r.Kompakt tasar\u0131m\u0131, ara\u00e7 i\u00e7inde kullan\u0131m kolayl\u0131\u011f\u0131 sunar. Sa\u011flam yap\u0131s\u0131 uzun s\u00fcreli kullan\u0131m i\u00e7in idealdir. G\u00fcnl\u00fck kullan\u0131mda konfor ve h\u0131z arayanlar i\u00e7in ideal bir \u00fcr\u00fcnd\u00fcr.<\/p>\n","protected":false},"excerpt":{"rendered":"<p>Polygold 55W h\u0131zl\u0131 \u015farj ara\u00e7 \u00e7akmakl\u0131k adapt\u00f6r\u00fc, y\u00fcksek performansl\u0131 \u015farj ihtiya\u00e7lar\u0131n\u0131 kar\u015f\u0131lamak \u00fczere \u00fcretilmi\u015ftir. Quick Charge 3.0 ve PD teknolojileri sayesinde cihazlar\u0131n\u0131z\u0131 k\u0131sa s\u00fcrede \u015farj ederken g\u00fcvenli\u011fi \u00f6n planda tutar.USB-C PD portu, yeni nesil cihazlara uygun h\u0131zl\u0131 \u015farj sunarken USB-A portu geni\u015f uyumluluk sa\u011flar. Ak\u0131ll\u0131 IC \u00e7ipi sayesinde her cihaz i\u00e7in optimum g\u00fc\u00e7 ayarlan\u0131r.Kompakt tasar\u0131m\u0131,&#8230;<\/p>\n","protected":false},"featured_media":123083,"comment_status":"open","ping_status":"closed","template":"","meta":{"_kad_post_transparent":"","_kad_post_title":"","_kad_post_layout":"","_kad_post_sidebar_id":"","_kad_post_content_style":"","_kad_post_vertical_padding":"","_kad_post_feature":"","_kad_post_feature_position":"","_kad_post_header":false,"_kad_post_footer":false,"_kad_post_classname":""},"product_brand":[],"product_cat":[15142],"product_tag":[],"class_list":{"0":"post-123084","1":"product","2":"type-product","3":"status-publish","4":"has-post-thumbnail","6":"product_cat-arac-ici-aksesuar-arac-ici-aksesuar-2","8":"first","9":"instock","10":"purchasable","11":"product-type-simple","12":"entry","13":"content-bg","14":"loop-entry"},"_links":{"self":[{"href":"https:\/\/www.hediyepazar.com\/index.php?rest_route=\/wp\/v2\/product\/123084","targetHints":{"allow":["GET"]}}],"collection":[{"href":"https:\/\/www.hediyepazar.com\/index.php?rest_route=\/wp\/v2\/product"}],"about":[{"href":"https:\/\/www.hediyepazar.com\/index.php?rest_route=\/wp\/v2\/types\/product"}],"replies":[{"embeddable":true,"href":"https:\/\/www.hediyepazar.com\/index.php?rest_route=%2Fwp%2Fv2%2Fcomments&post=123084"}],"wp:featuredmedia":[{"embeddable":true,"href":"https:\/\/www.hediyepazar.com\/index.php?rest_route=\/wp\/v2\/media\/123083"}],"wp:attachment":[{"href":"https:\/\/www.hediyepazar.com\/index.php?rest_route=%2Fwp%2Fv2%2Fmedia&parent=123084"}],"wp:term":[{"taxonomy":"product_brand","embeddable":true,"href":"https:\/\/www.hediyepazar.com\/index.php?rest_route=%2Fwp%2Fv2%2Fproduct_brand&post=123084"},{"taxonomy":"product_cat","embeddable":true,"href":"https:\/\/www.hediyepazar.com\/index.php?rest_route=%2Fwp%2Fv2%2Fproduct_cat&post=123084"},{"taxonomy":"product_tag","embeddable":true,"href":"https:\/\/www.hediyepazar.com\/index.php?rest_route=%2Fwp%2Fv2%2Fproduct_tag&post=123084"}],"curies":[{"name":"wp","href":"https:\/\/api.w.org\/{rel}","templated":true}]}}