{"id":123092,"date":"2026-05-06T11:49:07","date_gmt":"2026-05-06T14:49:07","guid":{"rendered":"https:\/\/www.hediyepazar.com\/?product=seri-9-set"},"modified":"2026-05-06T11:49:07","modified_gmt":"2026-05-06T14:49:07","slug":"seri-9-set","status":"publish","type":"product","link":"https:\/\/www.hediyepazar.com\/?product=seri-9-set","title":{"rendered":"SER\u0130 9 SET"},"content":{"rendered":"<p>Watch 9 Max Ak\u0131ll\u0131 Saat ve Kablosuz Kulakl\u0131k Seti, g\u00fcnl\u00fck ya\u015famda teknolojiye ihtiya\u00e7 duyan kullan\u0131c\u0131lar i\u00e7in ideal bir \u00e7\u00f6z\u00fcmd\u00fcr. \u015e\u0131k tasar\u0131m\u0131, fonksiyonel \u00f6zellikleri ve zengin set i\u00e7eri\u011fiyle hem kullan\u0131m kolayl\u0131\u011f\u0131 hem de estetik sunar.Set i\u00e7erisinde Watch 9 Max ak\u0131ll\u0131 saat, iki adet de\u011fi\u015ftirilebilir kordon ve bir adet kablosuz kulakl\u0131k bulunmaktad\u0131r. Kordon se\u00e7enekleri sayesinde saatinizi farkl\u0131 ortamlara uygun \u015fekilde kullanabilirsiniz. Kablosuz kulakl\u0131k ise hareket \u00f6zg\u00fcrl\u00fc\u011f\u00fc sa\u011flar.Saat; ad\u0131m sayar, nab\u0131z sens\u00f6r\u00fc ve uyku takibi gibi temel sa\u011fl\u0131k fonksiyonlar\u0131 ile g\u00fcnl\u00fck aktivitelerinizi takip etmenizi sa\u011flar. Mesaj ve arama bildirimleri ile ileti\u015fimde kalabilir, sesli g\u00f6r\u00fc\u015fme \u00f6zelli\u011fi sayesinde saat \u00fczerinden \u00e7a\u011fr\u0131 yapabilirsiniz.45 mm kasa \u00e7ap\u0131 ve g\u00fcm\u00fc\u015f rengi modern bir g\u00f6r\u00fcn\u00fcm sunarken geni\u015f ekran\u0131 ile kullan\u0131m konforu sa\u011flar. 300\u2013400 mAh batarya kapasitesi, g\u00fcn boyu kullan\u0131m i\u00e7in yeterlidir. Titre\u015fimli bildirimler sayesinde uyar\u0131lar\u0131 an\u0131nda hissedersiniz.Watch 9 Max Ak\u0131ll\u0131 Saat ve Kulakl\u0131k Seti, fonksiyonel \u00f6zellikleri ve \u015f\u0131k tasar\u0131m\u0131yla ak\u0131ll\u0131 saat d\u00fcnyas\u0131nda g\u00fc\u00e7l\u00fc bir alternatif sunar.<\/p>\n","protected":false},"excerpt":{"rendered":"<p>Watch 9 Max Ak\u0131ll\u0131 Saat ve Kablosuz Kulakl\u0131k Seti, g\u00fcnl\u00fck ya\u015famda teknolojiye ihtiya\u00e7 duyan kullan\u0131c\u0131lar i\u00e7in ideal bir \u00e7\u00f6z\u00fcmd\u00fcr. \u015e\u0131k tasar\u0131m\u0131, fonksiyonel \u00f6zellikleri ve zengin set i\u00e7eri\u011fiyle hem kullan\u0131m kolayl\u0131\u011f\u0131 hem de estetik sunar.Set i\u00e7erisinde Watch 9 Max ak\u0131ll\u0131 saat, iki adet de\u011fi\u015ftirilebilir kordon ve bir adet kablosuz kulakl\u0131k bulunmaktad\u0131r. Kordon se\u00e7enekleri sayesinde saatinizi farkl\u0131&#8230;<\/p>\n","protected":false},"featured_media":123091,"comment_status":"open","ping_status":"closed","template":"","meta":{"_kad_post_transparent":"","_kad_post_title":"","_kad_post_layout":"","_kad_post_sidebar_id":"","_kad_post_content_style":"","_kad_post_vertical_padding":"","_kad_post_feature":"","_kad_post_feature_position":"","_kad_post_header":false,"_kad_post_footer":false,"_kad_post_classname":""},"product_brand":[],"product_cat":[14935],"product_tag":[],"class_list":{"0":"post-123092","1":"product","2":"type-product","3":"status-publish","4":"has-post-thumbnail","6":"product_cat-akilli-saatler-akilli-saatler","8":"first","9":"instock","10":"purchasable","11":"product-type-simple","12":"entry","13":"content-bg","14":"loop-entry"},"_links":{"self":[{"href":"https:\/\/www.hediyepazar.com\/index.php?rest_route=\/wp\/v2\/product\/123092","targetHints":{"allow":["GET"]}}],"collection":[{"href":"https:\/\/www.hediyepazar.com\/index.php?rest_route=\/wp\/v2\/product"}],"about":[{"href":"https:\/\/www.hediyepazar.com\/index.php?rest_route=\/wp\/v2\/types\/product"}],"replies":[{"embeddable":true,"href":"https:\/\/www.hediyepazar.com\/index.php?rest_route=%2Fwp%2Fv2%2Fcomments&post=123092"}],"wp:featuredmedia":[{"embeddable":true,"href":"https:\/\/www.hediyepazar.com\/index.php?rest_route=\/wp\/v2\/media\/123091"}],"wp:attachment":[{"href":"https:\/\/www.hediyepazar.com\/index.php?rest_route=%2Fwp%2Fv2%2Fmedia&parent=123092"}],"wp:term":[{"taxonomy":"product_brand","embeddable":true,"href":"https:\/\/www.hediyepazar.com\/index.php?rest_route=%2Fwp%2Fv2%2Fproduct_brand&post=123092"},{"taxonomy":"product_cat","embeddable":true,"href":"https:\/\/www.hediyepazar.com\/index.php?rest_route=%2Fwp%2Fv2%2Fproduct_cat&post=123092"},{"taxonomy":"product_tag","embeddable":true,"href":"https:\/\/www.hediyepazar.com\/index.php?rest_route=%2Fwp%2Fv2%2Fproduct_tag&post=123092"}],"curies":[{"name":"wp","href":"https:\/\/api.w.org\/{rel}","templated":true}]}}