{"id":123096,"date":"2026-05-06T11:49:19","date_gmt":"2026-05-06T14:49:19","guid":{"rendered":"https:\/\/www.hediyepazar.com\/?product=watch-9-max-akilli-saat-sesli-gorusme-ozellikli-kulaklik-seti"},"modified":"2026-05-06T11:49:19","modified_gmt":"2026-05-06T14:49:19","slug":"watch-9-max-akilli-saat-sesli-gorusme-ozellikli-kulaklik-seti","status":"publish","type":"product","link":"https:\/\/www.hediyepazar.com\/?product=watch-9-max-akilli-saat-sesli-gorusme-ozellikli-kulaklik-seti","title":{"rendered":"Watch 9 Max Ak\u0131ll\u0131 Saat Sesli G\u00f6r\u00fc\u015fme \u00d6zellikli Kulakl\u0131k Seti"},"content":{"rendered":"<p>Watch 9 Max Ak\u0131ll\u0131 Saat Sesli G\u00f6r\u00fc\u015fme \u00d6zellikli Kulakl\u0131k Seti, teknoloji ile konforu bir arada sunar. G\u00fcnl\u00fck kullan\u0131mda ihtiya\u00e7 duyulan temel ak\u0131ll\u0131 \u00f6zellikleri, \u015f\u0131k tasar\u0131m\u0131yla birle\u015ftirerek kullan\u0131c\u0131ya pratik bir deneyim sa\u011flar. \u0130\u015f, spor ve sosyal ya\u015famda rahatl\u0131kla kullan\u0131labilir.Set i\u00e7eri\u011finde bulunan iki adet kordon, farkl\u0131 kullan\u0131m senaryolar\u0131na uyum sa\u011flar. Kablosuz kulakl\u0131k ise g\u00f6r\u00fc\u015fmelerinizi ve m\u00fczik keyfinizi \u00f6zg\u00fcrce ya\u015faman\u0131za imkan tan\u0131r. Saat \u00fczerinden yap\u0131lan sesli g\u00f6r\u00fc\u015fmeler, ileti\u015fimi daha h\u0131zl\u0131 ve pratik hale getirir.Watch 9 Max; ad\u0131m sayar, nab\u0131z sens\u00f6r\u00fc ve uyku takibi gibi sa\u011fl\u0131k fonksiyonlar\u0131 ile g\u00fcnl\u00fck ya\u015fam\u0131n\u0131z\u0131 takip etmenize yard\u0131mc\u0131 olur. Bildirim \u00f6zelli\u011fi sayesinde gelen mesaj ve aramalar\u0131 ka\u00e7\u0131rmadan g\u00f6r\u00fcnt\u00fcleyebilirsiniz. Titre\u015fimli uyar\u0131lar sessiz ortamlarda b\u00fcy\u00fck avantaj sa\u011flar.45 mm kasa \u00e7ap\u0131 ve modern g\u00fcm\u00fc\u015f tasar\u0131m\u0131, saatin estetik duru\u015funu g\u00fc\u00e7lendirir. 300\u2013400 mAh batarya kapasitesi sayesinde g\u00fcn boyu kesintisiz kullan\u0131m m\u00fcmk\u00fcnd\u00fcr. Kullan\u0131m\u0131 kolay aray\u00fcz\u00fc ile her ya\u015ftan kullan\u0131c\u0131ya hitap eder.Watch 9 Max Ak\u0131ll\u0131 Saat Kulakl\u0131k Seti, fonksiyonel \u00f6zellikleri ve zengin i\u00e7eri\u011fiyle ak\u0131ll\u0131 saat deneyimini daha eri\u015filebilir ve keyifli hale getirir.<\/p>\n","protected":false},"excerpt":{"rendered":"<p>Watch 9 Max Ak\u0131ll\u0131 Saat Sesli G\u00f6r\u00fc\u015fme \u00d6zellikli Kulakl\u0131k Seti, teknoloji ile konforu bir arada sunar. G\u00fcnl\u00fck kullan\u0131mda ihtiya\u00e7 duyulan temel ak\u0131ll\u0131 \u00f6zellikleri, \u015f\u0131k tasar\u0131m\u0131yla birle\u015ftirerek kullan\u0131c\u0131ya pratik bir deneyim sa\u011flar. \u0130\u015f, spor ve sosyal ya\u015famda rahatl\u0131kla kullan\u0131labilir.Set i\u00e7eri\u011finde bulunan iki adet kordon, farkl\u0131 kullan\u0131m senaryolar\u0131na uyum sa\u011flar. Kablosuz kulakl\u0131k ise g\u00f6r\u00fc\u015fmelerinizi ve m\u00fczik keyfinizi&#8230;<\/p>\n","protected":false},"featured_media":123095,"comment_status":"open","ping_status":"closed","template":"","meta":{"_kad_post_transparent":"","_kad_post_title":"","_kad_post_layout":"","_kad_post_sidebar_id":"","_kad_post_content_style":"","_kad_post_vertical_padding":"","_kad_post_feature":"","_kad_post_feature_position":"","_kad_post_header":false,"_kad_post_footer":false,"_kad_post_classname":""},"product_brand":[],"product_cat":[14935],"product_tag":[],"class_list":{"0":"post-123096","1":"product","2":"type-product","3":"status-publish","4":"has-post-thumbnail","6":"product_cat-akilli-saatler-akilli-saatler","8":"first","9":"instock","10":"purchasable","11":"product-type-simple","12":"entry","13":"content-bg","14":"loop-entry"},"_links":{"self":[{"href":"https:\/\/www.hediyepazar.com\/index.php?rest_route=\/wp\/v2\/product\/123096","targetHints":{"allow":["GET"]}}],"collection":[{"href":"https:\/\/www.hediyepazar.com\/index.php?rest_route=\/wp\/v2\/product"}],"about":[{"href":"https:\/\/www.hediyepazar.com\/index.php?rest_route=\/wp\/v2\/types\/product"}],"replies":[{"embeddable":true,"href":"https:\/\/www.hediyepazar.com\/index.php?rest_route=%2Fwp%2Fv2%2Fcomments&post=123096"}],"wp:featuredmedia":[{"embeddable":true,"href":"https:\/\/www.hediyepazar.com\/index.php?rest_route=\/wp\/v2\/media\/123095"}],"wp:attachment":[{"href":"https:\/\/www.hediyepazar.com\/index.php?rest_route=%2Fwp%2Fv2%2Fmedia&parent=123096"}],"wp:term":[{"taxonomy":"product_brand","embeddable":true,"href":"https:\/\/www.hediyepazar.com\/index.php?rest_route=%2Fwp%2Fv2%2Fproduct_brand&post=123096"},{"taxonomy":"product_cat","embeddable":true,"href":"https:\/\/www.hediyepazar.com\/index.php?rest_route=%2Fwp%2Fv2%2Fproduct_cat&post=123096"},{"taxonomy":"product_tag","embeddable":true,"href":"https:\/\/www.hediyepazar.com\/index.php?rest_route=%2Fwp%2Fv2%2Fproduct_tag&post=123096"}],"curies":[{"name":"wp","href":"https:\/\/api.w.org\/{rel}","templated":true}]}}