{"id":123122,"date":"2026-05-06T11:55:38","date_gmt":"2026-05-06T14:55:38","guid":{"rendered":"https:\/\/www.hediyepazar.com\/?product=tasinabilir-nostalji-radyo-bluetooth-usb-aux-girisli"},"modified":"2026-05-06T11:55:38","modified_gmt":"2026-05-06T14:55:38","slug":"tasinabilir-nostalji-radyo-bluetooth-usb-aux-girisli","status":"publish","type":"product","link":"https:\/\/www.hediyepazar.com\/?product=tasinabilir-nostalji-radyo-bluetooth-usb-aux-girisli","title":{"rendered":"Ta\u015f\u0131nabilir Nostalji Radyo Bluetooth USB AUX Giri\u015fli"},"content":{"rendered":"<p>Ta\u015f\u0131nabilir nostalji Bluetooth radyo, hem g\u00f6rsel hem fonksiyonel bir \u00fcr\u00fcnd\u00fcr. Ah\u015fap kaplama g\u00f6vdesi estetik bir duru\u015f sunarken, LED ayd\u0131nlatmas\u0131 ortama s\u0131cak bir ambiyans katar. Bluetooth, USB, SD kart ve AUX deste\u011fi sayesinde \u00e7ok y\u00f6nl\u00fc kullan\u0131m sa\u011flar.Kullan\u0131m\u0131 kolay d\u00fc\u011fmeleri ve net ses performans\u0131 ile her ya\u015ftan kullan\u0131c\u0131ya hitap eder.<\/p>\n","protected":false},"excerpt":{"rendered":"<p>Ta\u015f\u0131nabilir nostalji Bluetooth radyo, hem g\u00f6rsel hem fonksiyonel bir \u00fcr\u00fcnd\u00fcr. Ah\u015fap kaplama g\u00f6vdesi estetik bir duru\u015f sunarken, LED ayd\u0131nlatmas\u0131 ortama s\u0131cak bir ambiyans katar. Bluetooth, USB, SD kart ve AUX deste\u011fi sayesinde \u00e7ok y\u00f6nl\u00fc kullan\u0131m sa\u011flar.Kullan\u0131m\u0131 kolay d\u00fc\u011fmeleri ve net ses performans\u0131 ile her ya\u015ftan kullan\u0131c\u0131ya hitap eder.<\/p>\n","protected":false},"featured_media":123121,"comment_status":"open","ping_status":"closed","template":"","meta":{"_kad_post_transparent":"","_kad_post_title":"","_kad_post_layout":"","_kad_post_sidebar_id":"","_kad_post_content_style":"","_kad_post_vertical_padding":"","_kad_post_feature":"","_kad_post_feature_position":"","_kad_post_header":false,"_kad_post_footer":false,"_kad_post_classname":""},"product_brand":[],"product_cat":[14911],"product_tag":[],"class_list":{"0":"post-123122","1":"product","2":"type-product","3":"status-publish","4":"has-post-thumbnail","6":"product_cat-kablosuz-hoparlor-kablosuz-hoparlor","8":"first","9":"instock","10":"purchasable","11":"product-type-simple","12":"entry","13":"content-bg","14":"loop-entry"},"_links":{"self":[{"href":"https:\/\/www.hediyepazar.com\/index.php?rest_route=\/wp\/v2\/product\/123122","targetHints":{"allow":["GET"]}}],"collection":[{"href":"https:\/\/www.hediyepazar.com\/index.php?rest_route=\/wp\/v2\/product"}],"about":[{"href":"https:\/\/www.hediyepazar.com\/index.php?rest_route=\/wp\/v2\/types\/product"}],"replies":[{"embeddable":true,"href":"https:\/\/www.hediyepazar.com\/index.php?rest_route=%2Fwp%2Fv2%2Fcomments&post=123122"}],"wp:featuredmedia":[{"embeddable":true,"href":"https:\/\/www.hediyepazar.com\/index.php?rest_route=\/wp\/v2\/media\/123121"}],"wp:attachment":[{"href":"https:\/\/www.hediyepazar.com\/index.php?rest_route=%2Fwp%2Fv2%2Fmedia&parent=123122"}],"wp:term":[{"taxonomy":"product_brand","embeddable":true,"href":"https:\/\/www.hediyepazar.com\/index.php?rest_route=%2Fwp%2Fv2%2Fproduct_brand&post=123122"},{"taxonomy":"product_cat","embeddable":true,"href":"https:\/\/www.hediyepazar.com\/index.php?rest_route=%2Fwp%2Fv2%2Fproduct_cat&post=123122"},{"taxonomy":"product_tag","embeddable":true,"href":"https:\/\/www.hediyepazar.com\/index.php?rest_route=%2Fwp%2Fv2%2Fproduct_tag&post=123122"}],"curies":[{"name":"wp","href":"https:\/\/api.w.org\/{rel}","templated":true}]}}