{"id":123124,"date":"2026-05-06T11:55:42","date_gmt":"2026-05-06T14:55:42","guid":{"rendered":"https:\/\/www.hediyepazar.com\/?product=eskitme-tasarimli-ahsap-bluetooth-radyo-led-aydinlatmali"},"modified":"2026-05-06T11:55:42","modified_gmt":"2026-05-06T14:55:42","slug":"eskitme-tasarimli-ahsap-bluetooth-radyo-led-aydinlatmali","status":"publish","type":"product","link":"https:\/\/www.hediyepazar.com\/?product=eskitme-tasarimli-ahsap-bluetooth-radyo-led-aydinlatmali","title":{"rendered":"Eskitme Tasar\u0131ml\u0131 Ah\u015fap Bluetooth Radyo LED Ayd\u0131nlatmal\u0131"},"content":{"rendered":"<p>Eskitme tasar\u0131ml\u0131 ah\u015fap Bluetooth radyo, klasik \u00e7izgileri modern teknoloji ile bulu\u015fturur. 3 bantl\u0131 radyo sistemi (FM, AM, SW) ile geni\u015f yay\u0131n se\u00e7enekleri sunar. Bluetooth ba\u011flant\u0131 sayesinde kablosuz m\u00fczik keyfi ya\u015fat\u0131r.USB ve SD kart giri\u015fleri ile dijital m\u00fczikleri desteklerken, AUX giri\u015fi ile kablolu ba\u011flant\u0131 imk\u00e2n\u0131 da sa\u011flar. \u015earj edilebilir bataryas\u0131 ve ta\u015f\u0131nabilir yap\u0131s\u0131 ile her ortamda kullan\u0131m i\u00e7in uygundur.<\/p>\n","protected":false},"excerpt":{"rendered":"<p>Eskitme tasar\u0131ml\u0131 ah\u015fap Bluetooth radyo, klasik \u00e7izgileri modern teknoloji ile bulu\u015fturur. 3 bantl\u0131 radyo sistemi (FM, AM, SW) ile geni\u015f yay\u0131n se\u00e7enekleri sunar. Bluetooth ba\u011flant\u0131 sayesinde kablosuz m\u00fczik keyfi ya\u015fat\u0131r.USB ve SD kart giri\u015fleri ile dijital m\u00fczikleri desteklerken, AUX giri\u015fi ile kablolu ba\u011flant\u0131 imk\u00e2n\u0131 da sa\u011flar. \u015earj edilebilir bataryas\u0131 ve ta\u015f\u0131nabilir yap\u0131s\u0131 ile her ortamda&#8230;<\/p>\n","protected":false},"featured_media":123123,"comment_status":"open","ping_status":"closed","template":"","meta":{"_kad_post_transparent":"","_kad_post_title":"","_kad_post_layout":"","_kad_post_sidebar_id":"","_kad_post_content_style":"","_kad_post_vertical_padding":"","_kad_post_feature":"","_kad_post_feature_position":"","_kad_post_header":false,"_kad_post_footer":false,"_kad_post_classname":""},"product_brand":[],"product_cat":[14911],"product_tag":[],"class_list":{"0":"post-123124","1":"product","2":"type-product","3":"status-publish","4":"has-post-thumbnail","6":"product_cat-kablosuz-hoparlor-kablosuz-hoparlor","8":"first","9":"instock","10":"purchasable","11":"product-type-simple","12":"entry","13":"content-bg","14":"loop-entry"},"_links":{"self":[{"href":"https:\/\/www.hediyepazar.com\/index.php?rest_route=\/wp\/v2\/product\/123124","targetHints":{"allow":["GET"]}}],"collection":[{"href":"https:\/\/www.hediyepazar.com\/index.php?rest_route=\/wp\/v2\/product"}],"about":[{"href":"https:\/\/www.hediyepazar.com\/index.php?rest_route=\/wp\/v2\/types\/product"}],"replies":[{"embeddable":true,"href":"https:\/\/www.hediyepazar.com\/index.php?rest_route=%2Fwp%2Fv2%2Fcomments&post=123124"}],"wp:featuredmedia":[{"embeddable":true,"href":"https:\/\/www.hediyepazar.com\/index.php?rest_route=\/wp\/v2\/media\/123123"}],"wp:attachment":[{"href":"https:\/\/www.hediyepazar.com\/index.php?rest_route=%2Fwp%2Fv2%2Fmedia&parent=123124"}],"wp:term":[{"taxonomy":"product_brand","embeddable":true,"href":"https:\/\/www.hediyepazar.com\/index.php?rest_route=%2Fwp%2Fv2%2Fproduct_brand&post=123124"},{"taxonomy":"product_cat","embeddable":true,"href":"https:\/\/www.hediyepazar.com\/index.php?rest_route=%2Fwp%2Fv2%2Fproduct_cat&post=123124"},{"taxonomy":"product_tag","embeddable":true,"href":"https:\/\/www.hediyepazar.com\/index.php?rest_route=%2Fwp%2Fv2%2Fproduct_tag&post=123124"}],"curies":[{"name":"wp","href":"https:\/\/api.w.org\/{rel}","templated":true}]}}