{"id":123126,"date":"2026-05-06T11:55:47","date_gmt":"2026-05-06T14:55:47","guid":{"rendered":"https:\/\/www.hediyepazar.com\/?product=bluetooth-ozellikli-nostalji-radyo-3-bant-fm-am-sw"},"modified":"2026-05-06T11:55:47","modified_gmt":"2026-05-06T14:55:47","slug":"bluetooth-ozellikli-nostalji-radyo-3-bant-fm-am-sw","status":"publish","type":"product","link":"https:\/\/www.hediyepazar.com\/?product=bluetooth-ozellikli-nostalji-radyo-3-bant-fm-am-sw","title":{"rendered":"Bluetooth \u00d6zellikli Nostalji Radyo 3 Bant FM AM SW"},"content":{"rendered":"<p>Bluetooth \u00f6zellikli nostalji radyo, klasik radyo tutkunlar\u0131 i\u00e7in modern bir alternatif sunar. Ah\u015fap g\u00f6r\u00fcn\u00fcml\u00fc g\u00f6vdesi ve retro tasar\u0131m\u0131 ile ge\u00e7mi\u015fin esteti\u011fini ya\u015fat\u0131rken, Bluetooth, USB, SD kart ve AUX giri\u015fleriyle \u00e7ok y\u00f6nl\u00fc kullan\u0131m imk\u00e2n\u0131 sa\u011flar.FM, AM ve SW bant deste\u011fi sayesinde farkl\u0131 yay\u0131nlar\u0131 rahatl\u0131kla dinleyebilirsiniz. Kablosuz ba\u011flant\u0131 \u00f6zelli\u011fi, telefonunuzdaki m\u00fczikleri zahmetsizce aktarman\u0131za olanak tan\u0131r. Dahili \u015farjl\u0131 bataryas\u0131 sayesinde ta\u015f\u0131nabilir kullan\u0131m sunar.LED ayd\u0131nlatmal\u0131 yap\u0131s\u0131, nostaljik atmosferi tamamlayan \u015f\u0131k bir detayd\u0131r. Ev, ofis ve hobi alanlar\u0131nda hem ses kayna\u011f\u0131 hem de dekoratif bir aksesuar olarak kullan\u0131labilir.<\/p>\n","protected":false},"excerpt":{"rendered":"<p>Bluetooth \u00f6zellikli nostalji radyo, klasik radyo tutkunlar\u0131 i\u00e7in modern bir alternatif sunar. Ah\u015fap g\u00f6r\u00fcn\u00fcml\u00fc g\u00f6vdesi ve retro tasar\u0131m\u0131 ile ge\u00e7mi\u015fin esteti\u011fini ya\u015fat\u0131rken, Bluetooth, USB, SD kart ve AUX giri\u015fleriyle \u00e7ok y\u00f6nl\u00fc kullan\u0131m imk\u00e2n\u0131 sa\u011flar.FM, AM ve SW bant deste\u011fi sayesinde farkl\u0131 yay\u0131nlar\u0131 rahatl\u0131kla dinleyebilirsiniz. Kablosuz ba\u011flant\u0131 \u00f6zelli\u011fi, telefonunuzdaki m\u00fczikleri zahmetsizce aktarman\u0131za olanak tan\u0131r. Dahili \u015farjl\u0131&#8230;<\/p>\n","protected":false},"featured_media":123125,"comment_status":"open","ping_status":"closed","template":"","meta":{"_kad_post_transparent":"","_kad_post_title":"","_kad_post_layout":"","_kad_post_sidebar_id":"","_kad_post_content_style":"","_kad_post_vertical_padding":"","_kad_post_feature":"","_kad_post_feature_position":"","_kad_post_header":false,"_kad_post_footer":false,"_kad_post_classname":""},"product_brand":[],"product_cat":[14911],"product_tag":[],"class_list":{"0":"post-123126","1":"product","2":"type-product","3":"status-publish","4":"has-post-thumbnail","6":"product_cat-kablosuz-hoparlor-kablosuz-hoparlor","8":"first","9":"instock","10":"purchasable","11":"product-type-simple","12":"entry","13":"content-bg","14":"loop-entry"},"_links":{"self":[{"href":"https:\/\/www.hediyepazar.com\/index.php?rest_route=\/wp\/v2\/product\/123126","targetHints":{"allow":["GET"]}}],"collection":[{"href":"https:\/\/www.hediyepazar.com\/index.php?rest_route=\/wp\/v2\/product"}],"about":[{"href":"https:\/\/www.hediyepazar.com\/index.php?rest_route=\/wp\/v2\/types\/product"}],"replies":[{"embeddable":true,"href":"https:\/\/www.hediyepazar.com\/index.php?rest_route=%2Fwp%2Fv2%2Fcomments&post=123126"}],"wp:featuredmedia":[{"embeddable":true,"href":"https:\/\/www.hediyepazar.com\/index.php?rest_route=\/wp\/v2\/media\/123125"}],"wp:attachment":[{"href":"https:\/\/www.hediyepazar.com\/index.php?rest_route=%2Fwp%2Fv2%2Fmedia&parent=123126"}],"wp:term":[{"taxonomy":"product_brand","embeddable":true,"href":"https:\/\/www.hediyepazar.com\/index.php?rest_route=%2Fwp%2Fv2%2Fproduct_brand&post=123126"},{"taxonomy":"product_cat","embeddable":true,"href":"https:\/\/www.hediyepazar.com\/index.php?rest_route=%2Fwp%2Fv2%2Fproduct_cat&post=123126"},{"taxonomy":"product_tag","embeddable":true,"href":"https:\/\/www.hediyepazar.com\/index.php?rest_route=%2Fwp%2Fv2%2Fproduct_tag&post=123126"}],"curies":[{"name":"wp","href":"https:\/\/api.w.org\/{rel}","templated":true}]}}