{"id":123128,"date":"2026-05-06T11:55:51","date_gmt":"2026-05-06T14:55:51","guid":{"rendered":"https:\/\/www.hediyepazar.com\/?product=ahsap-nostaljik-radyo-bluetooth-usb-sd-kart-destekli"},"modified":"2026-05-06T11:55:51","modified_gmt":"2026-05-06T14:55:51","slug":"ahsap-nostaljik-radyo-bluetooth-usb-sd-kart-destekli","status":"publish","type":"product","link":"https:\/\/www.hediyepazar.com\/?product=ahsap-nostaljik-radyo-bluetooth-usb-sd-kart-destekli","title":{"rendered":"Ah\u015fap Nostaljik Radyo Bluetooth USB SD Kart Destekli"},"content":{"rendered":"<p>Ah\u015fap kaplamal\u0131 Bluetooth nostalji radyo, klasik radyo tasar\u0131m\u0131n\u0131 g\u00fcn\u00fcm\u00fcz teknolojisiyle birle\u015ftirerek benzersiz bir kullan\u0131m deneyimi sunar. Eskitme g\u00f6r\u00fcn\u00fcml\u00fc d\u0131\u015f y\u00fczeyi ve retro detaylar\u0131 ile bulundu\u011fu ortama nostaljik bir hava katar. FM, AM ve SW bantlar\u0131 sayesinde yerel ve uluslararas\u0131 radyo yay\u0131nlar\u0131n\u0131 geni\u015f frekans aral\u0131\u011f\u0131nda dinleme imk\u00e2n\u0131 sa\u011flar.Bluetooth kablosuz ba\u011flant\u0131 \u00f6zelli\u011fi sayesinde ak\u0131ll\u0131 telefonlar\u0131n\u0131zdan m\u00fczik \u00e7alabilir, USB bellek ve SD kart giri\u015fleriyle dijital m\u00fczik ar\u015fivinizi kolayca kullanabilirsiniz. AUX giri\u015fi sayesinde farkl\u0131 ses kaynaklar\u0131n\u0131 da ba\u011flayabilirsiniz.\u015earj edilebilir bataryas\u0131, kabloya ba\u011fl\u0131 kalmadan kullan\u0131m \u00f6zg\u00fcrl\u00fc\u011f\u00fc sunar. 5 watt \u00e7\u0131k\u0131\u015f g\u00fcc\u00fc, ev ve ofis kullan\u0131m\u0131 i\u00e7in yeterli ve dengeli bir ses sa\u011flar. Kolay ayarlanabilir d\u00fc\u011fmeleri sayesinde herkes taraf\u0131ndan rahatl\u0131kla kullan\u0131labilir.Hem dekoratif hem fonksiyonel bir \u00fcr\u00fcn arayanlar i\u00e7in ideal bir nostalji radyodur.<\/p>\n","protected":false},"excerpt":{"rendered":"<p>Ah\u015fap kaplamal\u0131 Bluetooth nostalji radyo, klasik radyo tasar\u0131m\u0131n\u0131 g\u00fcn\u00fcm\u00fcz teknolojisiyle birle\u015ftirerek benzersiz bir kullan\u0131m deneyimi sunar. Eskitme g\u00f6r\u00fcn\u00fcml\u00fc d\u0131\u015f y\u00fczeyi ve retro detaylar\u0131 ile bulundu\u011fu ortama nostaljik bir hava katar. FM, AM ve SW bantlar\u0131 sayesinde yerel ve uluslararas\u0131 radyo yay\u0131nlar\u0131n\u0131 geni\u015f frekans aral\u0131\u011f\u0131nda dinleme imk\u00e2n\u0131 sa\u011flar.Bluetooth kablosuz ba\u011flant\u0131 \u00f6zelli\u011fi sayesinde ak\u0131ll\u0131 telefonlar\u0131n\u0131zdan m\u00fczik \u00e7alabilir,&#8230;<\/p>\n","protected":false},"featured_media":123127,"comment_status":"open","ping_status":"closed","template":"","meta":{"_kad_post_transparent":"","_kad_post_title":"","_kad_post_layout":"","_kad_post_sidebar_id":"","_kad_post_content_style":"","_kad_post_vertical_padding":"","_kad_post_feature":"","_kad_post_feature_position":"","_kad_post_header":false,"_kad_post_footer":false,"_kad_post_classname":""},"product_brand":[],"product_cat":[14911],"product_tag":[],"class_list":{"0":"post-123128","1":"product","2":"type-product","3":"status-publish","4":"has-post-thumbnail","6":"product_cat-kablosuz-hoparlor-kablosuz-hoparlor","8":"first","9":"instock","10":"purchasable","11":"product-type-simple","12":"entry","13":"content-bg","14":"loop-entry"},"_links":{"self":[{"href":"https:\/\/www.hediyepazar.com\/index.php?rest_route=\/wp\/v2\/product\/123128","targetHints":{"allow":["GET"]}}],"collection":[{"href":"https:\/\/www.hediyepazar.com\/index.php?rest_route=\/wp\/v2\/product"}],"about":[{"href":"https:\/\/www.hediyepazar.com\/index.php?rest_route=\/wp\/v2\/types\/product"}],"replies":[{"embeddable":true,"href":"https:\/\/www.hediyepazar.com\/index.php?rest_route=%2Fwp%2Fv2%2Fcomments&post=123128"}],"wp:featuredmedia":[{"embeddable":true,"href":"https:\/\/www.hediyepazar.com\/index.php?rest_route=\/wp\/v2\/media\/123127"}],"wp:attachment":[{"href":"https:\/\/www.hediyepazar.com\/index.php?rest_route=%2Fwp%2Fv2%2Fmedia&parent=123128"}],"wp:term":[{"taxonomy":"product_brand","embeddable":true,"href":"https:\/\/www.hediyepazar.com\/index.php?rest_route=%2Fwp%2Fv2%2Fproduct_brand&post=123128"},{"taxonomy":"product_cat","embeddable":true,"href":"https:\/\/www.hediyepazar.com\/index.php?rest_route=%2Fwp%2Fv2%2Fproduct_cat&post=123128"},{"taxonomy":"product_tag","embeddable":true,"href":"https:\/\/www.hediyepazar.com\/index.php?rest_route=%2Fwp%2Fv2%2Fproduct_tag&post=123128"}],"curies":[{"name":"wp","href":"https:\/\/api.w.org\/{rel}","templated":true}]}}