{"id":123142,"date":"2026-05-06T11:58:10","date_gmt":"2026-05-06T14:58:10","guid":{"rendered":"https:\/\/www.hediyepazar.com\/?product=metal-govde-lastik-sisirme-kompresoru-suv-4x4-uyumlu"},"modified":"2026-05-06T11:58:10","modified_gmt":"2026-05-06T14:58:10","slug":"metal-govde-lastik-sisirme-kompresoru-suv-4x4-uyumlu","status":"publish","type":"product","link":"https:\/\/www.hediyepazar.com\/?product=metal-govde-lastik-sisirme-kompresoru-suv-4x4-uyumlu","title":{"rendered":"Metal G\u00f6vde Lastik \u015ei\u015firme Kompres\u00f6r\u00fc SUV 4&#215;4 Uyumlu"},"content":{"rendered":"<p>Metal g\u00f6vdeli oto lastik hava kompres\u00f6r\u00fc, acil durumlar i\u00e7in g\u00fc\u00e7l\u00fc bir yard\u0131mc\u0131d\u0131r. DC 12V ile \u00e7al\u0131\u015fan sistem, ara\u00e7 \u00e7akmak giri\u015finden enerji alarak pratik kullan\u0131m sa\u011flar. 140 PSI bas\u0131n\u00e7 kapasitesi, farkl\u0131 ara\u00e7 tipleri i\u00e7in yeterli performans sunar.35 litre\/dakika hava debisi, h\u0131zl\u0131 ve etkili \u015fi\u015firme imk\u00e2n\u0131 tan\u0131r. Bas\u0131n\u00e7 g\u00f6stergesi sayesinde lastik bas\u0131nc\u0131n\u0131 do\u011fru \u015fekilde ayarlayabilirsiniz.Metal ve ABS plastik g\u00f6vde, dayan\u0131kl\u0131l\u0131\u011f\u0131 art\u0131r\u0131rken 10A maksimum ak\u0131m g\u00fcvenli kullan\u0131m sa\u011flar. 12\u201315 dakikal\u0131k \u00e7al\u0131\u015fma s\u00fcresi sonras\u0131nda k\u0131sa bir mola \u00f6nerilir.Kutu i\u00e7eri\u011findeki adapt\u00f6rlerle \u00e7ok ama\u00e7l\u0131 kullan\u0131m sunan bu \u00fcr\u00fcn, ara\u00e7 aksesuarlar\u0131 aras\u0131nda vazge\u00e7ilmezdir.<\/p>\n","protected":false},"excerpt":{"rendered":"<p>Metal g\u00f6vdeli oto lastik hava kompres\u00f6r\u00fc, acil durumlar i\u00e7in g\u00fc\u00e7l\u00fc bir yard\u0131mc\u0131d\u0131r. DC 12V ile \u00e7al\u0131\u015fan sistem, ara\u00e7 \u00e7akmak giri\u015finden enerji alarak pratik kullan\u0131m sa\u011flar. 140 PSI bas\u0131n\u00e7 kapasitesi, farkl\u0131 ara\u00e7 tipleri i\u00e7in yeterli performans sunar.35 litre\/dakika hava debisi, h\u0131zl\u0131 ve etkili \u015fi\u015firme imk\u00e2n\u0131 tan\u0131r. Bas\u0131n\u00e7 g\u00f6stergesi sayesinde lastik bas\u0131nc\u0131n\u0131 do\u011fru \u015fekilde ayarlayabilirsiniz.Metal ve ABS&#8230;<\/p>\n","protected":false},"featured_media":123141,"comment_status":"open","ping_status":"closed","template":"","meta":{"_kad_post_transparent":"","_kad_post_title":"","_kad_post_layout":"","_kad_post_sidebar_id":"","_kad_post_content_style":"","_kad_post_vertical_padding":"","_kad_post_feature":"","_kad_post_feature_position":"","_kad_post_header":false,"_kad_post_footer":false,"_kad_post_classname":""},"product_brand":[],"product_cat":[15053],"product_tag":[],"class_list":{"0":"post-123142","1":"product","2":"type-product","3":"status-publish","4":"has-post-thumbnail","6":"product_cat-oto-bakim-seti-oto-bakim-seti-2","8":"first","9":"instock","10":"purchasable","11":"product-type-simple","12":"entry","13":"content-bg","14":"loop-entry"},"_links":{"self":[{"href":"https:\/\/www.hediyepazar.com\/index.php?rest_route=\/wp\/v2\/product\/123142","targetHints":{"allow":["GET"]}}],"collection":[{"href":"https:\/\/www.hediyepazar.com\/index.php?rest_route=\/wp\/v2\/product"}],"about":[{"href":"https:\/\/www.hediyepazar.com\/index.php?rest_route=\/wp\/v2\/types\/product"}],"replies":[{"embeddable":true,"href":"https:\/\/www.hediyepazar.com\/index.php?rest_route=%2Fwp%2Fv2%2Fcomments&post=123142"}],"wp:featuredmedia":[{"embeddable":true,"href":"https:\/\/www.hediyepazar.com\/index.php?rest_route=\/wp\/v2\/media\/123141"}],"wp:attachment":[{"href":"https:\/\/www.hediyepazar.com\/index.php?rest_route=%2Fwp%2Fv2%2Fmedia&parent=123142"}],"wp:term":[{"taxonomy":"product_brand","embeddable":true,"href":"https:\/\/www.hediyepazar.com\/index.php?rest_route=%2Fwp%2Fv2%2Fproduct_brand&post=123142"},{"taxonomy":"product_cat","embeddable":true,"href":"https:\/\/www.hediyepazar.com\/index.php?rest_route=%2Fwp%2Fv2%2Fproduct_cat&post=123142"},{"taxonomy":"product_tag","embeddable":true,"href":"https:\/\/www.hediyepazar.com\/index.php?rest_route=%2Fwp%2Fv2%2Fproduct_tag&post=123142"}],"curies":[{"name":"wp","href":"https:\/\/api.w.org\/{rel}","templated":true}]}}