{"id":123144,"date":"2026-05-06T11:58:15","date_gmt":"2026-05-06T14:58:15","guid":{"rendered":"https:\/\/www.hediyepazar.com\/?product=arac-cakmak-girisli-metal-hava-kompresoru-10a-guclu-motor"},"modified":"2026-05-06T11:58:15","modified_gmt":"2026-05-06T14:58:15","slug":"arac-cakmak-girisli-metal-hava-kompresoru-10a-guclu-motor","status":"publish","type":"product","link":"https:\/\/www.hediyepazar.com\/?product=arac-cakmak-girisli-metal-hava-kompresoru-10a-guclu-motor","title":{"rendered":"Ara\u00e7 \u00c7akmak Giri\u015fli Metal Hava Kompres\u00f6r\u00fc 10A G\u00fc\u00e7l\u00fc Motor"},"content":{"rendered":"<p>Ara\u00e7 sahipleri i\u00e7in g\u00fcvenlik ve pratiklik bir arada sunan metal g\u00f6vdeli oto hava kompres\u00f6r\u00fc, her yolculukta yan\u0131n\u0131zda olmas\u0131 gereken bir \u00fcr\u00fcnd\u00fcr. DC 12V \u00e7al\u0131\u015fma sistemi ile ara\u00e7 \u00e7akmak giri\u015finden kolayca kullan\u0131labilir.140 PSI maksimum bas\u0131n\u00e7 ve 35 L\/dk hava \u00e7\u0131k\u0131\u015f\u0131, lastikleri k\u0131sa s\u00fcrede \u015fi\u015firerek s\u00fcr\u00fc\u015fe devam etmenizi sa\u011flar. Entegre manometre, do\u011fru bas\u0131n\u00e7 kontrol\u00fc yapman\u0131za yard\u0131mc\u0131 olur.Metal g\u00f6vde yap\u0131s\u0131, \u00fcr\u00fcn\u00fc darbelere ve d\u0131\u015f etkenlere kar\u015f\u0131 korur. 10 Amper g\u00fc\u00e7 t\u00fcketimi ile g\u00fcvenli ve verimli bir kullan\u0131m sunar. 12\u201315 dakika \u00e7al\u0131\u015fma s\u00fcresi sonras\u0131nda cihaz\u0131n dinlendirilmesi \u00f6nerilir.Kutu i\u00e7eri\u011finde yer alan adapt\u00f6rler sayesinde \u00fcr\u00fcn, yaln\u0131zca ara\u00e7 lastikleriyle s\u0131n\u0131rl\u0131 kalmaz. Uzun \u00f6m\u00fcrl\u00fc yap\u0131s\u0131 ve \u00e7evre dostu malzeme kullan\u0131m\u0131yla dikkat \u00e7eker.<\/p>\n","protected":false},"excerpt":{"rendered":"<p>Ara\u00e7 sahipleri i\u00e7in g\u00fcvenlik ve pratiklik bir arada sunan metal g\u00f6vdeli oto hava kompres\u00f6r\u00fc, her yolculukta yan\u0131n\u0131zda olmas\u0131 gereken bir \u00fcr\u00fcnd\u00fcr. DC 12V \u00e7al\u0131\u015fma sistemi ile ara\u00e7 \u00e7akmak giri\u015finden kolayca kullan\u0131labilir.140 PSI maksimum bas\u0131n\u00e7 ve 35 L\/dk hava \u00e7\u0131k\u0131\u015f\u0131, lastikleri k\u0131sa s\u00fcrede \u015fi\u015firerek s\u00fcr\u00fc\u015fe devam etmenizi sa\u011flar. Entegre manometre, do\u011fru bas\u0131n\u00e7 kontrol\u00fc yapman\u0131za yard\u0131mc\u0131 olur.Metal&#8230;<\/p>\n","protected":false},"featured_media":123143,"comment_status":"open","ping_status":"closed","template":"","meta":{"_kad_post_transparent":"","_kad_post_title":"","_kad_post_layout":"","_kad_post_sidebar_id":"","_kad_post_content_style":"","_kad_post_vertical_padding":"","_kad_post_feature":"","_kad_post_feature_position":"","_kad_post_header":false,"_kad_post_footer":false,"_kad_post_classname":""},"product_brand":[],"product_cat":[15053],"product_tag":[],"class_list":{"0":"post-123144","1":"product","2":"type-product","3":"status-publish","4":"has-post-thumbnail","6":"product_cat-oto-bakim-seti-oto-bakim-seti-2","8":"first","9":"instock","10":"purchasable","11":"product-type-simple","12":"entry","13":"content-bg","14":"loop-entry"},"_links":{"self":[{"href":"https:\/\/www.hediyepazar.com\/index.php?rest_route=\/wp\/v2\/product\/123144","targetHints":{"allow":["GET"]}}],"collection":[{"href":"https:\/\/www.hediyepazar.com\/index.php?rest_route=\/wp\/v2\/product"}],"about":[{"href":"https:\/\/www.hediyepazar.com\/index.php?rest_route=\/wp\/v2\/types\/product"}],"replies":[{"embeddable":true,"href":"https:\/\/www.hediyepazar.com\/index.php?rest_route=%2Fwp%2Fv2%2Fcomments&post=123144"}],"wp:featuredmedia":[{"embeddable":true,"href":"https:\/\/www.hediyepazar.com\/index.php?rest_route=\/wp\/v2\/media\/123143"}],"wp:attachment":[{"href":"https:\/\/www.hediyepazar.com\/index.php?rest_route=%2Fwp%2Fv2%2Fmedia&parent=123144"}],"wp:term":[{"taxonomy":"product_brand","embeddable":true,"href":"https:\/\/www.hediyepazar.com\/index.php?rest_route=%2Fwp%2Fv2%2Fproduct_brand&post=123144"},{"taxonomy":"product_cat","embeddable":true,"href":"https:\/\/www.hediyepazar.com\/index.php?rest_route=%2Fwp%2Fv2%2Fproduct_cat&post=123144"},{"taxonomy":"product_tag","embeddable":true,"href":"https:\/\/www.hediyepazar.com\/index.php?rest_route=%2Fwp%2Fv2%2Fproduct_tag&post=123144"}],"curies":[{"name":"wp","href":"https:\/\/api.w.org\/{rel}","templated":true}]}}