{"id":123146,"date":"2026-05-06T11:58:21","date_gmt":"2026-05-06T14:58:21","guid":{"rendered":"https:\/\/www.hediyepazar.com\/?product=agir-hizmet-tipi-oto-kompresor-140-psi-manometreli"},"modified":"2026-05-06T11:58:21","modified_gmt":"2026-05-06T14:58:21","slug":"agir-hizmet-tipi-oto-kompresor-140-psi-manometreli","status":"publish","type":"product","link":"https:\/\/www.hediyepazar.com\/?product=agir-hizmet-tipi-oto-kompresor-140-psi-manometreli","title":{"rendered":"A\u011f\u0131r Hizmet Tipi Oto Kompres\u00f6r 140 PSI Manometreli"},"content":{"rendered":"<p>Metal g\u00f6vdeli oto lastik hava kompres\u00f6r\u00fc, s\u00fcr\u00fc\u015f g\u00fcvenli\u011fini art\u0131ran en \u00f6nemli ara\u00e7 ekipmanlar\u0131ndan biridir. DC 12V ile \u00e7al\u0131\u015fan yap\u0131s\u0131 sayesinde ara\u00e7 \u00e7akmak giri\u015finden g\u00fc\u00e7 al\u0131r ve ekstra ekipman gerektirmez. 140 PSI (965 kPa) bas\u0131n\u00e7 kapasitesi ile lastikleri k\u0131sa s\u00fcrede ideal seviyeye ula\u015ft\u0131r\u0131r.Kompres\u00f6r\u00fcn 35 litre\/dakika hava debisi, h\u0131zl\u0131 \u015fi\u015firme \u00f6zelli\u011fi sunarak zamandan tasarruf sa\u011flar. \u00dczerinde bulunan bas\u0131n\u00e7 g\u00f6stergesi, lastik bas\u0131nc\u0131n\u0131 hassas \u015fekilde kontrol etmenize olanak tan\u0131r.Metal ve ABS plastikten \u00fcretilen g\u00f6vdesi, \u00fcr\u00fcn\u00fc uzun \u00f6m\u00fcrl\u00fc ve sa\u011flam hale getirir. 10A maksimum amper de\u011feriyle dengeli bir performans sunar. 12\u201315 dakika kesintisiz kullan\u0131m sonras\u0131 k\u0131sa bir so\u011fuma s\u00fcresi \u00f6nerilir.Kutu i\u00e7eri\u011finde bulunan 3 adet adapt\u00f6r, \u00fcr\u00fcn\u00fc \u00e7ok y\u00f6nl\u00fc hale getirerek bisiklet, motosiklet ve \u015fi\u015fme \u00fcr\u00fcnlerde de kullan\u0131m imk\u00e2n\u0131 sa\u011flar. Kompakt yap\u0131s\u0131 sayesinde ara\u00e7 bagaj\u0131nda fazla yer kaplamaz.Bu oto lastik hava kompres\u00f6r\u00fc, g\u00fcvenli s\u00fcr\u00fc\u015f ve acil durum haz\u0131rl\u0131\u011f\u0131 i\u00e7in ideal bir tercihtir.<\/p>\n","protected":false},"excerpt":{"rendered":"<p>Metal g\u00f6vdeli oto lastik hava kompres\u00f6r\u00fc, s\u00fcr\u00fc\u015f g\u00fcvenli\u011fini art\u0131ran en \u00f6nemli ara\u00e7 ekipmanlar\u0131ndan biridir. DC 12V ile \u00e7al\u0131\u015fan yap\u0131s\u0131 sayesinde ara\u00e7 \u00e7akmak giri\u015finden g\u00fc\u00e7 al\u0131r ve ekstra ekipman gerektirmez. 140 PSI (965 kPa) bas\u0131n\u00e7 kapasitesi ile lastikleri k\u0131sa s\u00fcrede ideal seviyeye ula\u015ft\u0131r\u0131r.Kompres\u00f6r\u00fcn 35 litre\/dakika hava debisi, h\u0131zl\u0131 \u015fi\u015firme \u00f6zelli\u011fi sunarak zamandan tasarruf sa\u011flar. \u00dczerinde bulunan&#8230;<\/p>\n","protected":false},"featured_media":123145,"comment_status":"open","ping_status":"closed","template":"","meta":{"_kad_post_transparent":"","_kad_post_title":"","_kad_post_layout":"","_kad_post_sidebar_id":"","_kad_post_content_style":"","_kad_post_vertical_padding":"","_kad_post_feature":"","_kad_post_feature_position":"","_kad_post_header":false,"_kad_post_footer":false,"_kad_post_classname":""},"product_brand":[],"product_cat":[15053],"product_tag":[],"class_list":{"0":"post-123146","1":"product","2":"type-product","3":"status-publish","4":"has-post-thumbnail","6":"product_cat-oto-bakim-seti-oto-bakim-seti-2","8":"first","9":"instock","10":"purchasable","11":"product-type-simple","12":"entry","13":"content-bg","14":"loop-entry"},"_links":{"self":[{"href":"https:\/\/www.hediyepazar.com\/index.php?rest_route=\/wp\/v2\/product\/123146","targetHints":{"allow":["GET"]}}],"collection":[{"href":"https:\/\/www.hediyepazar.com\/index.php?rest_route=\/wp\/v2\/product"}],"about":[{"href":"https:\/\/www.hediyepazar.com\/index.php?rest_route=\/wp\/v2\/types\/product"}],"replies":[{"embeddable":true,"href":"https:\/\/www.hediyepazar.com\/index.php?rest_route=%2Fwp%2Fv2%2Fcomments&post=123146"}],"wp:featuredmedia":[{"embeddable":true,"href":"https:\/\/www.hediyepazar.com\/index.php?rest_route=\/wp\/v2\/media\/123145"}],"wp:attachment":[{"href":"https:\/\/www.hediyepazar.com\/index.php?rest_route=%2Fwp%2Fv2%2Fmedia&parent=123146"}],"wp:term":[{"taxonomy":"product_brand","embeddable":true,"href":"https:\/\/www.hediyepazar.com\/index.php?rest_route=%2Fwp%2Fv2%2Fproduct_brand&post=123146"},{"taxonomy":"product_cat","embeddable":true,"href":"https:\/\/www.hediyepazar.com\/index.php?rest_route=%2Fwp%2Fv2%2Fproduct_cat&post=123146"},{"taxonomy":"product_tag","embeddable":true,"href":"https:\/\/www.hediyepazar.com\/index.php?rest_route=%2Fwp%2Fv2%2Fproduct_tag&post=123146"}],"curies":[{"name":"wp","href":"https:\/\/api.w.org\/{rel}","templated":true}]}}