{"id":123152,"date":"2026-05-06T11:58:38","date_gmt":"2026-05-06T14:58:38","guid":{"rendered":"https:\/\/www.hediyepazar.com\/?product=pumpkin-led-gece-lambasi-uc-kademeli-isik-ayarli"},"modified":"2026-05-06T11:58:38","modified_gmt":"2026-05-06T14:58:38","slug":"pumpkin-led-gece-lambasi-uc-kademeli-isik-ayarli","status":"publish","type":"product","link":"https:\/\/www.hediyepazar.com\/?product=pumpkin-led-gece-lambasi-uc-kademeli-isik-ayarli","title":{"rendered":"Pumpkin LED Gece Lambas\u0131 \u00dc\u00e7 Kademeli I\u015f\u0131k Ayarl\u0131"},"content":{"rendered":"<p>Pumpkin LED gece lambas\u0131, e\u011flenceli balkaba\u011f\u0131 formu ile bulundu\u011fu ortama s\u0131cak ve samimi bir hava katar. \u00d6zellikle kad\u0131nlar, \u00e7ocuklar ve dekoratif \u00fcr\u00fcnleri seven kullan\u0131c\u0131lar i\u00e7in ideal bir tasar\u0131ma sahiptir. Dokunmatik kontrol sistemi ile kolay kullan\u0131m sunar. \u00dc\u00e7 farkl\u0131 renk s\u0131cakl\u0131\u011f\u0131 sayesinde farkl\u0131 ruh hallerine uygun ayd\u0131nlatma sa\u011flar. \u015earj edilebilir lityum bataryas\u0131 sayesinde ta\u015f\u0131nabilir ve pratiktir. 30 dakikal\u0131k otomatik kapanma \u00f6zelli\u011fi ile g\u00fcvenli bir uyku ortam\u0131 olu\u015fturur. Hem dekoratif hem fonksiyonel bir gece lambas\u0131 arayanlar i\u00e7in m\u00fckemmel bir tercihtir.<\/p>\n","protected":false},"excerpt":{"rendered":"<p>Pumpkin LED gece lambas\u0131, e\u011flenceli balkaba\u011f\u0131 formu ile bulundu\u011fu ortama s\u0131cak ve samimi bir hava katar. \u00d6zellikle kad\u0131nlar, \u00e7ocuklar ve dekoratif \u00fcr\u00fcnleri seven kullan\u0131c\u0131lar i\u00e7in ideal bir tasar\u0131ma sahiptir. Dokunmatik kontrol sistemi ile kolay kullan\u0131m sunar. \u00dc\u00e7 farkl\u0131 renk s\u0131cakl\u0131\u011f\u0131 sayesinde farkl\u0131 ruh hallerine uygun ayd\u0131nlatma sa\u011flar. \u015earj edilebilir lityum bataryas\u0131 sayesinde ta\u015f\u0131nabilir ve pratiktir&#8230;.<\/p>\n","protected":false},"featured_media":123151,"comment_status":"open","ping_status":"closed","template":"","meta":{"_kad_post_transparent":"","_kad_post_title":"","_kad_post_layout":"","_kad_post_sidebar_id":"","_kad_post_content_style":"","_kad_post_vertical_padding":"","_kad_post_feature":"","_kad_post_feature_position":"","_kad_post_header":false,"_kad_post_footer":false,"_kad_post_classname":""},"product_brand":[],"product_cat":[14967],"product_tag":[],"class_list":{"0":"post-123152","1":"product","2":"type-product","3":"status-publish","4":"has-post-thumbnail","6":"product_cat-gece-lambasi-gece-lambasi","8":"first","9":"instock","10":"purchasable","11":"product-type-simple","12":"entry","13":"content-bg","14":"loop-entry"},"_links":{"self":[{"href":"https:\/\/www.hediyepazar.com\/index.php?rest_route=\/wp\/v2\/product\/123152","targetHints":{"allow":["GET"]}}],"collection":[{"href":"https:\/\/www.hediyepazar.com\/index.php?rest_route=\/wp\/v2\/product"}],"about":[{"href":"https:\/\/www.hediyepazar.com\/index.php?rest_route=\/wp\/v2\/types\/product"}],"replies":[{"embeddable":true,"href":"https:\/\/www.hediyepazar.com\/index.php?rest_route=%2Fwp%2Fv2%2Fcomments&post=123152"}],"wp:featuredmedia":[{"embeddable":true,"href":"https:\/\/www.hediyepazar.com\/index.php?rest_route=\/wp\/v2\/media\/123151"}],"wp:attachment":[{"href":"https:\/\/www.hediyepazar.com\/index.php?rest_route=%2Fwp%2Fv2%2Fmedia&parent=123152"}],"wp:term":[{"taxonomy":"product_brand","embeddable":true,"href":"https:\/\/www.hediyepazar.com\/index.php?rest_route=%2Fwp%2Fv2%2Fproduct_brand&post=123152"},{"taxonomy":"product_cat","embeddable":true,"href":"https:\/\/www.hediyepazar.com\/index.php?rest_route=%2Fwp%2Fv2%2Fproduct_cat&post=123152"},{"taxonomy":"product_tag","embeddable":true,"href":"https:\/\/www.hediyepazar.com\/index.php?rest_route=%2Fwp%2Fv2%2Fproduct_tag&post=123152"}],"curies":[{"name":"wp","href":"https:\/\/api.w.org\/{rel}","templated":true}]}}