{"id":123154,"date":"2026-05-06T11:58:43","date_gmt":"2026-05-06T14:58:43","guid":{"rendered":"https:\/\/www.hediyepazar.com\/?product=silikon-pumpkin-night-light-telefon-tutuculu-led-lamba"},"modified":"2026-05-06T11:58:43","modified_gmt":"2026-05-06T14:58:43","slug":"silikon-pumpkin-night-light-telefon-tutuculu-led-lamba","status":"publish","type":"product","link":"https:\/\/www.hediyepazar.com\/?product=silikon-pumpkin-night-light-telefon-tutuculu-led-lamba","title":{"rendered":"Silikon Pumpkin Night Light Telefon Tutuculu LED Lamba"},"content":{"rendered":"<p>Bu \u00f6zel tasar\u0131ma sahip Pumpkin Night Light, sadece bir gece lambas\u0131 de\u011fil ayn\u0131 zamanda pratik bir telefon tutucudur. Masa, komodin veya \u00e7al\u0131\u015fma alanlar\u0131nda hem ayd\u0131nlatma hem de d\u00fczen sa\u011flayan \u00e7ok ama\u00e7l\u0131 bir \u00fcr\u00fcnd\u00fcr. \u00dc\u00e7 kademeli \u0131\u015f\u0131k ayar\u0131 sayesinde farkl\u0131 kullan\u0131m senaryolar\u0131na uyum sa\u011flar. \u015earj edilebilir yap\u0131s\u0131 kablosuz kullan\u0131m \u00f6zg\u00fcrl\u00fc\u011f\u00fc sunar. Yumu\u015fak silikon g\u00f6vdesi g\u00fcvenli ve uzun \u00f6m\u00fcrl\u00fc kullan\u0131m sa\u011flar. Zamanlay\u0131c\u0131 \u00f6zelli\u011fi ile gece boyunca kontrols\u00fcz \u00e7al\u0131\u015fmay\u0131 \u00f6nler. Dekoratif ve i\u015flevsel yap\u0131s\u0131 sayesinde hediye alternatifi olarak da olduk\u00e7a uygundur.<\/p>\n","protected":false},"excerpt":{"rendered":"<p>Bu \u00f6zel tasar\u0131ma sahip Pumpkin Night Light, sadece bir gece lambas\u0131 de\u011fil ayn\u0131 zamanda pratik bir telefon tutucudur. Masa, komodin veya \u00e7al\u0131\u015fma alanlar\u0131nda hem ayd\u0131nlatma hem de d\u00fczen sa\u011flayan \u00e7ok ama\u00e7l\u0131 bir \u00fcr\u00fcnd\u00fcr. \u00dc\u00e7 kademeli \u0131\u015f\u0131k ayar\u0131 sayesinde farkl\u0131 kullan\u0131m senaryolar\u0131na uyum sa\u011flar. \u015earj edilebilir yap\u0131s\u0131 kablosuz kullan\u0131m \u00f6zg\u00fcrl\u00fc\u011f\u00fc sunar. Yumu\u015fak silikon g\u00f6vdesi g\u00fcvenli ve&#8230;<\/p>\n","protected":false},"featured_media":123153,"comment_status":"open","ping_status":"closed","template":"","meta":{"_kad_post_transparent":"","_kad_post_title":"","_kad_post_layout":"","_kad_post_sidebar_id":"","_kad_post_content_style":"","_kad_post_vertical_padding":"","_kad_post_feature":"","_kad_post_feature_position":"","_kad_post_header":false,"_kad_post_footer":false,"_kad_post_classname":""},"product_brand":[],"product_cat":[14967],"product_tag":[],"class_list":{"0":"post-123154","1":"product","2":"type-product","3":"status-publish","4":"has-post-thumbnail","6":"product_cat-gece-lambasi-gece-lambasi","8":"first","9":"instock","10":"purchasable","11":"product-type-simple","12":"entry","13":"content-bg","14":"loop-entry"},"_links":{"self":[{"href":"https:\/\/www.hediyepazar.com\/index.php?rest_route=\/wp\/v2\/product\/123154","targetHints":{"allow":["GET"]}}],"collection":[{"href":"https:\/\/www.hediyepazar.com\/index.php?rest_route=\/wp\/v2\/product"}],"about":[{"href":"https:\/\/www.hediyepazar.com\/index.php?rest_route=\/wp\/v2\/types\/product"}],"replies":[{"embeddable":true,"href":"https:\/\/www.hediyepazar.com\/index.php?rest_route=%2Fwp%2Fv2%2Fcomments&post=123154"}],"wp:featuredmedia":[{"embeddable":true,"href":"https:\/\/www.hediyepazar.com\/index.php?rest_route=\/wp\/v2\/media\/123153"}],"wp:attachment":[{"href":"https:\/\/www.hediyepazar.com\/index.php?rest_route=%2Fwp%2Fv2%2Fmedia&parent=123154"}],"wp:term":[{"taxonomy":"product_brand","embeddable":true,"href":"https:\/\/www.hediyepazar.com\/index.php?rest_route=%2Fwp%2Fv2%2Fproduct_brand&post=123154"},{"taxonomy":"product_cat","embeddable":true,"href":"https:\/\/www.hediyepazar.com\/index.php?rest_route=%2Fwp%2Fv2%2Fproduct_cat&post=123154"},{"taxonomy":"product_tag","embeddable":true,"href":"https:\/\/www.hediyepazar.com\/index.php?rest_route=%2Fwp%2Fv2%2Fproduct_tag&post=123154"}],"curies":[{"name":"wp","href":"https:\/\/api.w.org\/{rel}","templated":true}]}}