{"id":123156,"date":"2026-05-06T11:58:48","date_gmt":"2026-05-06T14:58:48","guid":{"rendered":"https:\/\/www.hediyepazar.com\/?product=sarjli-pumpkin-led-masa-lambasi-zamanlayicili-dokunmatik"},"modified":"2026-05-06T11:58:48","modified_gmt":"2026-05-06T14:58:48","slug":"sarjli-pumpkin-led-masa-lambasi-zamanlayicili-dokunmatik","status":"publish","type":"product","link":"https:\/\/www.hediyepazar.com\/?product=sarjli-pumpkin-led-masa-lambasi-zamanlayicili-dokunmatik","title":{"rendered":"\u015earjl\u0131 Pumpkin LED Masa Lambas\u0131 Zamanlay\u0131c\u0131l\u0131 Dokunmatik"},"content":{"rendered":"<p>Pumpkin LED masa lambas\u0131, fonksiyonel \u00f6zellikleri ve \u015f\u0131k tasar\u0131m\u0131yla g\u00fcnl\u00fck kullan\u0131m i\u00e7in idealdir. Dahili y\u00fcksek kapasiteli lityum bataryas\u0131 sayesinde 4\u20136 saat boyunca kesintisiz \u0131\u015f\u0131k sa\u011flar. USB \u00fczerinden kolayca \u015farj edilebilir. Dokunmatik kontrol ile \u00fc\u00e7 farkl\u0131 \u0131\u015f\u0131k tonu aras\u0131nda ge\u00e7i\u015f yap\u0131labilir. Zamanlay\u0131c\u0131 fonksiyonu sayesinde \u00f6zellikle gece kullan\u0131mlar\u0131nda konfor sa\u011flar ve uyku \u00f6ncesi g\u00fcvenli bir ortam olu\u015fturur. Yumu\u015fak silikon yap\u0131s\u0131 sayesinde darbelere kar\u015f\u0131 dayan\u0131kl\u0131d\u0131r. Hem masa lambas\u0131 hem de gece lambas\u0131 olarak kullan\u0131labilir. Dekoratif g\u00f6r\u00fcn\u00fcm\u00fc ile ev ve ofis ortamlar\u0131na s\u0131cak bir hava katar.<\/p>\n","protected":false},"excerpt":{"rendered":"<p>Pumpkin LED masa lambas\u0131, fonksiyonel \u00f6zellikleri ve \u015f\u0131k tasar\u0131m\u0131yla g\u00fcnl\u00fck kullan\u0131m i\u00e7in idealdir. Dahili y\u00fcksek kapasiteli lityum bataryas\u0131 sayesinde 4\u20136 saat boyunca kesintisiz \u0131\u015f\u0131k sa\u011flar. USB \u00fczerinden kolayca \u015farj edilebilir. Dokunmatik kontrol ile \u00fc\u00e7 farkl\u0131 \u0131\u015f\u0131k tonu aras\u0131nda ge\u00e7i\u015f yap\u0131labilir. Zamanlay\u0131c\u0131 fonksiyonu sayesinde \u00f6zellikle gece kullan\u0131mlar\u0131nda konfor sa\u011flar ve uyku \u00f6ncesi g\u00fcvenli bir ortam olu\u015fturur&#8230;.<\/p>\n","protected":false},"featured_media":123155,"comment_status":"open","ping_status":"closed","template":"","meta":{"_kad_post_transparent":"","_kad_post_title":"","_kad_post_layout":"","_kad_post_sidebar_id":"","_kad_post_content_style":"","_kad_post_vertical_padding":"","_kad_post_feature":"","_kad_post_feature_position":"","_kad_post_header":false,"_kad_post_footer":false,"_kad_post_classname":""},"product_brand":[],"product_cat":[14967],"product_tag":[],"class_list":{"0":"post-123156","1":"product","2":"type-product","3":"status-publish","4":"has-post-thumbnail","6":"product_cat-gece-lambasi-gece-lambasi","8":"first","9":"instock","10":"purchasable","11":"product-type-simple","12":"entry","13":"content-bg","14":"loop-entry"},"_links":{"self":[{"href":"https:\/\/www.hediyepazar.com\/index.php?rest_route=\/wp\/v2\/product\/123156","targetHints":{"allow":["GET"]}}],"collection":[{"href":"https:\/\/www.hediyepazar.com\/index.php?rest_route=\/wp\/v2\/product"}],"about":[{"href":"https:\/\/www.hediyepazar.com\/index.php?rest_route=\/wp\/v2\/types\/product"}],"replies":[{"embeddable":true,"href":"https:\/\/www.hediyepazar.com\/index.php?rest_route=%2Fwp%2Fv2%2Fcomments&post=123156"}],"wp:featuredmedia":[{"embeddable":true,"href":"https:\/\/www.hediyepazar.com\/index.php?rest_route=\/wp\/v2\/media\/123155"}],"wp:attachment":[{"href":"https:\/\/www.hediyepazar.com\/index.php?rest_route=%2Fwp%2Fv2%2Fmedia&parent=123156"}],"wp:term":[{"taxonomy":"product_brand","embeddable":true,"href":"https:\/\/www.hediyepazar.com\/index.php?rest_route=%2Fwp%2Fv2%2Fproduct_brand&post=123156"},{"taxonomy":"product_cat","embeddable":true,"href":"https:\/\/www.hediyepazar.com\/index.php?rest_route=%2Fwp%2Fv2%2Fproduct_cat&post=123156"},{"taxonomy":"product_tag","embeddable":true,"href":"https:\/\/www.hediyepazar.com\/index.php?rest_route=%2Fwp%2Fv2%2Fproduct_tag&post=123156"}],"curies":[{"name":"wp","href":"https:\/\/api.w.org\/{rel}","templated":true}]}}