{"id":123158,"date":"2026-05-06T11:59:58","date_gmt":"2026-05-06T14:59:58","guid":{"rendered":"https:\/\/www.hediyepazar.com\/?product=dekoratif-pumpkin-gece-lambasi-sarjli-dokunmatik-led-isik"},"modified":"2026-05-06T11:59:58","modified_gmt":"2026-05-06T14:59:58","slug":"dekoratif-pumpkin-gece-lambasi-sarjli-dokunmatik-led-isik","status":"publish","type":"product","link":"https:\/\/www.hediyepazar.com\/?product=dekoratif-pumpkin-gece-lambasi-sarjli-dokunmatik-led-isik","title":{"rendered":"Dekoratif Pumpkin Gece Lambas\u0131 \u015earjl\u0131 Dokunmatik LED I\u015f\u0131k"},"content":{"rendered":"<p>Bu Pumpkin LED gece lambas\u0131, modern dokunmatik teknolojisi ile kullan\u0131m kolayl\u0131\u011f\u0131 sa\u011flar. I\u015f\u0131\u011fa hafif\u00e7e dokunarak parlakl\u0131k ve renk s\u0131cakl\u0131\u011f\u0131n\u0131 de\u011fi\u015ftirebilirsiniz. 6000K, 6500K ve 7000K olmak \u00fczere \u00fc\u00e7 farkl\u0131 ayd\u0131nlatma seviyesi sayesinde lo\u015f, orta veya daha parlak \u0131\u015f\u0131k se\u00e7enekleri sunar. Y\u00fcksek kaliteli silikon malzeme sayesinde yumu\u015fak dokulu ve g\u00fcvenlidir. \u015earj edilebilir yap\u0131s\u0131 sayesinde kablo karma\u015fas\u0131 yaratmaz ve ta\u015f\u0131nabilir kullan\u0131m sunar. Dahili zamanlay\u0131c\u0131 \u00f6zelli\u011fi, lamban\u0131n 30 dakika sonra otomatik olarak kapanmas\u0131n\u0131 sa\u011flar. Yatak odas\u0131, \u00e7ocuk odas\u0131 veya masa \u00fcst\u00fc kullan\u0131m\u0131 i\u00e7in idealdir. Sevimli balkaba\u011f\u0131 tasar\u0131m\u0131yla dekoratif bir obje olarak da \u00f6ne \u00e7\u0131kar.<\/p>\n","protected":false},"excerpt":{"rendered":"<p>Bu Pumpkin LED gece lambas\u0131, modern dokunmatik teknolojisi ile kullan\u0131m kolayl\u0131\u011f\u0131 sa\u011flar. I\u015f\u0131\u011fa hafif\u00e7e dokunarak parlakl\u0131k ve renk s\u0131cakl\u0131\u011f\u0131n\u0131 de\u011fi\u015ftirebilirsiniz. 6000K, 6500K ve 7000K olmak \u00fczere \u00fc\u00e7 farkl\u0131 ayd\u0131nlatma seviyesi sayesinde lo\u015f, orta veya daha parlak \u0131\u015f\u0131k se\u00e7enekleri sunar. Y\u00fcksek kaliteli silikon malzeme sayesinde yumu\u015fak dokulu ve g\u00fcvenlidir. \u015earj edilebilir yap\u0131s\u0131 sayesinde kablo karma\u015fas\u0131 yaratmaz&#8230;<\/p>\n","protected":false},"featured_media":123157,"comment_status":"open","ping_status":"closed","template":"","meta":{"_kad_post_transparent":"","_kad_post_title":"","_kad_post_layout":"","_kad_post_sidebar_id":"","_kad_post_content_style":"","_kad_post_vertical_padding":"","_kad_post_feature":"","_kad_post_feature_position":"","_kad_post_header":false,"_kad_post_footer":false,"_kad_post_classname":""},"product_brand":[],"product_cat":[14967],"product_tag":[],"class_list":{"0":"post-123158","1":"product","2":"type-product","3":"status-publish","4":"has-post-thumbnail","6":"product_cat-gece-lambasi-gece-lambasi","8":"first","9":"instock","10":"purchasable","11":"product-type-simple","12":"entry","13":"content-bg","14":"loop-entry"},"_links":{"self":[{"href":"https:\/\/www.hediyepazar.com\/index.php?rest_route=\/wp\/v2\/product\/123158","targetHints":{"allow":["GET"]}}],"collection":[{"href":"https:\/\/www.hediyepazar.com\/index.php?rest_route=\/wp\/v2\/product"}],"about":[{"href":"https:\/\/www.hediyepazar.com\/index.php?rest_route=\/wp\/v2\/types\/product"}],"replies":[{"embeddable":true,"href":"https:\/\/www.hediyepazar.com\/index.php?rest_route=%2Fwp%2Fv2%2Fcomments&post=123158"}],"wp:featuredmedia":[{"embeddable":true,"href":"https:\/\/www.hediyepazar.com\/index.php?rest_route=\/wp\/v2\/media\/123157"}],"wp:attachment":[{"href":"https:\/\/www.hediyepazar.com\/index.php?rest_route=%2Fwp%2Fv2%2Fmedia&parent=123158"}],"wp:term":[{"taxonomy":"product_brand","embeddable":true,"href":"https:\/\/www.hediyepazar.com\/index.php?rest_route=%2Fwp%2Fv2%2Fproduct_brand&post=123158"},{"taxonomy":"product_cat","embeddable":true,"href":"https:\/\/www.hediyepazar.com\/index.php?rest_route=%2Fwp%2Fv2%2Fproduct_cat&post=123158"},{"taxonomy":"product_tag","embeddable":true,"href":"https:\/\/www.hediyepazar.com\/index.php?rest_route=%2Fwp%2Fv2%2Fproduct_tag&post=123158"}],"curies":[{"name":"wp","href":"https:\/\/api.w.org\/{rel}","templated":true}]}}