{"id":123160,"date":"2026-05-06T12:00:10","date_gmt":"2026-05-06T15:00:10","guid":{"rendered":"https:\/\/www.hediyepazar.com\/?product=pumpkin-led-night-light-dokunmatik-sarjli-silikon-gece-lambasi"},"modified":"2026-05-06T12:00:10","modified_gmt":"2026-05-06T15:00:10","slug":"pumpkin-led-night-light-dokunmatik-sarjli-silikon-gece-lambasi","status":"publish","type":"product","link":"https:\/\/www.hediyepazar.com\/?product=pumpkin-led-night-light-dokunmatik-sarjli-silikon-gece-lambasi","title":{"rendered":"Pumpkin LED Night Light Dokunmatik \u015earjl\u0131 Silikon Gece Lambas\u0131"},"content":{"rendered":"<p>Pumpkin LED Night Light, sevimli ve dikkat \u00e7ekici balkaba\u011f\u0131 tasar\u0131m\u0131yla hem dekoratif hem de i\u015flevsel bir ayd\u0131nlatma \u00e7\u00f6z\u00fcm\u00fc sunar. \u00d6zellikle e\u011flenceli ve farkl\u0131 lambalar\u0131 seven kullan\u0131c\u0131lar i\u00e7in ideal bir se\u00e7imdir. Yumu\u015fak dokulu silikon malzemeden \u00fcretilmi\u015f olmas\u0131 sayesinde g\u00fcvenli, dayan\u0131kl\u0131 ve \u00e7ocuk odalar\u0131 i\u00e7in uygundur. Dokunmatik kontrol sistemi sayesinde tek bir dokunu\u015fla \u0131\u015f\u0131k tonu de\u011fi\u015ftirilebilir. \u00dc\u00e7 farkl\u0131 renk s\u0131cakl\u0131\u011f\u0131 (6000K, 6500K, 7000K) ile ortam\u0131n\u0131za uygun ayd\u0131nlatmay\u0131 kolayca ayarlayabilirsiniz. \u015earj edilebilir lityum bataryas\u0131 ile kablosuz kullan\u0131m imk\u00e2n\u0131 sunar ve 4\u20136 saat boyunca kesintisiz ayd\u0131nlatma sa\u011flar. 30 dakikal\u0131k zamanlay\u0131c\u0131 fonksiyonu sayesinde uyku s\u0131ras\u0131nda otomatik olarak kapanarak huzurlu bir ortam olu\u015fturur. Masa, komodin, yatak ba\u015f\u0131 veya \u00e7al\u0131\u015fma alanlar\u0131 i\u00e7in hem dekoratif hem pratik bir \u00fcr\u00fcnd\u00fcr.<\/p>\n","protected":false},"excerpt":{"rendered":"<p>Pumpkin LED Night Light, sevimli ve dikkat \u00e7ekici balkaba\u011f\u0131 tasar\u0131m\u0131yla hem dekoratif hem de i\u015flevsel bir ayd\u0131nlatma \u00e7\u00f6z\u00fcm\u00fc sunar. \u00d6zellikle e\u011flenceli ve farkl\u0131 lambalar\u0131 seven kullan\u0131c\u0131lar i\u00e7in ideal bir se\u00e7imdir. Yumu\u015fak dokulu silikon malzemeden \u00fcretilmi\u015f olmas\u0131 sayesinde g\u00fcvenli, dayan\u0131kl\u0131 ve \u00e7ocuk odalar\u0131 i\u00e7in uygundur. Dokunmatik kontrol sistemi sayesinde tek bir dokunu\u015fla \u0131\u015f\u0131k tonu de\u011fi\u015ftirilebilir. \u00dc\u00e7&#8230;<\/p>\n","protected":false},"featured_media":123159,"comment_status":"open","ping_status":"closed","template":"","meta":{"_kad_post_transparent":"","_kad_post_title":"","_kad_post_layout":"","_kad_post_sidebar_id":"","_kad_post_content_style":"","_kad_post_vertical_padding":"","_kad_post_feature":"","_kad_post_feature_position":"","_kad_post_header":false,"_kad_post_footer":false,"_kad_post_classname":""},"product_brand":[],"product_cat":[14967],"product_tag":[],"class_list":{"0":"post-123160","1":"product","2":"type-product","3":"status-publish","4":"has-post-thumbnail","6":"product_cat-gece-lambasi-gece-lambasi","8":"first","9":"instock","10":"purchasable","11":"product-type-simple","12":"entry","13":"content-bg","14":"loop-entry"},"_links":{"self":[{"href":"https:\/\/www.hediyepazar.com\/index.php?rest_route=\/wp\/v2\/product\/123160","targetHints":{"allow":["GET"]}}],"collection":[{"href":"https:\/\/www.hediyepazar.com\/index.php?rest_route=\/wp\/v2\/product"}],"about":[{"href":"https:\/\/www.hediyepazar.com\/index.php?rest_route=\/wp\/v2\/types\/product"}],"replies":[{"embeddable":true,"href":"https:\/\/www.hediyepazar.com\/index.php?rest_route=%2Fwp%2Fv2%2Fcomments&post=123160"}],"wp:featuredmedia":[{"embeddable":true,"href":"https:\/\/www.hediyepazar.com\/index.php?rest_route=\/wp\/v2\/media\/123159"}],"wp:attachment":[{"href":"https:\/\/www.hediyepazar.com\/index.php?rest_route=%2Fwp%2Fv2%2Fmedia&parent=123160"}],"wp:term":[{"taxonomy":"product_brand","embeddable":true,"href":"https:\/\/www.hediyepazar.com\/index.php?rest_route=%2Fwp%2Fv2%2Fproduct_brand&post=123160"},{"taxonomy":"product_cat","embeddable":true,"href":"https:\/\/www.hediyepazar.com\/index.php?rest_route=%2Fwp%2Fv2%2Fproduct_cat&post=123160"},{"taxonomy":"product_tag","embeddable":true,"href":"https:\/\/www.hediyepazar.com\/index.php?rest_route=%2Fwp%2Fv2%2Fproduct_tag&post=123160"}],"curies":[{"name":"wp","href":"https:\/\/api.w.org\/{rel}","templated":true}]}}