{"id":123162,"date":"2026-05-06T12:00:16","date_gmt":"2026-05-06T15:00:16","guid":{"rendered":"https:\/\/www.hediyepazar.com\/?product=usb-sarjli-armut-gece-lambasi-dokunmatik-renk-degisimli"},"modified":"2026-05-06T12:00:16","modified_gmt":"2026-05-06T15:00:16","slug":"usb-sarjli-armut-gece-lambasi-dokunmatik-renk-degisimli","status":"publish","type":"product","link":"https:\/\/www.hediyepazar.com\/?product=usb-sarjli-armut-gece-lambasi-dokunmatik-renk-degisimli","title":{"rendered":"USB \u015earjl\u0131 Armut Gece Lambas\u0131 Dokunmatik Renk De\u011fi\u015fimli"},"content":{"rendered":"<p>Bu armut gece lambas\u0131, ayarlanabilir LED \u0131\u015f\u0131\u011f\u0131 ile kullan\u0131c\u0131ya \u00f6zel ayd\u0131nlatma sunar. Lo\u015f \u0131\u015f\u0131k modu uyku \u00f6ncesi rahatlama sa\u011flarken, daha parlak mod masa lambas\u0131 olarak kullan\u0131ma uygundur. Renk s\u0131cakl\u0131\u011f\u0131 yumu\u015fak sar\u0131dan beyaza kadar de\u011fi\u015ftirilebilir. \u015earj edilebilir yap\u0131s\u0131 sayesinde kablo ihtiyac\u0131n\u0131 ortadan kald\u0131r\u0131r. Dayan\u0131kl\u0131 vinyl materyali uzun s\u00fcreli kullan\u0131m sunar. Enerji tasarruflu yap\u0131s\u0131 ile \u00e7evre dostudur.<\/p>\n","protected":false},"excerpt":{"rendered":"<p>Bu armut gece lambas\u0131, ayarlanabilir LED \u0131\u015f\u0131\u011f\u0131 ile kullan\u0131c\u0131ya \u00f6zel ayd\u0131nlatma sunar. Lo\u015f \u0131\u015f\u0131k modu uyku \u00f6ncesi rahatlama sa\u011flarken, daha parlak mod masa lambas\u0131 olarak kullan\u0131ma uygundur. Renk s\u0131cakl\u0131\u011f\u0131 yumu\u015fak sar\u0131dan beyaza kadar de\u011fi\u015ftirilebilir. \u015earj edilebilir yap\u0131s\u0131 sayesinde kablo ihtiyac\u0131n\u0131 ortadan kald\u0131r\u0131r. Dayan\u0131kl\u0131 vinyl materyali uzun s\u00fcreli kullan\u0131m sunar. Enerji tasarruflu yap\u0131s\u0131 ile \u00e7evre dostudur.<\/p>\n","protected":false},"featured_media":123161,"comment_status":"open","ping_status":"closed","template":"","meta":{"_kad_post_transparent":"","_kad_post_title":"","_kad_post_layout":"","_kad_post_sidebar_id":"","_kad_post_content_style":"","_kad_post_vertical_padding":"","_kad_post_feature":"","_kad_post_feature_position":"","_kad_post_header":false,"_kad_post_footer":false,"_kad_post_classname":""},"product_brand":[],"product_cat":[14967],"product_tag":[],"class_list":{"0":"post-123162","1":"product","2":"type-product","3":"status-publish","4":"has-post-thumbnail","6":"product_cat-gece-lambasi-gece-lambasi","8":"first","9":"instock","10":"purchasable","11":"product-type-simple","12":"entry","13":"content-bg","14":"loop-entry"},"_links":{"self":[{"href":"https:\/\/www.hediyepazar.com\/index.php?rest_route=\/wp\/v2\/product\/123162","targetHints":{"allow":["GET"]}}],"collection":[{"href":"https:\/\/www.hediyepazar.com\/index.php?rest_route=\/wp\/v2\/product"}],"about":[{"href":"https:\/\/www.hediyepazar.com\/index.php?rest_route=\/wp\/v2\/types\/product"}],"replies":[{"embeddable":true,"href":"https:\/\/www.hediyepazar.com\/index.php?rest_route=%2Fwp%2Fv2%2Fcomments&post=123162"}],"wp:featuredmedia":[{"embeddable":true,"href":"https:\/\/www.hediyepazar.com\/index.php?rest_route=\/wp\/v2\/media\/123161"}],"wp:attachment":[{"href":"https:\/\/www.hediyepazar.com\/index.php?rest_route=%2Fwp%2Fv2%2Fmedia&parent=123162"}],"wp:term":[{"taxonomy":"product_brand","embeddable":true,"href":"https:\/\/www.hediyepazar.com\/index.php?rest_route=%2Fwp%2Fv2%2Fproduct_brand&post=123162"},{"taxonomy":"product_cat","embeddable":true,"href":"https:\/\/www.hediyepazar.com\/index.php?rest_route=%2Fwp%2Fv2%2Fproduct_cat&post=123162"},{"taxonomy":"product_tag","embeddable":true,"href":"https:\/\/www.hediyepazar.com\/index.php?rest_route=%2Fwp%2Fv2%2Fproduct_tag&post=123162"}],"curies":[{"name":"wp","href":"https:\/\/api.w.org\/{rel}","templated":true}]}}