{"id":123164,"date":"2026-05-06T12:01:00","date_gmt":"2026-05-06T15:01:00","guid":{"rendered":"https:\/\/www.hediyepazar.com\/?product=dekoratif-armut-led-lamba-renk-ayarli-sarj-edilebilir"},"modified":"2026-05-06T12:01:00","modified_gmt":"2026-05-06T15:01:00","slug":"dekoratif-armut-led-lamba-renk-ayarli-sarj-edilebilir","status":"publish","type":"product","link":"https:\/\/www.hediyepazar.com\/?product=dekoratif-armut-led-lamba-renk-ayarli-sarj-edilebilir","title":{"rendered":"Dekoratif Armut LED Lamba Renk Ayarl\u0131 \u015earj Edilebilir"},"content":{"rendered":"<p>Dekoratif g\u00f6r\u00fcn\u00fcm\u00fc ile dikkat \u00e7eken armut LED gece lambas\u0131, fonksiyonelli\u011fi ile g\u00fcnl\u00fck ya\u015fam\u0131 kolayla\u015ft\u0131r\u0131r. Yumu\u015fak ve g\u00f6z yormayan \u0131\u015f\u0131\u011f\u0131 sayesinde yatak odas\u0131nda huzurlu bir atmosfer olu\u015fturur. Renk de\u011fi\u015ftirme \u00f6zelli\u011fi ile farkl\u0131 ayd\u0131nlatma ihtiya\u00e7lar\u0131na cevap verir. \u015earjl\u0131 ve kablosuz yap\u0131s\u0131 sayesinde kolay ta\u015f\u0131nabilir ve her ortamda rahatl\u0131kla kullan\u0131labilir. Modern tasar\u0131m\u0131 sayesinde ev, ofis veya \u00e7ocuk odalar\u0131nda \u015f\u0131k bir tamamlay\u0131c\u0131d\u0131r.<\/p>\n","protected":false},"excerpt":{"rendered":"<p>Dekoratif g\u00f6r\u00fcn\u00fcm\u00fc ile dikkat \u00e7eken armut LED gece lambas\u0131, fonksiyonelli\u011fi ile g\u00fcnl\u00fck ya\u015fam\u0131 kolayla\u015ft\u0131r\u0131r. Yumu\u015fak ve g\u00f6z yormayan \u0131\u015f\u0131\u011f\u0131 sayesinde yatak odas\u0131nda huzurlu bir atmosfer olu\u015fturur. Renk de\u011fi\u015ftirme \u00f6zelli\u011fi ile farkl\u0131 ayd\u0131nlatma ihtiya\u00e7lar\u0131na cevap verir. \u015earjl\u0131 ve kablosuz yap\u0131s\u0131 sayesinde kolay ta\u015f\u0131nabilir ve her ortamda rahatl\u0131kla kullan\u0131labilir. Modern tasar\u0131m\u0131 sayesinde ev, ofis veya \u00e7ocuk odalar\u0131nda&#8230;<\/p>\n","protected":false},"featured_media":123163,"comment_status":"open","ping_status":"closed","template":"","meta":{"_kad_post_transparent":"","_kad_post_title":"","_kad_post_layout":"","_kad_post_sidebar_id":"","_kad_post_content_style":"","_kad_post_vertical_padding":"","_kad_post_feature":"","_kad_post_feature_position":"","_kad_post_header":false,"_kad_post_footer":false,"_kad_post_classname":""},"product_brand":[],"product_cat":[14967],"product_tag":[],"class_list":{"0":"post-123164","1":"product","2":"type-product","3":"status-publish","4":"has-post-thumbnail","6":"product_cat-gece-lambasi-gece-lambasi","8":"first","9":"instock","10":"purchasable","11":"product-type-simple","12":"entry","13":"content-bg","14":"loop-entry"},"_links":{"self":[{"href":"https:\/\/www.hediyepazar.com\/index.php?rest_route=\/wp\/v2\/product\/123164","targetHints":{"allow":["GET"]}}],"collection":[{"href":"https:\/\/www.hediyepazar.com\/index.php?rest_route=\/wp\/v2\/product"}],"about":[{"href":"https:\/\/www.hediyepazar.com\/index.php?rest_route=\/wp\/v2\/types\/product"}],"replies":[{"embeddable":true,"href":"https:\/\/www.hediyepazar.com\/index.php?rest_route=%2Fwp%2Fv2%2Fcomments&post=123164"}],"wp:featuredmedia":[{"embeddable":true,"href":"https:\/\/www.hediyepazar.com\/index.php?rest_route=\/wp\/v2\/media\/123163"}],"wp:attachment":[{"href":"https:\/\/www.hediyepazar.com\/index.php?rest_route=%2Fwp%2Fv2%2Fmedia&parent=123164"}],"wp:term":[{"taxonomy":"product_brand","embeddable":true,"href":"https:\/\/www.hediyepazar.com\/index.php?rest_route=%2Fwp%2Fv2%2Fproduct_brand&post=123164"},{"taxonomy":"product_cat","embeddable":true,"href":"https:\/\/www.hediyepazar.com\/index.php?rest_route=%2Fwp%2Fv2%2Fproduct_cat&post=123164"},{"taxonomy":"product_tag","embeddable":true,"href":"https:\/\/www.hediyepazar.com\/index.php?rest_route=%2Fwp%2Fv2%2Fproduct_tag&post=123164"}],"curies":[{"name":"wp","href":"https:\/\/api.w.org\/{rel}","templated":true}]}}