{"id":123172,"date":"2026-05-06T12:01:58","date_gmt":"2026-05-06T15:01:58","guid":{"rendered":"https:\/\/www.hediyepazar.com\/?product=eklemli-hareketli-dinazor-figuru-siyah-dekoratif-masa-ustu-oyuncak"},"modified":"2026-05-06T12:01:58","modified_gmt":"2026-05-06T15:01:58","slug":"eklemli-hareketli-dinazor-figuru-siyah-dekoratif-masa-ustu-oyuncak","status":"publish","type":"product","link":"https:\/\/www.hediyepazar.com\/?product=eklemli-hareketli-dinazor-figuru-siyah-dekoratif-masa-ustu-oyuncak","title":{"rendered":"Eklemli Hareketli Dinazor Fig\u00fcr\u00fc Siyah \u2013 Dekoratif Masa \u00dcst\u00fc Oyuncak"},"content":{"rendered":"<p>Eklemli yap\u0131ya sahip bu hareketli dinazor fig\u00fcr\u00fc, esnek g\u00f6vdesi sayesinde farkl\u0131 pozisyonlara kolayca getirilebilir. Segmentli tasar\u0131m\u0131, fig\u00fcre hem ger\u00e7ek\u00e7i bir g\u00f6r\u00fcn\u00fcm hem de oynanabilirlik kazand\u0131r\u0131r. Siyah renkli modern tasar\u0131m\u0131, klasik oyuncak anlay\u0131\u015f\u0131n\u0131n d\u0131\u015f\u0131na \u00e7\u0131karak dekoratif bir obje olarak da kullan\u0131lmas\u0131n\u0131 sa\u011flar.Masa \u00fcst\u00fc, raf, kitapl\u0131k veya vitrin dekorasyonu i\u00e7in uygundur. Dinazor temal\u0131 \u00fcr\u00fcnleri sevenler, koleksiyoncular ve farkl\u0131 dekoratif objeler arayanlar i\u00e7in dikkat \u00e7ekici bir alternatiftir. Dayan\u0131kl\u0131 malzemeden \u00fcretilmi\u015f olup hafif yap\u0131s\u0131 sayesinde kolay ta\u015f\u0131n\u0131r ve uzun s\u00fcreli kullan\u0131m sunar.\u00c7ocuklar i\u00e7in e\u011flenceli bir oyuncak olmas\u0131n\u0131n yan\u0131 s\u0131ra yeti\u015fkinler i\u00e7in de masa veya ofis dekoru olarak tercih edilebilir. \u00d6zel g\u00fcnlerde hediye arayanlar i\u00e7in de \u00f6zg\u00fcn ve farkl\u0131 bir hediye se\u00e7ene\u011fi sunar.<\/p>\n","protected":false},"excerpt":{"rendered":"<p>Eklemli yap\u0131ya sahip bu hareketli dinazor fig\u00fcr\u00fc, esnek g\u00f6vdesi sayesinde farkl\u0131 pozisyonlara kolayca getirilebilir. Segmentli tasar\u0131m\u0131, fig\u00fcre hem ger\u00e7ek\u00e7i bir g\u00f6r\u00fcn\u00fcm hem de oynanabilirlik kazand\u0131r\u0131r. Siyah renkli modern tasar\u0131m\u0131, klasik oyuncak anlay\u0131\u015f\u0131n\u0131n d\u0131\u015f\u0131na \u00e7\u0131karak dekoratif bir obje olarak da kullan\u0131lmas\u0131n\u0131 sa\u011flar.Masa \u00fcst\u00fc, raf, kitapl\u0131k veya vitrin dekorasyonu i\u00e7in uygundur. Dinazor temal\u0131 \u00fcr\u00fcnleri sevenler, koleksiyoncular ve&#8230;<\/p>\n","protected":false},"featured_media":123171,"comment_status":"open","ping_status":"closed","template":"","meta":{"_kad_post_transparent":"","_kad_post_title":"","_kad_post_layout":"","_kad_post_sidebar_id":"","_kad_post_content_style":"","_kad_post_vertical_padding":"","_kad_post_feature":"","_kad_post_feature_position":"","_kad_post_header":false,"_kad_post_footer":false,"_kad_post_classname":""},"product_brand":[],"product_cat":[14940],"product_tag":[],"class_list":{"0":"post-123172","1":"product","2":"type-product","3":"status-publish","4":"has-post-thumbnail","6":"product_cat-dekoratif-obje-biblo-dekoratif-obje-biblo","8":"first","9":"instock","10":"purchasable","11":"product-type-simple","12":"entry","13":"content-bg","14":"loop-entry"},"_links":{"self":[{"href":"https:\/\/www.hediyepazar.com\/index.php?rest_route=\/wp\/v2\/product\/123172","targetHints":{"allow":["GET"]}}],"collection":[{"href":"https:\/\/www.hediyepazar.com\/index.php?rest_route=\/wp\/v2\/product"}],"about":[{"href":"https:\/\/www.hediyepazar.com\/index.php?rest_route=\/wp\/v2\/types\/product"}],"replies":[{"embeddable":true,"href":"https:\/\/www.hediyepazar.com\/index.php?rest_route=%2Fwp%2Fv2%2Fcomments&post=123172"}],"wp:featuredmedia":[{"embeddable":true,"href":"https:\/\/www.hediyepazar.com\/index.php?rest_route=\/wp\/v2\/media\/123171"}],"wp:attachment":[{"href":"https:\/\/www.hediyepazar.com\/index.php?rest_route=%2Fwp%2Fv2%2Fmedia&parent=123172"}],"wp:term":[{"taxonomy":"product_brand","embeddable":true,"href":"https:\/\/www.hediyepazar.com\/index.php?rest_route=%2Fwp%2Fv2%2Fproduct_brand&post=123172"},{"taxonomy":"product_cat","embeddable":true,"href":"https:\/\/www.hediyepazar.com\/index.php?rest_route=%2Fwp%2Fv2%2Fproduct_cat&post=123172"},{"taxonomy":"product_tag","embeddable":true,"href":"https:\/\/www.hediyepazar.com\/index.php?rest_route=%2Fwp%2Fv2%2Fproduct_tag&post=123172"}],"curies":[{"name":"wp","href":"https:\/\/api.w.org\/{rel}","templated":true}]}}