{"id":123174,"date":"2026-05-06T12:02:05","date_gmt":"2026-05-06T15:02:05","guid":{"rendered":"https:\/\/www.hediyepazar.com\/?product=hareketli-dinazor-figuru-dekoratif-oyuncak-siyah-tasarim"},"modified":"2026-05-06T12:02:05","modified_gmt":"2026-05-06T15:02:05","slug":"hareketli-dinazor-figuru-dekoratif-oyuncak-siyah-tasarim","status":"publish","type":"product","link":"https:\/\/www.hediyepazar.com\/?product=hareketli-dinazor-figuru-dekoratif-oyuncak-siyah-tasarim","title":{"rendered":"Hareketli Dinazor Fig\u00fcr\u00fc Dekoratif Oyuncak \u2013 Siyah Tasar\u0131m"},"content":{"rendered":"<p>Hareketli dinazor fig\u00fcr\u00fc, detayl\u0131 tasar\u0131m\u0131 ve esnek yap\u0131s\u0131yla hem dekoratif hem de e\u011flenceli bir \u00fcr\u00fcnd\u00fcr. Segmentli (eklemli) g\u00f6vde yap\u0131s\u0131 sayesinde dinazor fig\u00fcr\u00fc farkl\u0131 pozisyonlara getirilebilir; bu da \u00fcr\u00fcn\u00fc klasik sabit fig\u00fcrlerden ay\u0131r\u0131r.Modern ve dikkat \u00e7ekici siyah rengi, masa \u00fcst\u00fc, raf, kitapl\u0131k ve koleksiyon k\u00f6\u015felerinde g\u00fc\u00e7l\u00fc bir duru\u015f sergiler. \u00d6zellikle dinazor severler, koleksiyon merakl\u0131lar\u0131 ve \u00e7ocuklar i\u00e7in ideal bir \u00fcr\u00fcnd\u00fcr. Hafif ve dayan\u0131kl\u0131 malzemeden \u00fcretilmi\u015ftir, uzun s\u00fcreli kullan\u0131m i\u00e7in uygundur.Ev dekorasyonunda farkl\u0131 ve e\u011flenceli bir dokunu\u015f arayanlar i\u00e7in harika bir se\u00e7im olmas\u0131n\u0131n yan\u0131 s\u0131ra, do\u011fum g\u00fcn\u00fc ve \u00f6zel g\u00fcnlerde hediye alternatifi olarak da tercih edilebilir. Ofis masas\u0131nda, \u00e7al\u0131\u015fma alanlar\u0131nda veya \u00e7ocuk odalar\u0131nda rahatl\u0131kla kullan\u0131labilir.<\/p>\n","protected":false},"excerpt":{"rendered":"<p>Hareketli dinazor fig\u00fcr\u00fc, detayl\u0131 tasar\u0131m\u0131 ve esnek yap\u0131s\u0131yla hem dekoratif hem de e\u011flenceli bir \u00fcr\u00fcnd\u00fcr. Segmentli (eklemli) g\u00f6vde yap\u0131s\u0131 sayesinde dinazor fig\u00fcr\u00fc farkl\u0131 pozisyonlara getirilebilir; bu da \u00fcr\u00fcn\u00fc klasik sabit fig\u00fcrlerden ay\u0131r\u0131r.Modern ve dikkat \u00e7ekici siyah rengi, masa \u00fcst\u00fc, raf, kitapl\u0131k ve koleksiyon k\u00f6\u015felerinde g\u00fc\u00e7l\u00fc bir duru\u015f sergiler. \u00d6zellikle dinazor severler, koleksiyon merakl\u0131lar\u0131 ve \u00e7ocuklar&#8230;<\/p>\n","protected":false},"featured_media":123173,"comment_status":"open","ping_status":"closed","template":"","meta":{"_kad_post_transparent":"","_kad_post_title":"","_kad_post_layout":"","_kad_post_sidebar_id":"","_kad_post_content_style":"","_kad_post_vertical_padding":"","_kad_post_feature":"","_kad_post_feature_position":"","_kad_post_header":false,"_kad_post_footer":false,"_kad_post_classname":""},"product_brand":[],"product_cat":[14940],"product_tag":[],"class_list":{"0":"post-123174","1":"product","2":"type-product","3":"status-publish","4":"has-post-thumbnail","6":"product_cat-dekoratif-obje-biblo-dekoratif-obje-biblo","8":"first","9":"instock","10":"purchasable","11":"product-type-simple","12":"entry","13":"content-bg","14":"loop-entry"},"_links":{"self":[{"href":"https:\/\/www.hediyepazar.com\/index.php?rest_route=\/wp\/v2\/product\/123174","targetHints":{"allow":["GET"]}}],"collection":[{"href":"https:\/\/www.hediyepazar.com\/index.php?rest_route=\/wp\/v2\/product"}],"about":[{"href":"https:\/\/www.hediyepazar.com\/index.php?rest_route=\/wp\/v2\/types\/product"}],"replies":[{"embeddable":true,"href":"https:\/\/www.hediyepazar.com\/index.php?rest_route=%2Fwp%2Fv2%2Fcomments&post=123174"}],"wp:featuredmedia":[{"embeddable":true,"href":"https:\/\/www.hediyepazar.com\/index.php?rest_route=\/wp\/v2\/media\/123173"}],"wp:attachment":[{"href":"https:\/\/www.hediyepazar.com\/index.php?rest_route=%2Fwp%2Fv2%2Fmedia&parent=123174"}],"wp:term":[{"taxonomy":"product_brand","embeddable":true,"href":"https:\/\/www.hediyepazar.com\/index.php?rest_route=%2Fwp%2Fv2%2Fproduct_brand&post=123174"},{"taxonomy":"product_cat","embeddable":true,"href":"https:\/\/www.hediyepazar.com\/index.php?rest_route=%2Fwp%2Fv2%2Fproduct_cat&post=123174"},{"taxonomy":"product_tag","embeddable":true,"href":"https:\/\/www.hediyepazar.com\/index.php?rest_route=%2Fwp%2Fv2%2Fproduct_tag&post=123174"}],"curies":[{"name":"wp","href":"https:\/\/api.w.org\/{rel}","templated":true}]}}