{"id":123176,"date":"2026-05-06T12:02:11","date_gmt":"2026-05-06T15:02:11","guid":{"rendered":"https:\/\/www.hediyepazar.com\/?product=el-sallama-sensorlu-led-far-ayarlanabilir-isik-acisi"},"modified":"2026-05-06T12:02:11","modified_gmt":"2026-05-06T15:02:11","slug":"el-sallama-sensorlu-led-far-ayarlanabilir-isik-acisi","status":"publish","type":"product","link":"https:\/\/www.hediyepazar.com\/?product=el-sallama-sensorlu-led-far-ayarlanabilir-isik-acisi","title":{"rendered":"El Sallama Sens\u00f6rl\u00fc LED Far Ayarlanabilir I\u015f\u0131k A\u00e7\u0131s\u0131"},"content":{"rendered":"<p>El sallama sens\u00f6rl\u00fc LED kafa lambas\u0131, outdoor aktiviteler i\u00e7in geli\u015ftirilmi\u015f fonksiyonel bir ayd\u0131nlatma \u00e7\u00f6z\u00fcm\u00fcd\u00fcr. Wave sens\u00f6r teknolojisi sayesinde tek hareketle kontrol edilebilir.45 derece ayarlanabilir \u0131\u015f\u0131k a\u00e7\u0131s\u0131, kullan\u0131c\u0131ya esneklik sa\u011flar. Uzun menzilli LED \u0131\u015f\u0131k, karanl\u0131k ortamlarda g\u00fc\u00e7l\u00fc ayd\u0131nlatma sunar.\u015earj edilebilir batarya yap\u0131s\u0131 sayesinde hem ekonomik hem de \u00e7evre dostudur.<\/p>\n","protected":false},"excerpt":{"rendered":"<p>El sallama sens\u00f6rl\u00fc LED kafa lambas\u0131, outdoor aktiviteler i\u00e7in geli\u015ftirilmi\u015f fonksiyonel bir ayd\u0131nlatma \u00e7\u00f6z\u00fcm\u00fcd\u00fcr. Wave sens\u00f6r teknolojisi sayesinde tek hareketle kontrol edilebilir.45 derece ayarlanabilir \u0131\u015f\u0131k a\u00e7\u0131s\u0131, kullan\u0131c\u0131ya esneklik sa\u011flar. Uzun menzilli LED \u0131\u015f\u0131k, karanl\u0131k ortamlarda g\u00fc\u00e7l\u00fc ayd\u0131nlatma sunar.\u015earj edilebilir batarya yap\u0131s\u0131 sayesinde hem ekonomik hem de \u00e7evre dostudur.<\/p>\n","protected":false},"featured_media":123175,"comment_status":"open","ping_status":"closed","template":"","meta":{"_kad_post_transparent":"","_kad_post_title":"","_kad_post_layout":"","_kad_post_sidebar_id":"","_kad_post_content_style":"","_kad_post_vertical_padding":"","_kad_post_feature":"","_kad_post_feature_position":"","_kad_post_header":false,"_kad_post_footer":false,"_kad_post_classname":""},"product_brand":[],"product_cat":[14979],"product_tag":[],"class_list":{"0":"post-123176","1":"product","2":"type-product","3":"status-publish","4":"has-post-thumbnail","6":"product_cat-kafa-lambasi-kafa-lambasi","8":"first","9":"instock","10":"purchasable","11":"product-type-simple","12":"entry","13":"content-bg","14":"loop-entry"},"_links":{"self":[{"href":"https:\/\/www.hediyepazar.com\/index.php?rest_route=\/wp\/v2\/product\/123176","targetHints":{"allow":["GET"]}}],"collection":[{"href":"https:\/\/www.hediyepazar.com\/index.php?rest_route=\/wp\/v2\/product"}],"about":[{"href":"https:\/\/www.hediyepazar.com\/index.php?rest_route=\/wp\/v2\/types\/product"}],"replies":[{"embeddable":true,"href":"https:\/\/www.hediyepazar.com\/index.php?rest_route=%2Fwp%2Fv2%2Fcomments&post=123176"}],"wp:featuredmedia":[{"embeddable":true,"href":"https:\/\/www.hediyepazar.com\/index.php?rest_route=\/wp\/v2\/media\/123175"}],"wp:attachment":[{"href":"https:\/\/www.hediyepazar.com\/index.php?rest_route=%2Fwp%2Fv2%2Fmedia&parent=123176"}],"wp:term":[{"taxonomy":"product_brand","embeddable":true,"href":"https:\/\/www.hediyepazar.com\/index.php?rest_route=%2Fwp%2Fv2%2Fproduct_brand&post=123176"},{"taxonomy":"product_cat","embeddable":true,"href":"https:\/\/www.hediyepazar.com\/index.php?rest_route=%2Fwp%2Fv2%2Fproduct_cat&post=123176"},{"taxonomy":"product_tag","embeddable":true,"href":"https:\/\/www.hediyepazar.com\/index.php?rest_route=%2Fwp%2Fv2%2Fproduct_tag&post=123176"}],"curies":[{"name":"wp","href":"https:\/\/api.w.org\/{rel}","templated":true}]}}