{"id":123178,"date":"2026-05-06T12:02:17","date_gmt":"2026-05-06T15:02:17","guid":{"rendered":"https:\/\/www.hediyepazar.com\/?product=uzun-menzilli-sensorlu-led-kafa-lambasi-kamp-ve-yuruyus"},"modified":"2026-05-06T12:02:17","modified_gmt":"2026-05-06T15:02:17","slug":"uzun-menzilli-sensorlu-led-kafa-lambasi-kamp-ve-yuruyus","status":"publish","type":"product","link":"https:\/\/www.hediyepazar.com\/?product=uzun-menzilli-sensorlu-led-kafa-lambasi-kamp-ve-yuruyus","title":{"rendered":"Uzun Menzilli Sens\u00f6rl\u00fc LED Kafa Lambas\u0131 Kamp ve Y\u00fcr\u00fcy\u00fc\u015f"},"content":{"rendered":"<p>\u015earjl\u0131 wave sens\u00f6rl\u00fc LED kafa lambas\u0131, \u00e7ok y\u00f6nl\u00fc kullan\u0131m\u0131yla dikkat \u00e7eker. Hareket sens\u00f6r\u00fc sayesinde eller serbest kontrol imk\u00e2n\u0131 sunar ve kullan\u0131m kolayl\u0131\u011f\u0131 sa\u011flar.Ayarlanabilir 45 derece \u0131\u015f\u0131k a\u00e7\u0131s\u0131 ile farkl\u0131 a\u00e7\u0131lardan etkili ayd\u0131nlatma elde edebilirsiniz. G\u00fc\u00e7l\u00fc LED \u0131\u015f\u0131\u011f\u0131 uzun mesafeli g\u00f6r\u00fc\u015f sa\u011flayarak gece aktivitelerinde g\u00fcvenli kullan\u0131m sunar.Kamp, bal\u0131k\u00e7\u0131l\u0131k, y\u00fcr\u00fcy\u00fc\u015f ve tar\u0131m gibi bir\u00e7ok alanda kullan\u0131labilecek pratik bir \u00fcr\u00fcnd\u00fcr.<\/p>\n","protected":false},"excerpt":{"rendered":"<p>\u015earjl\u0131 wave sens\u00f6rl\u00fc LED kafa lambas\u0131, \u00e7ok y\u00f6nl\u00fc kullan\u0131m\u0131yla dikkat \u00e7eker. Hareket sens\u00f6r\u00fc sayesinde eller serbest kontrol imk\u00e2n\u0131 sunar ve kullan\u0131m kolayl\u0131\u011f\u0131 sa\u011flar.Ayarlanabilir 45 derece \u0131\u015f\u0131k a\u00e7\u0131s\u0131 ile farkl\u0131 a\u00e7\u0131lardan etkili ayd\u0131nlatma elde edebilirsiniz. G\u00fc\u00e7l\u00fc LED \u0131\u015f\u0131\u011f\u0131 uzun mesafeli g\u00f6r\u00fc\u015f sa\u011flayarak gece aktivitelerinde g\u00fcvenli kullan\u0131m sunar.Kamp, bal\u0131k\u00e7\u0131l\u0131k, y\u00fcr\u00fcy\u00fc\u015f ve tar\u0131m gibi bir\u00e7ok alanda kullan\u0131labilecek pratik&#8230;<\/p>\n","protected":false},"featured_media":123177,"comment_status":"open","ping_status":"closed","template":"","meta":{"_kad_post_transparent":"","_kad_post_title":"","_kad_post_layout":"","_kad_post_sidebar_id":"","_kad_post_content_style":"","_kad_post_vertical_padding":"","_kad_post_feature":"","_kad_post_feature_position":"","_kad_post_header":false,"_kad_post_footer":false,"_kad_post_classname":""},"product_brand":[],"product_cat":[14979],"product_tag":[],"class_list":{"0":"post-123178","1":"product","2":"type-product","3":"status-publish","4":"has-post-thumbnail","6":"product_cat-kafa-lambasi-kafa-lambasi","8":"first","9":"instock","10":"purchasable","11":"product-type-simple","12":"entry","13":"content-bg","14":"loop-entry"},"_links":{"self":[{"href":"https:\/\/www.hediyepazar.com\/index.php?rest_route=\/wp\/v2\/product\/123178","targetHints":{"allow":["GET"]}}],"collection":[{"href":"https:\/\/www.hediyepazar.com\/index.php?rest_route=\/wp\/v2\/product"}],"about":[{"href":"https:\/\/www.hediyepazar.com\/index.php?rest_route=\/wp\/v2\/types\/product"}],"replies":[{"embeddable":true,"href":"https:\/\/www.hediyepazar.com\/index.php?rest_route=%2Fwp%2Fv2%2Fcomments&post=123178"}],"wp:featuredmedia":[{"embeddable":true,"href":"https:\/\/www.hediyepazar.com\/index.php?rest_route=\/wp\/v2\/media\/123177"}],"wp:attachment":[{"href":"https:\/\/www.hediyepazar.com\/index.php?rest_route=%2Fwp%2Fv2%2Fmedia&parent=123178"}],"wp:term":[{"taxonomy":"product_brand","embeddable":true,"href":"https:\/\/www.hediyepazar.com\/index.php?rest_route=%2Fwp%2Fv2%2Fproduct_brand&post=123178"},{"taxonomy":"product_cat","embeddable":true,"href":"https:\/\/www.hediyepazar.com\/index.php?rest_route=%2Fwp%2Fv2%2Fproduct_cat&post=123178"},{"taxonomy":"product_tag","embeddable":true,"href":"https:\/\/www.hediyepazar.com\/index.php?rest_route=%2Fwp%2Fv2%2Fproduct_tag&post=123178"}],"curies":[{"name":"wp","href":"https:\/\/api.w.org\/{rel}","templated":true}]}}