{"id":123180,"date":"2026-05-06T12:02:23","date_gmt":"2026-05-06T15:02:23","guid":{"rendered":"https:\/\/www.hediyepazar.com\/?product=sarjli-wave-sensorlu-led-kafa-feneri-outdoor-kullanim"},"modified":"2026-05-06T12:02:23","modified_gmt":"2026-05-06T15:02:23","slug":"sarjli-wave-sensorlu-led-kafa-feneri-outdoor-kullanim","status":"publish","type":"product","link":"https:\/\/www.hediyepazar.com\/?product=sarjli-wave-sensorlu-led-kafa-feneri-outdoor-kullanim","title":{"rendered":"\u015earjl\u0131 Wave Sens\u00f6rl\u00fc LED Kafa Feneri Outdoor Kullan\u0131m"},"content":{"rendered":"<p>Bu wave sens\u00f6rl\u00fc LED kafa lambas\u0131, d\u0131\u015f mek\u00e2n aktivitelerinde konfor ve g\u00fcvenli\u011fi bir arada sunar. El sallama sens\u00f6r\u00fc sayesinde \u0131\u015f\u0131\u011f\u0131 dokunmadan kontrol edebilir, \u00f6zellikle zorlu ko\u015fullarda rahat bir kullan\u0131m elde edebilirsiniz.45 dereceye kadar ayarlanabilen \u0131\u015f\u0131k a\u00e7\u0131s\u0131, \u0131\u015f\u0131\u011f\u0131 tam olarak ihtiya\u00e7 duydu\u011funuz noktaya y\u00f6nlendirmenizi sa\u011flar. Uzun menzilli LED ayd\u0131nlatmas\u0131, gece kullan\u0131m\u0131nda y\u00fcksek g\u00f6r\u00fc\u015f sa\u011flar.\u015earj edilebilir bataryas\u0131 sayesinde pil masraf\u0131n\u0131 ortadan kald\u0131r\u0131r. Tar\u0131m, kamp, trekking ve bisiklet aktiviteleri i\u00e7in uygundur.<\/p>\n","protected":false},"excerpt":{"rendered":"<p>Bu wave sens\u00f6rl\u00fc LED kafa lambas\u0131, d\u0131\u015f mek\u00e2n aktivitelerinde konfor ve g\u00fcvenli\u011fi bir arada sunar. El sallama sens\u00f6r\u00fc sayesinde \u0131\u015f\u0131\u011f\u0131 dokunmadan kontrol edebilir, \u00f6zellikle zorlu ko\u015fullarda rahat bir kullan\u0131m elde edebilirsiniz.45 dereceye kadar ayarlanabilen \u0131\u015f\u0131k a\u00e7\u0131s\u0131, \u0131\u015f\u0131\u011f\u0131 tam olarak ihtiya\u00e7 duydu\u011funuz noktaya y\u00f6nlendirmenizi sa\u011flar. Uzun menzilli LED ayd\u0131nlatmas\u0131, gece kullan\u0131m\u0131nda y\u00fcksek g\u00f6r\u00fc\u015f sa\u011flar.\u015earj edilebilir bataryas\u0131&#8230;<\/p>\n","protected":false},"featured_media":123179,"comment_status":"open","ping_status":"closed","template":"","meta":{"_kad_post_transparent":"","_kad_post_title":"","_kad_post_layout":"","_kad_post_sidebar_id":"","_kad_post_content_style":"","_kad_post_vertical_padding":"","_kad_post_feature":"","_kad_post_feature_position":"","_kad_post_header":false,"_kad_post_footer":false,"_kad_post_classname":""},"product_brand":[],"product_cat":[14979],"product_tag":[],"class_list":{"0":"post-123180","1":"product","2":"type-product","3":"status-publish","4":"has-post-thumbnail","6":"product_cat-kafa-lambasi-kafa-lambasi","8":"first","9":"instock","10":"purchasable","11":"product-type-simple","12":"entry","13":"content-bg","14":"loop-entry"},"_links":{"self":[{"href":"https:\/\/www.hediyepazar.com\/index.php?rest_route=\/wp\/v2\/product\/123180","targetHints":{"allow":["GET"]}}],"collection":[{"href":"https:\/\/www.hediyepazar.com\/index.php?rest_route=\/wp\/v2\/product"}],"about":[{"href":"https:\/\/www.hediyepazar.com\/index.php?rest_route=\/wp\/v2\/types\/product"}],"replies":[{"embeddable":true,"href":"https:\/\/www.hediyepazar.com\/index.php?rest_route=%2Fwp%2Fv2%2Fcomments&post=123180"}],"wp:featuredmedia":[{"embeddable":true,"href":"https:\/\/www.hediyepazar.com\/index.php?rest_route=\/wp\/v2\/media\/123179"}],"wp:attachment":[{"href":"https:\/\/www.hediyepazar.com\/index.php?rest_route=%2Fwp%2Fv2%2Fmedia&parent=123180"}],"wp:term":[{"taxonomy":"product_brand","embeddable":true,"href":"https:\/\/www.hediyepazar.com\/index.php?rest_route=%2Fwp%2Fv2%2Fproduct_brand&post=123180"},{"taxonomy":"product_cat","embeddable":true,"href":"https:\/\/www.hediyepazar.com\/index.php?rest_route=%2Fwp%2Fv2%2Fproduct_cat&post=123180"},{"taxonomy":"product_tag","embeddable":true,"href":"https:\/\/www.hediyepazar.com\/index.php?rest_route=%2Fwp%2Fv2%2Fproduct_tag&post=123180"}],"curies":[{"name":"wp","href":"https:\/\/api.w.org\/{rel}","templated":true}]}}