{"id":123184,"date":"2026-05-06T12:03:05","date_gmt":"2026-05-06T15:03:05","guid":{"rendered":"https:\/\/www.hediyepazar.com\/?product=wave-sensorlu-led-kafa-lambasi-sarjli-ayarlanabilir-isik"},"modified":"2026-05-06T12:03:05","modified_gmt":"2026-05-06T15:03:05","slug":"wave-sensorlu-led-kafa-lambasi-sarjli-ayarlanabilir-isik","status":"publish","type":"product","link":"https:\/\/www.hediyepazar.com\/?product=wave-sensorlu-led-kafa-lambasi-sarjli-ayarlanabilir-isik","title":{"rendered":"Wave Sens\u00f6rl\u00fc LED Kafa Lambas\u0131 \u015earjl\u0131 Ayarlanabilir I\u015f\u0131k"},"content":{"rendered":"<p>Wave sens\u00f6rl\u00fc LED kafa lambas\u0131, yenilik\u00e7i hareket alg\u0131lama teknolojisi sayesinde eller serbest kullan\u0131m sunar. Elinizi sallayarak \u0131\u015f\u0131\u011f\u0131 kolayca a\u00e7\u0131p kapatabilir, d\u00fc\u011fme arama zahmetinden kurtulabilirsiniz. Bu \u00f6zellik \u00f6zellikle eldivenle \u00e7al\u0131\u015f\u0131rken, kamp yaparken veya bal\u0131k tutarken b\u00fcy\u00fck kolayl\u0131k sa\u011flar.45 dereceye kadar ayarlanabilen \u0131\u015f\u0131k a\u00e7\u0131s\u0131 sayesinde \u0131\u015f\u0131k demetini tam olarak ihtiyac\u0131n\u0131z olan y\u00f6ne y\u00f6nlendirebilirsiniz. G\u00fc\u00e7l\u00fc LED ayd\u0131nlatmas\u0131, uzun mesafeli g\u00f6r\u00fc\u015f sa\u011flayarak gece aktivitelerinde g\u00fcvenli bir kullan\u0131m sunar.\u015earj edilebilir batarya sistemi sayesinde s\u00fcrekli pil de\u011fi\u015ftirme ihtiyac\u0131n\u0131 ortadan kald\u0131r\u0131r. Tar\u0131m, bal\u0131k\u00e7\u0131l\u0131k, kamp, y\u00fcr\u00fcy\u00fc\u015f, trekking ve bisiklet gibi bir\u00e7ok a\u00e7\u0131k hava aktivitesi i\u00e7in ideal bir yard\u0131mc\u0131d\u0131r.<\/p>\n","protected":false},"excerpt":{"rendered":"<p>Wave sens\u00f6rl\u00fc LED kafa lambas\u0131, yenilik\u00e7i hareket alg\u0131lama teknolojisi sayesinde eller serbest kullan\u0131m sunar. Elinizi sallayarak \u0131\u015f\u0131\u011f\u0131 kolayca a\u00e7\u0131p kapatabilir, d\u00fc\u011fme arama zahmetinden kurtulabilirsiniz. Bu \u00f6zellik \u00f6zellikle eldivenle \u00e7al\u0131\u015f\u0131rken, kamp yaparken veya bal\u0131k tutarken b\u00fcy\u00fck kolayl\u0131k sa\u011flar.45 dereceye kadar ayarlanabilen \u0131\u015f\u0131k a\u00e7\u0131s\u0131 sayesinde \u0131\u015f\u0131k demetini tam olarak ihtiyac\u0131n\u0131z olan y\u00f6ne y\u00f6nlendirebilirsiniz. G\u00fc\u00e7l\u00fc LED ayd\u0131nlatmas\u0131, uzun&#8230;<\/p>\n","protected":false},"featured_media":123183,"comment_status":"open","ping_status":"closed","template":"","meta":{"_kad_post_transparent":"","_kad_post_title":"","_kad_post_layout":"","_kad_post_sidebar_id":"","_kad_post_content_style":"","_kad_post_vertical_padding":"","_kad_post_feature":"","_kad_post_feature_position":"","_kad_post_header":false,"_kad_post_footer":false,"_kad_post_classname":""},"product_brand":[],"product_cat":[14979],"product_tag":[],"class_list":{"0":"post-123184","1":"product","2":"type-product","3":"status-publish","4":"has-post-thumbnail","6":"product_cat-kafa-lambasi-kafa-lambasi","8":"first","9":"instock","10":"purchasable","11":"product-type-simple","12":"entry","13":"content-bg","14":"loop-entry"},"_links":{"self":[{"href":"https:\/\/www.hediyepazar.com\/index.php?rest_route=\/wp\/v2\/product\/123184","targetHints":{"allow":["GET"]}}],"collection":[{"href":"https:\/\/www.hediyepazar.com\/index.php?rest_route=\/wp\/v2\/product"}],"about":[{"href":"https:\/\/www.hediyepazar.com\/index.php?rest_route=\/wp\/v2\/types\/product"}],"replies":[{"embeddable":true,"href":"https:\/\/www.hediyepazar.com\/index.php?rest_route=%2Fwp%2Fv2%2Fcomments&post=123184"}],"wp:featuredmedia":[{"embeddable":true,"href":"https:\/\/www.hediyepazar.com\/index.php?rest_route=\/wp\/v2\/media\/123183"}],"wp:attachment":[{"href":"https:\/\/www.hediyepazar.com\/index.php?rest_route=%2Fwp%2Fv2%2Fmedia&parent=123184"}],"wp:term":[{"taxonomy":"product_brand","embeddable":true,"href":"https:\/\/www.hediyepazar.com\/index.php?rest_route=%2Fwp%2Fv2%2Fproduct_brand&post=123184"},{"taxonomy":"product_cat","embeddable":true,"href":"https:\/\/www.hediyepazar.com\/index.php?rest_route=%2Fwp%2Fv2%2Fproduct_cat&post=123184"},{"taxonomy":"product_tag","embeddable":true,"href":"https:\/\/www.hediyepazar.com\/index.php?rest_route=%2Fwp%2Fv2%2Fproduct_tag&post=123184"}],"curies":[{"name":"wp","href":"https:\/\/api.w.org\/{rel}","templated":true}]}}