{"id":123186,"date":"2026-05-06T12:03:10","date_gmt":"2026-05-06T15:03:10","guid":{"rendered":"https:\/\/www.hediyepazar.com\/?product=el-sensorlu-led-far-suya-dayanikli-sarjli-kafa-lambasi"},"modified":"2026-05-06T12:03:10","modified_gmt":"2026-05-06T15:03:10","slug":"el-sensorlu-led-far-suya-dayanikli-sarjli-kafa-lambasi","status":"publish","type":"product","link":"https:\/\/www.hediyepazar.com\/?product=el-sensorlu-led-far-suya-dayanikli-sarjli-kafa-lambasi","title":{"rendered":"El Sens\u00f6rl\u00fc LED Far Suya Dayan\u0131kl\u0131 \u015earjl\u0131 Kafa Lambas\u0131"},"content":{"rendered":"<p>El sens\u00f6rl\u00fc LED far, pratik kullan\u0131m ve g\u00fc\u00e7l\u00fc ayd\u0131nlatmay\u0131 bir araya getirir. Suya dayan\u0131kl\u0131 sens\u00f6r modu ile her hava ko\u015fulunda kullan\u0131labilir. 4 beyaz ve 2 k\u0131rm\u0131z\u0131 LED \u0131\u015f\u0131k ile \u00e7ok y\u00f6nl\u00fc kullan\u0131m sunar.Ayarlanabilir kafa band\u0131 ve nefes alabilen yap\u0131s\u0131 ile konforludur. 45 derece ayarlanabilir far ba\u015fl\u0131\u011f\u0131 sayesinde \u0131\u015f\u0131k y\u00f6n\u00fc kolayca ayarlanabilir. Kamp ve outdoor aktiviteler i\u00e7in idealdir.<\/p>\n","protected":false},"excerpt":{"rendered":"<p>El sens\u00f6rl\u00fc LED far, pratik kullan\u0131m ve g\u00fc\u00e7l\u00fc ayd\u0131nlatmay\u0131 bir araya getirir. Suya dayan\u0131kl\u0131 sens\u00f6r modu ile her hava ko\u015fulunda kullan\u0131labilir. 4 beyaz ve 2 k\u0131rm\u0131z\u0131 LED \u0131\u015f\u0131k ile \u00e7ok y\u00f6nl\u00fc kullan\u0131m sunar.Ayarlanabilir kafa band\u0131 ve nefes alabilen yap\u0131s\u0131 ile konforludur. 45 derece ayarlanabilir far ba\u015fl\u0131\u011f\u0131 sayesinde \u0131\u015f\u0131k y\u00f6n\u00fc kolayca ayarlanabilir. Kamp ve outdoor aktiviteler&#8230;<\/p>\n","protected":false},"featured_media":123185,"comment_status":"open","ping_status":"closed","template":"","meta":{"_kad_post_transparent":"","_kad_post_title":"","_kad_post_layout":"","_kad_post_sidebar_id":"","_kad_post_content_style":"","_kad_post_vertical_padding":"","_kad_post_feature":"","_kad_post_feature_position":"","_kad_post_header":false,"_kad_post_footer":false,"_kad_post_classname":""},"product_brand":[],"product_cat":[14979],"product_tag":[],"class_list":{"0":"post-123186","1":"product","2":"type-product","3":"status-publish","4":"has-post-thumbnail","6":"product_cat-kafa-lambasi-kafa-lambasi","8":"first","9":"instock","10":"purchasable","11":"product-type-simple","12":"entry","13":"content-bg","14":"loop-entry"},"_links":{"self":[{"href":"https:\/\/www.hediyepazar.com\/index.php?rest_route=\/wp\/v2\/product\/123186","targetHints":{"allow":["GET"]}}],"collection":[{"href":"https:\/\/www.hediyepazar.com\/index.php?rest_route=\/wp\/v2\/product"}],"about":[{"href":"https:\/\/www.hediyepazar.com\/index.php?rest_route=\/wp\/v2\/types\/product"}],"replies":[{"embeddable":true,"href":"https:\/\/www.hediyepazar.com\/index.php?rest_route=%2Fwp%2Fv2%2Fcomments&post=123186"}],"wp:featuredmedia":[{"embeddable":true,"href":"https:\/\/www.hediyepazar.com\/index.php?rest_route=\/wp\/v2\/media\/123185"}],"wp:attachment":[{"href":"https:\/\/www.hediyepazar.com\/index.php?rest_route=%2Fwp%2Fv2%2Fmedia&parent=123186"}],"wp:term":[{"taxonomy":"product_brand","embeddable":true,"href":"https:\/\/www.hediyepazar.com\/index.php?rest_route=%2Fwp%2Fv2%2Fproduct_brand&post=123186"},{"taxonomy":"product_cat","embeddable":true,"href":"https:\/\/www.hediyepazar.com\/index.php?rest_route=%2Fwp%2Fv2%2Fproduct_cat&post=123186"},{"taxonomy":"product_tag","embeddable":true,"href":"https:\/\/www.hediyepazar.com\/index.php?rest_route=%2Fwp%2Fv2%2Fproduct_tag&post=123186"}],"curies":[{"name":"wp","href":"https:\/\/api.w.org\/{rel}","templated":true}]}}