{"id":123190,"date":"2026-05-06T12:03:21","date_gmt":"2026-05-06T15:03:21","guid":{"rendered":"https:\/\/www.hediyepazar.com\/?product=sarj-edilebilir-led-far-hareket-sensorlu-5-modlu-outdoor"},"modified":"2026-05-06T12:03:21","modified_gmt":"2026-05-06T15:03:21","slug":"sarj-edilebilir-led-far-hareket-sensorlu-5-modlu-outdoor","status":"publish","type":"product","link":"https:\/\/www.hediyepazar.com\/?product=sarj-edilebilir-led-far-hareket-sensorlu-5-modlu-outdoor","title":{"rendered":"\u015earj Edilebilir LED Far Hareket Sens\u00f6rl\u00fc 5 Modlu Outdoor"},"content":{"rendered":"<p>\u015earj edilebilir sens\u00f6rl\u00fc LED far, kullan\u0131c\u0131 dostu \u00f6zellikleriyle her ortamda g\u00fcvenilir bir ayd\u0131nlatma sunar. Dahili hareket sens\u00f6r\u00fc, \u00fcr\u00fcn\u00fc dokunmadan kontrol etmenizi sa\u011flar ve \u00f6zellikle eldivenle kullan\u0131mda b\u00fcy\u00fck kolayl\u0131k sa\u011flar. Suya dayan\u0131kl\u0131 sens\u00f6r sistemi sayesinde k\u00f6t\u00fc hava ko\u015fullar\u0131nda bile performans\u0131n\u0131 korur.4 beyaz ve 2 k\u0131rm\u0131z\u0131 LED \u0131\u015f\u0131k boncu\u011fu ile g\u00fc\u00e7l\u00fc ve dengeli bir \u0131\u015f\u0131k sunar. Beyaz \u0131\u015f\u0131k geni\u015f alanlar\u0131 ayd\u0131nlat\u0131rken, k\u0131rm\u0131z\u0131 \u0131\u015f\u0131k gece g\u00f6r\u00fc\u015f\u00fcn\u00fc korur. \u00c7oklu ayd\u0131nlatma modu ile farkl\u0131 kullan\u0131m senaryolar\u0131na uyum sa\u011flar.Ayarlanabilir kafa band\u0131 ve 45 derece e\u011filebilir far ba\u015fl\u0131\u011f\u0131 sayesinde \u0131\u015f\u0131\u011f\u0131 ihtiyac\u0131n\u0131za g\u00f6re y\u00f6nlendirebilirsiniz. Nefes alabilen kafa band\u0131 uzun s\u00fcreli kullan\u0131mlarda konfor sa\u011flar. \u00c7ocuklar ve yeti\u015fkinler i\u00e7in uygundur.Be\u015f modlu ayd\u0131nlatma sistemi ile farkl\u0131 \u0131\u015f\u0131k kombinasyonlar\u0131 sunar. Kamp, y\u00fcr\u00fcy\u00fc\u015f, bal\u0131k\u00e7\u0131l\u0131k ve a\u00e7\u0131k hava etkinlikleri i\u00e7in vazge\u00e7ilmez bir yard\u0131mc\u0131d\u0131r.<\/p>\n","protected":false},"excerpt":{"rendered":"<p>\u015earj edilebilir sens\u00f6rl\u00fc LED far, kullan\u0131c\u0131 dostu \u00f6zellikleriyle her ortamda g\u00fcvenilir bir ayd\u0131nlatma sunar. Dahili hareket sens\u00f6r\u00fc, \u00fcr\u00fcn\u00fc dokunmadan kontrol etmenizi sa\u011flar ve \u00f6zellikle eldivenle kullan\u0131mda b\u00fcy\u00fck kolayl\u0131k sa\u011flar. Suya dayan\u0131kl\u0131 sens\u00f6r sistemi sayesinde k\u00f6t\u00fc hava ko\u015fullar\u0131nda bile performans\u0131n\u0131 korur.4 beyaz ve 2 k\u0131rm\u0131z\u0131 LED \u0131\u015f\u0131k boncu\u011fu ile g\u00fc\u00e7l\u00fc ve dengeli bir \u0131\u015f\u0131k sunar. Beyaz&#8230;<\/p>\n","protected":false},"featured_media":123189,"comment_status":"open","ping_status":"closed","template":"","meta":{"_kad_post_transparent":"","_kad_post_title":"","_kad_post_layout":"","_kad_post_sidebar_id":"","_kad_post_content_style":"","_kad_post_vertical_padding":"","_kad_post_feature":"","_kad_post_feature_position":"","_kad_post_header":false,"_kad_post_footer":false,"_kad_post_classname":""},"product_brand":[],"product_cat":[14979],"product_tag":[],"class_list":{"0":"post-123190","1":"product","2":"type-product","3":"status-publish","4":"has-post-thumbnail","6":"product_cat-kafa-lambasi-kafa-lambasi","8":"first","9":"instock","10":"purchasable","11":"product-type-simple","12":"entry","13":"content-bg","14":"loop-entry"},"_links":{"self":[{"href":"https:\/\/www.hediyepazar.com\/index.php?rest_route=\/wp\/v2\/product\/123190","targetHints":{"allow":["GET"]}}],"collection":[{"href":"https:\/\/www.hediyepazar.com\/index.php?rest_route=\/wp\/v2\/product"}],"about":[{"href":"https:\/\/www.hediyepazar.com\/index.php?rest_route=\/wp\/v2\/types\/product"}],"replies":[{"embeddable":true,"href":"https:\/\/www.hediyepazar.com\/index.php?rest_route=%2Fwp%2Fv2%2Fcomments&post=123190"}],"wp:featuredmedia":[{"embeddable":true,"href":"https:\/\/www.hediyepazar.com\/index.php?rest_route=\/wp\/v2\/media\/123189"}],"wp:attachment":[{"href":"https:\/\/www.hediyepazar.com\/index.php?rest_route=%2Fwp%2Fv2%2Fmedia&parent=123190"}],"wp:term":[{"taxonomy":"product_brand","embeddable":true,"href":"https:\/\/www.hediyepazar.com\/index.php?rest_route=%2Fwp%2Fv2%2Fproduct_brand&post=123190"},{"taxonomy":"product_cat","embeddable":true,"href":"https:\/\/www.hediyepazar.com\/index.php?rest_route=%2Fwp%2Fv2%2Fproduct_cat&post=123190"},{"taxonomy":"product_tag","embeddable":true,"href":"https:\/\/www.hediyepazar.com\/index.php?rest_route=%2Fwp%2Fv2%2Fproduct_tag&post=123190"}],"curies":[{"name":"wp","href":"https:\/\/api.w.org\/{rel}","templated":true}]}}