{"id":123192,"date":"2026-05-06T12:04:56","date_gmt":"2026-05-06T15:04:56","guid":{"rendered":"https:\/\/www.hediyepazar.com\/?product=sensorlu-led-kafa-lambasi-kirmizi-beyaz-isik-ayarlanabilir"},"modified":"2026-05-06T12:04:56","modified_gmt":"2026-05-06T15:04:56","slug":"sensorlu-led-kafa-lambasi-kirmizi-beyaz-isik-ayarlanabilir","status":"publish","type":"product","link":"https:\/\/www.hediyepazar.com\/?product=sensorlu-led-kafa-lambasi-kirmizi-beyaz-isik-ayarlanabilir","title":{"rendered":"Sens\u00f6rl\u00fc LED Kafa Lambas\u0131 K\u0131rm\u0131z\u0131 Beyaz I\u015f\u0131k Ayarlanabilir"},"content":{"rendered":"<p>Sens\u00f6rl\u00fc LED kafa lambas\u0131, modern tasar\u0131m\u0131 ve fonksiyonel \u00f6zellikleriyle d\u0131\u015f mekan aktivitelerinde maksimum konfor sunar. Dahili hareket sens\u00f6r\u00fc sayesinde \u0131\u015f\u0131\u011f\u0131 dokunmadan kontrol edebilir, elinizi sallayarak a\u00e7\u0131p kapatabilirsiniz. Suya dayan\u0131kl\u0131 sens\u00f6r yap\u0131s\u0131 sayesinde ya\u011fmur ve karl\u0131 havalarda dahi g\u00fcvenle kullan\u0131labilir.Bu model, 4 beyaz ve 2 k\u0131rm\u0131z\u0131 LED \u0131\u015f\u0131k boncu\u011fu ile donat\u0131lm\u0131\u015ft\u0131r. Beyaz LED\u2019ler g\u00fc\u00e7l\u00fc ayd\u0131nlatma sa\u011flarken, k\u0131rm\u0131z\u0131 LED\u2019ler gece g\u00f6r\u00fc\u015f\u00fcn\u00fc bozmaz ve \u00f6zellikle kamp alanlar\u0131nda b\u00fcy\u00fck avantaj sunar. \u00c7oklu ayd\u0131nlatma modu sayesinde farkl\u0131 ortamlara ve ihtiya\u00e7lara uygun \u0131\u015f\u0131k ayar\u0131 yap\u0131labilir.Ayarlanabilir, nefes alabilen kafa band\u0131 sayesinde uzun s\u00fcreli kullan\u0131mlarda dahi rahats\u0131zl\u0131k vermez. Hafif yap\u0131s\u0131 ile ba\u015fta a\u011f\u0131rl\u0131k yapmaz ve kayma yapmadan sabit durur. 45 derece ayarlanabilir far a\u00e7\u0131s\u0131, \u0131\u015f\u0131\u011f\u0131 istenilen y\u00f6ne odaklamay\u0131 m\u00fcmk\u00fcn k\u0131lar.Be\u015f farkl\u0131 ayd\u0131nlatma modu ile ana \u0131\u015f\u0131k ve yard\u0131mc\u0131 \u0131\u015f\u0131klar ayr\u0131 ayr\u0131 kontrol edilebilir. Alg\u0131lama d\u00fc\u011fmesi sayesinde t\u00fcm modlar sens\u00f6rle \u00e7al\u0131\u015ft\u0131r\u0131labilir. Kamp, y\u00fcr\u00fcy\u00fc\u015f, da\u011fc\u0131l\u0131k, bal\u0131k tutma, bisiklet ve tamir i\u015fleri i\u00e7in ideal bir \u00e7\u00f6z\u00fcmd\u00fcr.<\/p>\n","protected":false},"excerpt":{"rendered":"<p>Sens\u00f6rl\u00fc LED kafa lambas\u0131, modern tasar\u0131m\u0131 ve fonksiyonel \u00f6zellikleriyle d\u0131\u015f mekan aktivitelerinde maksimum konfor sunar. Dahili hareket sens\u00f6r\u00fc sayesinde \u0131\u015f\u0131\u011f\u0131 dokunmadan kontrol edebilir, elinizi sallayarak a\u00e7\u0131p kapatabilirsiniz. Suya dayan\u0131kl\u0131 sens\u00f6r yap\u0131s\u0131 sayesinde ya\u011fmur ve karl\u0131 havalarda dahi g\u00fcvenle kullan\u0131labilir.Bu model, 4 beyaz ve 2 k\u0131rm\u0131z\u0131 LED \u0131\u015f\u0131k boncu\u011fu ile donat\u0131lm\u0131\u015ft\u0131r. Beyaz LED\u2019ler g\u00fc\u00e7l\u00fc ayd\u0131nlatma sa\u011flarken,&#8230;<\/p>\n","protected":false},"featured_media":123191,"comment_status":"open","ping_status":"closed","template":"","meta":{"_kad_post_transparent":"","_kad_post_title":"","_kad_post_layout":"","_kad_post_sidebar_id":"","_kad_post_content_style":"","_kad_post_vertical_padding":"","_kad_post_feature":"","_kad_post_feature_position":"","_kad_post_header":false,"_kad_post_footer":false,"_kad_post_classname":""},"product_brand":[],"product_cat":[14979],"product_tag":[],"class_list":{"0":"post-123192","1":"product","2":"type-product","3":"status-publish","4":"has-post-thumbnail","6":"product_cat-kafa-lambasi-kafa-lambasi","8":"first","9":"instock","10":"purchasable","11":"product-type-simple","12":"entry","13":"content-bg","14":"loop-entry"},"_links":{"self":[{"href":"https:\/\/www.hediyepazar.com\/index.php?rest_route=\/wp\/v2\/product\/123192","targetHints":{"allow":["GET"]}}],"collection":[{"href":"https:\/\/www.hediyepazar.com\/index.php?rest_route=\/wp\/v2\/product"}],"about":[{"href":"https:\/\/www.hediyepazar.com\/index.php?rest_route=\/wp\/v2\/types\/product"}],"replies":[{"embeddable":true,"href":"https:\/\/www.hediyepazar.com\/index.php?rest_route=%2Fwp%2Fv2%2Fcomments&post=123192"}],"wp:featuredmedia":[{"embeddable":true,"href":"https:\/\/www.hediyepazar.com\/index.php?rest_route=\/wp\/v2\/media\/123191"}],"wp:attachment":[{"href":"https:\/\/www.hediyepazar.com\/index.php?rest_route=%2Fwp%2Fv2%2Fmedia&parent=123192"}],"wp:term":[{"taxonomy":"product_brand","embeddable":true,"href":"https:\/\/www.hediyepazar.com\/index.php?rest_route=%2Fwp%2Fv2%2Fproduct_brand&post=123192"},{"taxonomy":"product_cat","embeddable":true,"href":"https:\/\/www.hediyepazar.com\/index.php?rest_route=%2Fwp%2Fv2%2Fproduct_cat&post=123192"},{"taxonomy":"product_tag","embeddable":true,"href":"https:\/\/www.hediyepazar.com\/index.php?rest_route=%2Fwp%2Fv2%2Fproduct_tag&post=123192"}],"curies":[{"name":"wp","href":"https:\/\/api.w.org\/{rel}","templated":true}]}}