{"id":123198,"date":"2026-05-06T12:05:12","date_gmt":"2026-05-06T15:05:12","guid":{"rendered":"https:\/\/www.hediyepazar.com\/?product=sensorlu-led-kafa-feneri-sarj-edilebilir-manyetik-eller-serbest"},"modified":"2026-05-06T12:05:12","modified_gmt":"2026-05-06T15:05:12","slug":"sensorlu-led-kafa-feneri-sarj-edilebilir-manyetik-eller-serbest","status":"publish","type":"product","link":"https:\/\/www.hediyepazar.com\/?product=sensorlu-led-kafa-feneri-sarj-edilebilir-manyetik-eller-serbest","title":{"rendered":"Sens\u00f6rl\u00fc LED Kafa Feneri \u015earj Edilebilir Manyetik Eller Serbest"},"content":{"rendered":"<p>Kamp ve outdoor aktiviteler i\u00e7in tasarlanan LED far, g\u00fc\u00e7l\u00fc ayd\u0131nlatmas\u0131 ve \u00e7ok y\u00f6nl\u00fc kullan\u0131m\u0131yla \u00f6ne \u00e7\u0131kar. Far, el feneri ve \u00e7al\u0131\u015fma lambas\u0131 olarak kullan\u0131labilen bu \u00fcr\u00fcn, farkl\u0131 ihtiya\u00e7lara pratik \u00e7\u00f6z\u00fcmler sunar.\u015earj edilebilir 1200 mAh bataryas\u0131 sayesinde uzun s\u00fcreli kullan\u0131m sa\u011flar. Tek \u015farj ile 10 saate kadar \u00e7al\u0131\u015fma s\u00fcresi sunar. USB \u015farj deste\u011fi sayesinde her ortamda kolayca \u015farj edilebilir.Manyetik klips, \u00fcr\u00fcn\u00fc metal y\u00fczeylere sabitleyerek eller serbest kullan\u0131m sa\u011flar. Sens\u00f6rl\u00fc kontrol sistemi sayesinde dokunmadan a\u00e7ma-kapama yap\u0131labilir. Ayarlanabilir kafa band\u0131, konforlu ve g\u00fcvenli kullan\u0131m sunar.Hafif ve dayan\u0131kl\u0131 yap\u0131s\u0131 sayesinde outdoor ko\u015fullara uygundur. Kompakt tasar\u0131m\u0131 ile \u00e7antan\u0131zda fazla yer kaplamaz. G\u00fc\u00e7l\u00fc, pratik ve kullan\u0131\u015fl\u0131 bir ayd\u0131nlatma \u00e7\u00f6z\u00fcm\u00fcd\u00fcr.<\/p>\n","protected":false},"excerpt":{"rendered":"<p>Kamp ve outdoor aktiviteler i\u00e7in tasarlanan LED far, g\u00fc\u00e7l\u00fc ayd\u0131nlatmas\u0131 ve \u00e7ok y\u00f6nl\u00fc kullan\u0131m\u0131yla \u00f6ne \u00e7\u0131kar. Far, el feneri ve \u00e7al\u0131\u015fma lambas\u0131 olarak kullan\u0131labilen bu \u00fcr\u00fcn, farkl\u0131 ihtiya\u00e7lara pratik \u00e7\u00f6z\u00fcmler sunar.\u015earj edilebilir 1200 mAh bataryas\u0131 sayesinde uzun s\u00fcreli kullan\u0131m sa\u011flar. Tek \u015farj ile 10 saate kadar \u00e7al\u0131\u015fma s\u00fcresi sunar. USB \u015farj deste\u011fi sayesinde her ortamda&#8230;<\/p>\n","protected":false},"featured_media":123197,"comment_status":"open","ping_status":"closed","template":"","meta":{"_kad_post_transparent":"","_kad_post_title":"","_kad_post_layout":"","_kad_post_sidebar_id":"","_kad_post_content_style":"","_kad_post_vertical_padding":"","_kad_post_feature":"","_kad_post_feature_position":"","_kad_post_header":false,"_kad_post_footer":false,"_kad_post_classname":""},"product_brand":[],"product_cat":[14979],"product_tag":[],"class_list":{"0":"post-123198","1":"product","2":"type-product","3":"status-publish","4":"has-post-thumbnail","6":"product_cat-kafa-lambasi-kafa-lambasi","8":"first","9":"instock","10":"purchasable","11":"product-type-simple","12":"entry","13":"content-bg","14":"loop-entry"},"_links":{"self":[{"href":"https:\/\/www.hediyepazar.com\/index.php?rest_route=\/wp\/v2\/product\/123198","targetHints":{"allow":["GET"]}}],"collection":[{"href":"https:\/\/www.hediyepazar.com\/index.php?rest_route=\/wp\/v2\/product"}],"about":[{"href":"https:\/\/www.hediyepazar.com\/index.php?rest_route=\/wp\/v2\/types\/product"}],"replies":[{"embeddable":true,"href":"https:\/\/www.hediyepazar.com\/index.php?rest_route=%2Fwp%2Fv2%2Fcomments&post=123198"}],"wp:featuredmedia":[{"embeddable":true,"href":"https:\/\/www.hediyepazar.com\/index.php?rest_route=\/wp\/v2\/media\/123197"}],"wp:attachment":[{"href":"https:\/\/www.hediyepazar.com\/index.php?rest_route=%2Fwp%2Fv2%2Fmedia&parent=123198"}],"wp:term":[{"taxonomy":"product_brand","embeddable":true,"href":"https:\/\/www.hediyepazar.com\/index.php?rest_route=%2Fwp%2Fv2%2Fproduct_brand&post=123198"},{"taxonomy":"product_cat","embeddable":true,"href":"https:\/\/www.hediyepazar.com\/index.php?rest_route=%2Fwp%2Fv2%2Fproduct_cat&post=123198"},{"taxonomy":"product_tag","embeddable":true,"href":"https:\/\/www.hediyepazar.com\/index.php?rest_route=%2Fwp%2Fv2%2Fproduct_tag&post=123198"}],"curies":[{"name":"wp","href":"https:\/\/api.w.org\/{rel}","templated":true}]}}