{"id":123206,"date":"2026-05-06T12:05:34","date_gmt":"2026-05-06T15:05:34","guid":{"rendered":"https:\/\/www.hediyepazar.com\/?product=okuyan-cift-figurlu-dekoratif-gece-lambasi-hediye-secenegi"},"modified":"2026-05-06T12:05:34","modified_gmt":"2026-05-06T15:05:34","slug":"okuyan-cift-figurlu-dekoratif-gece-lambasi-hediye-secenegi","status":"publish","type":"product","link":"https:\/\/www.hediyepazar.com\/?product=okuyan-cift-figurlu-dekoratif-gece-lambasi-hediye-secenegi","title":{"rendered":"Okuyan \u00c7ift Fig\u00fcrl\u00fc Dekoratif Gece Lambas\u0131 Hediye Se\u00e7ene\u011fi"},"content":{"rendered":"<p>Okuyan \u00c7ift Fig\u00fcrl\u00fc Dekoratif Gece Lambas\u0131, romantik atmosfer yaratmak isteyenler i\u00e7in tasarlanm\u0131\u015ft\u0131r. Yumu\u015fak LED \u0131\u015f\u0131\u011f\u0131, bulundu\u011fu ortama s\u0131cakl\u0131k katar ve huzurlu bir ayd\u0131nlatma sa\u011flar. Kitap okuyan \u00e7ift fig\u00fcr\u00fc, sevgi ve sakinli\u011fi simgeler.Dekoratif masa lambas\u0131 olarak kullan\u0131labilen \u00fcr\u00fcn, komodin ve raflarda estetik bir g\u00f6r\u00fcn\u00fcm sunar. LED ayd\u0131nlatma sistemi enerji tasarrufludur ve uzun \u00f6m\u00fcrl\u00fc kullan\u0131m sa\u011flar. Re\u00e7ine malzemeden \u00fcretilmi\u015f fig\u00fcr, sa\u011flam ve dayan\u0131kl\u0131d\u0131r.Romantik dekorasyon sevenler i\u00e7in \u00f6zel olarak tasarlanm\u0131\u015f bu \u00fcr\u00fcn, Sevgililer G\u00fcn\u00fc ve y\u0131ld\u00f6n\u00fcm\u00fc gibi \u00f6zel g\u00fcnler i\u00e7in ideal bir hediyedir. Ev dekorasyonuna duygusal bir dokunu\u015f katar.<\/p>\n","protected":false},"excerpt":{"rendered":"<p>Okuyan \u00c7ift Fig\u00fcrl\u00fc Dekoratif Gece Lambas\u0131, romantik atmosfer yaratmak isteyenler i\u00e7in tasarlanm\u0131\u015ft\u0131r. Yumu\u015fak LED \u0131\u015f\u0131\u011f\u0131, bulundu\u011fu ortama s\u0131cakl\u0131k katar ve huzurlu bir ayd\u0131nlatma sa\u011flar. Kitap okuyan \u00e7ift fig\u00fcr\u00fc, sevgi ve sakinli\u011fi simgeler.Dekoratif masa lambas\u0131 olarak kullan\u0131labilen \u00fcr\u00fcn, komodin ve raflarda estetik bir g\u00f6r\u00fcn\u00fcm sunar. LED ayd\u0131nlatma sistemi enerji tasarrufludur ve uzun \u00f6m\u00fcrl\u00fc kullan\u0131m sa\u011flar. Re\u00e7ine&#8230;<\/p>\n","protected":false},"featured_media":123205,"comment_status":"open","ping_status":"closed","template":"","meta":{"_kad_post_transparent":"","_kad_post_title":"","_kad_post_layout":"","_kad_post_sidebar_id":"","_kad_post_content_style":"","_kad_post_vertical_padding":"","_kad_post_feature":"","_kad_post_feature_position":"","_kad_post_header":false,"_kad_post_footer":false,"_kad_post_classname":""},"product_brand":[],"product_cat":[14967],"product_tag":[],"class_list":{"0":"post-123206","1":"product","2":"type-product","3":"status-publish","4":"has-post-thumbnail","6":"product_cat-gece-lambasi-gece-lambasi","8":"first","9":"instock","10":"purchasable","11":"product-type-simple","12":"entry","13":"content-bg","14":"loop-entry"},"_links":{"self":[{"href":"https:\/\/www.hediyepazar.com\/index.php?rest_route=\/wp\/v2\/product\/123206","targetHints":{"allow":["GET"]}}],"collection":[{"href":"https:\/\/www.hediyepazar.com\/index.php?rest_route=\/wp\/v2\/product"}],"about":[{"href":"https:\/\/www.hediyepazar.com\/index.php?rest_route=\/wp\/v2\/types\/product"}],"replies":[{"embeddable":true,"href":"https:\/\/www.hediyepazar.com\/index.php?rest_route=%2Fwp%2Fv2%2Fcomments&post=123206"}],"wp:featuredmedia":[{"embeddable":true,"href":"https:\/\/www.hediyepazar.com\/index.php?rest_route=\/wp\/v2\/media\/123205"}],"wp:attachment":[{"href":"https:\/\/www.hediyepazar.com\/index.php?rest_route=%2Fwp%2Fv2%2Fmedia&parent=123206"}],"wp:term":[{"taxonomy":"product_brand","embeddable":true,"href":"https:\/\/www.hediyepazar.com\/index.php?rest_route=%2Fwp%2Fv2%2Fproduct_brand&post=123206"},{"taxonomy":"product_cat","embeddable":true,"href":"https:\/\/www.hediyepazar.com\/index.php?rest_route=%2Fwp%2Fv2%2Fproduct_cat&post=123206"},{"taxonomy":"product_tag","embeddable":true,"href":"https:\/\/www.hediyepazar.com\/index.php?rest_route=%2Fwp%2Fv2%2Fproduct_tag&post=123206"}],"curies":[{"name":"wp","href":"https:\/\/api.w.org\/{rel}","templated":true}]}}