{"id":123218,"date":"2026-05-06T12:06:15","date_gmt":"2026-05-06T15:06:15","guid":{"rendered":"https:\/\/www.hediyepazar.com\/?product=sevgililer-gunu-icin-romantik-cift-figurlu-dekoratif-gece-lambasi"},"modified":"2026-05-06T12:06:15","modified_gmt":"2026-05-06T15:06:15","slug":"sevgililer-gunu-icin-romantik-cift-figurlu-dekoratif-gece-lambasi","status":"publish","type":"product","link":"https:\/\/www.hediyepazar.com\/?product=sevgililer-gunu-icin-romantik-cift-figurlu-dekoratif-gece-lambasi","title":{"rendered":"Sevgililer G\u00fcn\u00fc \u0130\u00e7in Romantik \u00c7ift Fig\u00fcrl\u00fc Dekoratif Gece Lambas\u0131"},"content":{"rendered":"<p>El ele tutu\u015fan \u00e7ift fig\u00fcr\u00fcyle tasarlanan bu romantik gece lambas\u0131, sevginin s\u0131cakl\u0131\u011f\u0131n\u0131 ev dekorasyonuna ta\u015f\u0131r. Sandal model tasar\u0131m\u0131, \u00fcr\u00fcne \u00f6zg\u00fcn ve estetik bir g\u00f6r\u00fcn\u00fcm kazand\u0131r\u0131r. Yumu\u015fak LED \u0131\u015f\u0131k, g\u00f6z yormayan bir ayd\u0131nlatma sunarak gece lambas\u0131 olarak ideal kullan\u0131m sa\u011flar.Hem modern hem romantik dekorasyon stilleriyle uyumlu olan bu \u00fcr\u00fcn, salon, yatak odas\u0131 veya \u00e7al\u0131\u015fma odas\u0131nda rahatl\u0131kla kullan\u0131labilir. Kaliteli re\u00e7ine malzemesi sayesinde sa\u011flam ve uzun \u00f6m\u00fcrl\u00fcd\u00fcr. Sevgilinize, e\u015finize veya \u00f6zel hissettirmek istedi\u011finiz sevdiklerinize verebilece\u011finiz anlaml\u0131 bir hediyedir.<\/p>\n","protected":false},"excerpt":{"rendered":"<p>El ele tutu\u015fan \u00e7ift fig\u00fcr\u00fcyle tasarlanan bu romantik gece lambas\u0131, sevginin s\u0131cakl\u0131\u011f\u0131n\u0131 ev dekorasyonuna ta\u015f\u0131r. Sandal model tasar\u0131m\u0131, \u00fcr\u00fcne \u00f6zg\u00fcn ve estetik bir g\u00f6r\u00fcn\u00fcm kazand\u0131r\u0131r. Yumu\u015fak LED \u0131\u015f\u0131k, g\u00f6z yormayan bir ayd\u0131nlatma sunarak gece lambas\u0131 olarak ideal kullan\u0131m sa\u011flar.Hem modern hem romantik dekorasyon stilleriyle uyumlu olan bu \u00fcr\u00fcn, salon, yatak odas\u0131 veya \u00e7al\u0131\u015fma odas\u0131nda rahatl\u0131kla&#8230;<\/p>\n","protected":false},"featured_media":123217,"comment_status":"open","ping_status":"closed","template":"","meta":{"_kad_post_transparent":"","_kad_post_title":"","_kad_post_layout":"","_kad_post_sidebar_id":"","_kad_post_content_style":"","_kad_post_vertical_padding":"","_kad_post_feature":"","_kad_post_feature_position":"","_kad_post_header":false,"_kad_post_footer":false,"_kad_post_classname":""},"product_brand":[],"product_cat":[14967],"product_tag":[],"class_list":{"0":"post-123218","1":"product","2":"type-product","3":"status-publish","4":"has-post-thumbnail","6":"product_cat-gece-lambasi-gece-lambasi","8":"first","9":"instock","10":"purchasable","11":"product-type-simple","12":"entry","13":"content-bg","14":"loop-entry"},"_links":{"self":[{"href":"https:\/\/www.hediyepazar.com\/index.php?rest_route=\/wp\/v2\/product\/123218","targetHints":{"allow":["GET"]}}],"collection":[{"href":"https:\/\/www.hediyepazar.com\/index.php?rest_route=\/wp\/v2\/product"}],"about":[{"href":"https:\/\/www.hediyepazar.com\/index.php?rest_route=\/wp\/v2\/types\/product"}],"replies":[{"embeddable":true,"href":"https:\/\/www.hediyepazar.com\/index.php?rest_route=%2Fwp%2Fv2%2Fcomments&post=123218"}],"wp:featuredmedia":[{"embeddable":true,"href":"https:\/\/www.hediyepazar.com\/index.php?rest_route=\/wp\/v2\/media\/123217"}],"wp:attachment":[{"href":"https:\/\/www.hediyepazar.com\/index.php?rest_route=%2Fwp%2Fv2%2Fmedia&parent=123218"}],"wp:term":[{"taxonomy":"product_brand","embeddable":true,"href":"https:\/\/www.hediyepazar.com\/index.php?rest_route=%2Fwp%2Fv2%2Fproduct_brand&post=123218"},{"taxonomy":"product_cat","embeddable":true,"href":"https:\/\/www.hediyepazar.com\/index.php?rest_route=%2Fwp%2Fv2%2Fproduct_cat&post=123218"},{"taxonomy":"product_tag","embeddable":true,"href":"https:\/\/www.hediyepazar.com\/index.php?rest_route=%2Fwp%2Fv2%2Fproduct_tag&post=123218"}],"curies":[{"name":"wp","href":"https:\/\/api.w.org\/{rel}","templated":true}]}}