{"id":123220,"date":"2026-05-06T12:06:20","date_gmt":"2026-05-06T15:06:20","guid":{"rendered":"https:\/\/www.hediyepazar.com\/?product=romantik-sandal-uzerinde-cift-figuru-led-gece-lambasi-masa-dekoru"},"modified":"2026-05-06T12:06:20","modified_gmt":"2026-05-06T15:06:20","slug":"romantik-sandal-uzerinde-cift-figuru-led-gece-lambasi-masa-dekoru","status":"publish","type":"product","link":"https:\/\/www.hediyepazar.com\/?product=romantik-sandal-uzerinde-cift-figuru-led-gece-lambasi-masa-dekoru","title":{"rendered":"Romantik Sandal \u00dczerinde \u00c7ift Fig\u00fcr\u00fc LED Gece Lambas\u0131 Masa Dekoru"},"content":{"rendered":"<p>Romantik \u00c7ift Fig\u00fcrl\u00fc Dekoratif Gece Lambas\u0131, sevginizi ifade etmenin zarif yollar\u0131ndan biridir. Bankta veya sandalda el ele tutu\u015fan \u00e7ift fig\u00fcr\u00fc, birlikteli\u011fi ve romantizmi simgeler. Yumu\u015fak LED \u0131\u015f\u0131\u011f\u0131, gece saatlerinde lo\u015f ve sakin bir ayd\u0131nlatma sa\u011flayarak dinlendirici bir atmosfer olu\u015fturur.Dekoratif yap\u0131s\u0131 sayesinde sadece bir ayd\u0131nlatma \u00fcr\u00fcn\u00fc de\u011fil, ayn\u0131 zamanda anlaml\u0131 bir dekor objesidir. Masa, raf ve komodin \u00fczerinde kullan\u0131ma uygundur. Dayan\u0131kl\u0131 re\u00e7ine malzemeden \u00fcretilmi\u015f olmas\u0131, uzun s\u00fcreli kullan\u0131m imk\u00e2n\u0131 sunar. Evlilik y\u0131ld\u00f6n\u00fcm\u00fc, ni\u015fan, s\u00f6z veya Sevgililer G\u00fcn\u00fc i\u00e7in unutulmaz bir hediye alternatifi olarak \u00f6ne \u00e7\u0131kar.<\/p>\n","protected":false},"excerpt":{"rendered":"<p>Romantik \u00c7ift Fig\u00fcrl\u00fc Dekoratif Gece Lambas\u0131, sevginizi ifade etmenin zarif yollar\u0131ndan biridir. Bankta veya sandalda el ele tutu\u015fan \u00e7ift fig\u00fcr\u00fc, birlikteli\u011fi ve romantizmi simgeler. Yumu\u015fak LED \u0131\u015f\u0131\u011f\u0131, gece saatlerinde lo\u015f ve sakin bir ayd\u0131nlatma sa\u011flayarak dinlendirici bir atmosfer olu\u015fturur.Dekoratif yap\u0131s\u0131 sayesinde sadece bir ayd\u0131nlatma \u00fcr\u00fcn\u00fc de\u011fil, ayn\u0131 zamanda anlaml\u0131 bir dekor objesidir. Masa, raf ve&#8230;<\/p>\n","protected":false},"featured_media":123219,"comment_status":"open","ping_status":"closed","template":"","meta":{"_kad_post_transparent":"","_kad_post_title":"","_kad_post_layout":"","_kad_post_sidebar_id":"","_kad_post_content_style":"","_kad_post_vertical_padding":"","_kad_post_feature":"","_kad_post_feature_position":"","_kad_post_header":false,"_kad_post_footer":false,"_kad_post_classname":""},"product_brand":[],"product_cat":[14967],"product_tag":[],"class_list":{"0":"post-123220","1":"product","2":"type-product","3":"status-publish","4":"has-post-thumbnail","6":"product_cat-gece-lambasi-gece-lambasi","8":"first","9":"instock","10":"purchasable","11":"product-type-simple","12":"entry","13":"content-bg","14":"loop-entry"},"_links":{"self":[{"href":"https:\/\/www.hediyepazar.com\/index.php?rest_route=\/wp\/v2\/product\/123220","targetHints":{"allow":["GET"]}}],"collection":[{"href":"https:\/\/www.hediyepazar.com\/index.php?rest_route=\/wp\/v2\/product"}],"about":[{"href":"https:\/\/www.hediyepazar.com\/index.php?rest_route=\/wp\/v2\/types\/product"}],"replies":[{"embeddable":true,"href":"https:\/\/www.hediyepazar.com\/index.php?rest_route=%2Fwp%2Fv2%2Fcomments&post=123220"}],"wp:featuredmedia":[{"embeddable":true,"href":"https:\/\/www.hediyepazar.com\/index.php?rest_route=\/wp\/v2\/media\/123219"}],"wp:attachment":[{"href":"https:\/\/www.hediyepazar.com\/index.php?rest_route=%2Fwp%2Fv2%2Fmedia&parent=123220"}],"wp:term":[{"taxonomy":"product_brand","embeddable":true,"href":"https:\/\/www.hediyepazar.com\/index.php?rest_route=%2Fwp%2Fv2%2Fproduct_brand&post=123220"},{"taxonomy":"product_cat","embeddable":true,"href":"https:\/\/www.hediyepazar.com\/index.php?rest_route=%2Fwp%2Fv2%2Fproduct_cat&post=123220"},{"taxonomy":"product_tag","embeddable":true,"href":"https:\/\/www.hediyepazar.com\/index.php?rest_route=%2Fwp%2Fv2%2Fproduct_tag&post=123220"}],"curies":[{"name":"wp","href":"https:\/\/api.w.org\/{rel}","templated":true}]}}